{"id":71,"date":"2020-02-24T19:09:21","date_gmt":"2020-02-24T19:09:21","guid":{"rendered":"https:\/\/adiseal.com\/?page_id=71"},"modified":"2025-04-09T18:28:14","modified_gmt":"2025-04-09T17:28:14","slug":"home","status":"publish","type":"page","link":"https:\/\/adiseal.com\/fr\/","title":{"rendered":"Adiseal Ltd"},"content":{"rendered":"\n<h1 class=\"wp-block-heading\" id=\"h-produits-de-construction-professionnels-et-materiaux-de-construction\">Produits de construction professionnels et mat\u00e9riaux de construction<\/h1>\n\n\n\n<p>Adiseal Ltd est un fournisseur de produits de construction et de mat\u00e9riaux de construction de haute performance, y compris l&rsquo;adh\u00e9sif et le scellant Adiseal les plus r\u00e9sistants. Pour plus d&rsquo;informations sur les <a href=\"https:\/\/adiseal.com\/fr\/adhesive-sealant\/\">meilleurs adh\u00e9sifs<\/a> et scellants, consultez la page Adiseal.<\/p>\n\n\n\n<figure class=\"wp-block-image size-large\"><a href=\"https:\/\/adiseal.com\/fr\/adhesive-sealant\/\"><img loading=\"lazy\" decoding=\"async\" width=\"351\" height=\"351\" src=\"https:\/\/adiseal.com\/wp-content\/uploads\/2020\/09\/best_grab_adhesive_strongest.jpg\" alt=\"Meilleur adh\u00e9sif \u00e0 saisir. Adh\u00e9sif le plus fort dans un test ind\u00e9pendant de force d'adh\u00e9rence.\" class=\"wp-image-889\" srcset=\"https:\/\/adiseal.com\/wp-content\/uploads\/2020\/09\/best_grab_adhesive_strongest.jpg 351w, https:\/\/adiseal.com\/wp-content\/uploads\/2020\/09\/best_grab_adhesive_strongest-300x300.jpg 300w, https:\/\/adiseal.com\/wp-content\/uploads\/2020\/09\/best_grab_adhesive_strongest-150x150.jpg 150w, https:\/\/adiseal.com\/wp-content\/uploads\/2020\/09\/best_grab_adhesive_strongest-100x100.jpg 100w, https:\/\/adiseal.com\/wp-content\/uploads\/2020\/09\/best_grab_adhesive_strongest-275x275.jpg 275w\" sizes=\"auto, (max-width: 351px) 100vw, 351px\" \/><\/a><figcaption><br><\/figcaption><\/figure>\n\n\n\n<p><\/p>\n\n\n\n<p>Dans un test de force d&rsquo;adh\u00e9rence ind\u00e9pendant r\u00e9alis\u00e9 par Ultimate Handyman, Adiseal \u00e9tait bien plus r\u00e9sistant que la concurrence.<\/p>\n\n\n\n<figure class=\"wp-block-image size-large\"><img loading=\"lazy\" decoding=\"async\" width=\"548\" height=\"314\" src=\"https:\/\/adiseal.com\/wp-content\/uploads\/2020\/09\/best_grab_adhesive_test.jpg\" alt=\"R\u00e9sultat du test d'adh\u00e9rence forte. Adiseal \u00e9tait l'adh\u00e9sif le plus fort dans un test de force d'adh\u00e9rence ind\u00e9pendant effectu\u00e9 par Ultimate Handyman.\" class=\"wp-image-897\" srcset=\"https:\/\/adiseal.com\/wp-content\/uploads\/2020\/09\/best_grab_adhesive_test.jpg 548w, https:\/\/adiseal.com\/wp-content\/uploads\/2020\/09\/best_grab_adhesive_test-300x172.jpg 300w, https:\/\/adiseal.com\/wp-content\/uploads\/2020\/09\/best_grab_adhesive_test-410x235.jpg 410w, https:\/\/adiseal.com\/wp-content\/uploads\/2020\/09\/best_grab_adhesive_test-100x57.jpg 100w, https:\/\/adiseal.com\/wp-content\/uploads\/2020\/09\/best_grab_adhesive_test-275x158.jpg 275w\" sizes=\"auto, (max-width: 548px) 100vw, 548px\" \/><figcaption>Tableau des r\u00e9sultats des tests d&rsquo;adh\u00e9rence les plus forts. Adiseal \u00e9tait facilement le plus fort.<\/figcaption><\/figure>\n\n\n<figure class=\"wp-block-embed-youtube wp-block-embed is-type-video is-provider-youtube wp-embed-aspect-16-9 wp-has-aspect-ratio\"><div class=\"lyte-wrapper\" style=\"width:640px;max-width:100%;margin:5px;\"><div class=\"lyMe\" id=\"WYL_SoMrOWzB-zw\"><div id=\"lyte_SoMrOWzB-zw\" data-src=\"https:\/\/adiseal.com\/wp-content\/plugins\/wp-youtube-lyte\/lyteCache.php?origThumbUrl=%2F%2Fi.ytimg.com%2Fvi%2FSoMrOWzB-zw%2Fhqdefault.jpg\" class=\"pL\"><div class=\"tC\"><div class=\"tT\"><\/div><\/div><div class=\"play\"><\/div><div class=\"ctrl\"><div class=\"Lctrl\"><\/div><div class=\"Rctrl\"><\/div><\/div><\/div><noscript><a href=\"https:\/\/youtu.be\/SoMrOWzB-zw\" rel=\"nofollow\"><img loading=\"lazy\" decoding=\"async\" src=\"https:\/\/adiseal.com\/wp-content\/plugins\/wp-youtube-lyte\/lyteCache.php?origThumbUrl=https%3A%2F%2Fi.ytimg.com%2Fvi%2FSoMrOWzB-zw%2F0.jpg\" alt=\"YouTube video thumbnail\" width=\"640\" height=\"340\" \/><br \/>Lire cette vid\u00e9o sur YouTube<\/a><\/noscript><\/div><\/div><div class=\"lL\" style=\"max-width:100%;width:640px;margin:5px;\"><\/div><figcaption>Test d&rsquo;adh\u00e9rence le plus fort effectu\u00e9 par Ultimate Handyman<\/figcaption><\/figure>\n\n\n<p><br><\/p>\n\n\n\n<h2 class=\"wp-block-heading\" id=\"des-nouvelles\"><br>Des nouvelles<\/h2>\n\n\n\n<h2 class=\"wp-block-heading\" id=\"adiseal-vs-ct1-scellant-et-adhesif\">Adiseal vs CT1 scellant et adh\u00e9sif<\/h2>\n\n\n\n<p>Adiseal est meilleur que le <a href=\"https:\/\/adiseal.com\/fr\/adhesive-sealant\/#Adiseal_vs_CT1\">mastic et l&rsquo;adh\u00e9sif CT1<\/a>. Pour plus de d\u00e9tails sur la fa\u00e7on dont Adiseal est meilleur que CT1, visitez notre page sur les scellants adh\u00e9sifs. En plus d&rsquo;\u00eatre meilleur que CT1, Adiseal est \u00e9galement moins cher que le mastic et l&rsquo;adh\u00e9sif CT1. Pourquoi payer plus pour une marque moins performante qu&rsquo;Adiseal ?<br><\/p>\n\n\n\n<h4 class=\"wp-block-heading\" id=\"h-autres-nouvelles\">Autres nouvelles<\/h4>\n\n\n\n<p>Lors d&rsquo;un test visant \u00e0 comparer les mastics transparents dans l&rsquo;eau, un scellant et adh\u00e9sif transparent populaire d&rsquo;un concurrent est devenu blanc. <a href=\"https:\/\/adiseal.com\/fr\/clear-sealant\/\">Adiseal Ultra Clear<\/a> \u00e9tait le seul produit \u00e0 rester clair dans l&rsquo;eau.<\/p>\n\n\n\n<figure class=\"wp-block-image size-full\"><img loading=\"lazy\" decoding=\"async\" width=\"500\" height=\"281\" src=\"https:\/\/adiseal.com\/wp-content\/uploads\/2020\/02\/clear_sealant_comparison_in_water.jpg\" alt=\"Scellant clair dans la comparaison de l'eau. Adiseal est rest\u00e9 clair alors que le produit concurrent populaire, le scellant et adh\u00e9sif *** est devenu blanc dans l'eau.\" class=\"wp-image-10\" srcset=\"https:\/\/adiseal.com\/wp-content\/uploads\/2020\/02\/clear_sealant_comparison_in_water.jpg 500w, https:\/\/adiseal.com\/wp-content\/uploads\/2020\/02\/clear_sealant_comparison_in_water-300x169.jpg 300w\" sizes=\"auto, (max-width: 500px) 100vw, 500px\" \/><figcaption>Adiseal vs *** scellant et adh\u00e9sif.<\/figcaption><\/figure>\n\n\n\n<p><\/p>\n\n\n\n<figure class=\"wp-block-image size-full\"><img loading=\"lazy\" decoding=\"async\" width=\"750\" height=\"422\" src=\"https:\/\/adiseal.com\/wp-content\/uploads\/2020\/09\/Clear-sealant-test.jpg\" alt=\"Test de comparaison de scellant clair dans l'eau. Adiseal est rest\u00e9 le plus clair. Un produit concurrent populaire a \u00e9t\u00e9 le moins performant.\" class=\"wp-image-917\" srcset=\"https:\/\/adiseal.com\/wp-content\/uploads\/2020\/09\/Clear-sealant-test.jpg 750w, https:\/\/adiseal.com\/wp-content\/uploads\/2020\/09\/Clear-sealant-test-300x169.jpg 300w, https:\/\/adiseal.com\/wp-content\/uploads\/2020\/09\/Clear-sealant-test-700x394.jpg 700w, https:\/\/adiseal.com\/wp-content\/uploads\/2020\/09\/Clear-sealant-test-410x231.jpg 410w, https:\/\/adiseal.com\/wp-content\/uploads\/2020\/09\/Clear-sealant-test-100x56.jpg 100w, https:\/\/adiseal.com\/wp-content\/uploads\/2020\/09\/Clear-sealant-test-275x155.jpg 275w\" sizes=\"auto, (max-width: 750px) 100vw, 750px\" \/><figcaption>Effacer les r\u00e9sultats des tests d&rsquo;\u00e9tanch\u00e9it\u00e9 dans l&rsquo;eau. Adiseal est rest\u00e9 le plus clair.<\/figcaption><\/figure>\n\n\n\n<p><br><\/p>\n\n\n\n<p>Lors d&rsquo;un test de r\u00e9sistance \u00e0 la moisissure, le mastic et l&rsquo;adh\u00e9sif de la marque populaire du m\u00eame concurrent que ci-dessus ont moisi. L&rsquo;adh\u00e9sif et le mastic Adiseal sont rest\u00e9s sans moisissure.<\/p>\n\n\n\n<figure class=\"wp-block-image size-full\"><img loading=\"lazy\" decoding=\"async\" width=\"500\" height=\"281\" src=\"https:\/\/adiseal.com\/wp-content\/uploads\/2020\/02\/mould_resistance_comparison.jpg\" alt=\"R\u00e9sultat du test de comparaison de scellant anti-moisissure et de scellant r\u00e9sistant \u00e0 la moisissure.\" class=\"wp-image-9\" srcset=\"https:\/\/adiseal.com\/wp-content\/uploads\/2020\/02\/mould_resistance_comparison.jpg 500w, https:\/\/adiseal.com\/wp-content\/uploads\/2020\/02\/mould_resistance_comparison-300x169.jpg 300w\" sizes=\"auto, (max-width: 500px) 100vw, 500px\" \/><figcaption>Adiseal vs *** scellant et adh\u00e9sif.<\/figcaption><\/figure>\n\n\n\n<p>En plus de l&rsquo;adh\u00e9sif et du mastic Adiseal ayant une r\u00e9sistance \u00e0 la moisissure plus forte que le produit de marque populaire, Adiseal a \u00e9galement une protection des couleurs plus forte.<\/p>\n\n\n\n<p><\/p>\n\n\n\n<h2 class=\"wp-block-heading\" id=\"h-offre-de-metro-gratuite\">Offre de m\u00e9tro gratuite<\/h2>\n\n\n\n<p>Certains fabricants pr\u00e9tendent que leur produit est 360 % plus r\u00e9sistant, sans pouvoir le prouver. Nous disons, ne vous contentez pas d&rsquo;\u00e9couter le battage publicitaire des fabricants. Pour que vous puissiez tester Adiseal contre des concurrents comme le <a href=\"https:\/\/adiseal.com\/fr\/adhesive-sealant\/#Adiseal_vs_CT1\">mastic et l&rsquo;adh\u00e9sif CT1<\/a>, nous offrons 1 tube gratuit d&rsquo;adh\u00e9sif et de mastic Adiseal White 290 ml \u00e0 toute personne de m\u00e9tier au Royaume-Uni. Voir la page de l&rsquo;offre pour plus de d\u00e9tails.<\/p>\n\n\n\n<p><\/p>\n\n\n\n<p><br><\/p>\n\n\n\n<h2 class=\"wp-block-heading\" id=\"opportunite-de-distribution-exclusive\"><br>Opportunit\u00e9 de distribution exclusive<\/h2>\n\n\n\n<p>Saisissez l&rsquo;opportunit\u00e9 de devenir le distributeur exclusif pour votre pays. Les produits Adiseal sont d\u00e9sormais vendus dans le monde entier via <a href=\"http:\/\/www.guglue.com\">www.guglue.com<\/a>, il existe donc d\u00e9j\u00e0 une demande pour les produits Adiseal dans votre pays. Le potentiel est l\u00e0 pour faire tr\u00e8s bien en devenant le distributeur exclusif d&rsquo;Adiseal. Serez-vous celui qui saisira cette opportunit\u00e9 passionnante ? Veuillez <a href=\"https:\/\/adiseal.com\/fr\/about\/\">nous contacter<\/a> pour plus de d\u00e9tails.<\/p>\n\n\n\n<p>Adiseal Ltd est \u00e9galement le distributeur britannique de marques internationales. Si vous souhaitez que votre marque soit repr\u00e9sent\u00e9e au Royaume-Uni, contactez-nous. Adiseal Ltd peut offrir un service de distribution complet au Royaume-Uni, y compris l&rsquo;entreposage, la repr\u00e9sentation commerciale, le marketing et la livraison aux clients.<\/p>\n\n\n\n<p><\/p>\n\n\n\n<p><\/p>\n\n\n\n<p><\/p>\n\n\n\n<h2 class=\"wp-block-heading\" id=\"plus-d-information\">Plus d&rsquo;information<\/h2>\n\n\n\n<p>La plupart des produits Adiseal sont polyvalents et surpasseront les produits d\u00e9di\u00e9s d&rsquo;autres fabricants. Pour plus d&rsquo;informations sur l&rsquo;utilisation des produits Adiseal pour des applications sp\u00e9cifiques, cliquez sur les liens ci-dessous.<\/p>\n\n\n\n<p><a href=\"https:\/\/adiseal.com\/fr\/mirror-adhesive\/\">Meilleur adh\u00e9sif miroir<\/a><\/p>\n\n\n\n<p><a href=\"https:\/\/adiseal.com\/fr\/blog\/skirting-boards-adhesive\/\">Adh\u00e9sif le plus puissant pour les plinthes<\/a><\/p>\n\n\n\n<p><a href=\"https:\/\/adiseal.com\/fr\/blog\/anti-mould-sealant\/\">Le scellant le plus r\u00e9sistant \u00e0 la moisissure<\/a><\/p>\n\n\n\n<p><a href=\"https:\/\/adiseal.com\/fr\/concrete-adhesive\/\">Meilleur adh\u00e9sif sur b\u00e9ton<\/a><\/p>\n\n\n\n<p><a href=\"https:\/\/adiseal.com\/fr\/construction-adhesive\/\">Meilleur adh\u00e9sif de construction<\/a><\/p>\n\n\n\n<p><a href=\"https:\/\/adiseal.com\/fr\/wood-to-metal\/\">Coller du m\u00e9tal sur du bois<\/a><\/p>\n\n\n\n<p><a href=\"https:\/\/adiseal.com\/fr\/bond-metal\/\">Comment coller du m\u00e9tal<\/a><\/p>\n\n\n\n<p><a href=\"https:\/\/adiseal.com\/fr\/remove-adhesive-glue\/\">Enlever la colle adh\u00e9sive<\/a><\/p>\n\n\n\n<p><a href=\"https:\/\/adiseal.com\/fr\/glue-plastic\/\">Colle pour plastique<\/a><\/p>\n\n\n\n<p><a href=\"https:\/\/adiseal.com\/repair-gutter-leak\/\">R\u00e9parer <\/a><a href=\"https:\/\/adiseal.com\/fr\/repair-gutter-leak\/\">une <\/a><a href=\"https:\/\/adiseal.com\/repair-gutter-leak\/\">fuite de goutti\u00e8re<\/a><\/p>\n\n\n\n<p><a href=\"https:\/\/adiseal.com\/fr\/repair-felt-roof\/\">R\u00e9parer un toit en feutre<\/a><\/p>\n\n\n\n<p><a href=\"https:\/\/adiseal.com\/fr\/seal-lead\/\">Scellant au plomb<\/a><\/p>\n\n\n\n<p><a href=\"https:\/\/adiseal.com\/fr\/adhesive-for-artificial-grass\/\">Adh\u00e9sif pour gazon artificiel<\/a><\/p>\n\n\n\n<p><a href=\"https:\/\/adiseal.com\/fr\/glue-for-rubber\/\">Colle pour Caoutchouc<\/a><\/p>\n\n\n\n<p><a href=\"https:\/\/adiseal.com\/fr\/plastic-to-metal-glue\/\">Colle pour plastique sur m\u00e9tal<\/a><\/p>\n\n\n\n<p><a href=\"https:\/\/adiseal.com\/fr\/stick-stone\/\">B\u00e2ton de pierre<\/a><\/p>\n\n\n\n<p><a href=\"https:\/\/adiseal.com\/fr\/remove-sticker-glue-glass\/\">Comment enlever la colle autocollante du verre<\/a><\/p>\n\n\n\n<p><a href=\"https:\/\/adiseal.com\/fr\/roof-leak\/\">Fuite de toit<\/a><\/p>\n\n\n\n<p><a href=\"https:\/\/adiseal.com\/fr\/glue-ceramic\/\">Colle pour c\u00e9ramique<\/a><\/p>\n\n\n\n<p><a href=\"https:\/\/adiseal.com\/fr\/underwater-sealant\/\">Scellant sous-marin<\/a><\/p>\n\n\n\n<p><a href=\"https:\/\/adiseal.com\/fr\/glue-brick\/\">Colle pour brique<\/a><\/p>\n\n\n\n<p><a href=\"https:\/\/adiseal.com\/fr\/waterproof-sealant\/\">Scellant \u00e9tanche<\/a><\/p>\n\n\n\n<p><a href=\"https:\/\/adiseal.com\/fr\/clear-sealant\/\">Scellant transparent<\/a><\/p>\n\n\n\n<p><a href=\"https:\/\/adiseal.com\/fr\/black-sealant\/\">Mastic noir<\/a><\/p>\n\n\n\n<p><a href=\"https:\/\/adiseal.com\/fr\/grey-sealant\/\">Mastic gris<\/a><\/p>\n\n\n\n<p><a href=\"https:\/\/adiseal.com\/fr\/brown-sealant\/\">Mastic marron<\/a><\/p>\n\n\n\n<p><a href=\"https:\/\/adiseal.com\/fr\/pvc-adhesive\/\">Adh\u00e9sif PVC<\/a><\/p>\n\n\n\n<p><a href=\"https:\/\/adiseal.com\/fr\/wet-sealant\/\">Mastic humide<\/a><\/p>\n\n\n\n<p><a href=\"https:\/\/adiseal.com\/fr\/marble-adhesive\/\">Adh\u00e9sif pour marbre<\/a><\/p>\n\n\n\n<p><a href=\"https:\/\/adiseal.com\/fr\/tar-and-glue-remover\/\">D\u00e9capant de goudron et de colle<\/a><\/p>\n\n\n\n<p><a href=\"https:\/\/adiseal.com\/fr\/gap-filling-adhesive\/\">Adh\u00e9sif de remplissage d&rsquo;espace<\/a><\/p>\n\n\n\n<p><br><\/p>\n\n\n\n<p><a href=\"https:\/\/adiseal.com\/fr\/wall-plugs-for-plasterboard\/\">Chevilles murales pour plaques de pl\u00e2tre<\/a><\/p>\n\n\n\n<p><a href=\"https:\/\/adiseal.com\/fr\/pipe-clips\/\">Clips universels pour tuyau, c\u00e2ble ou conduit de diff\u00e9rentes tailles<\/a><\/p>\n\n\n\n<p><\/p>\n\n\n\n<p><a href=\"https:\/\/adiseal.com\/fr\/adhesive\/\">Guide d\u00e9taill\u00e9 sur les adh\u00e9sifs<\/a><\/p>\n","protected":false},"excerpt":{"rendered":"<p>Produits de construction professionnels et mat\u00e9riaux de construction Adiseal Ltd est un fournisseur de produits de construction et de mat\u00e9riaux de construction de haute performance, y compris l&rsquo;adh\u00e9sif et le scellant Adiseal les plus r\u00e9sistants. Pour plus d&rsquo;informations sur les meilleurs adh\u00e9sifs et scellants, consultez [&hellip;]<\/p>\n","protected":false},"author":1,"featured_media":0,"parent":0,"menu_order":0,"comment_status":"closed","ping_status":"closed","template":"","meta":{"footnotes":""},"class_list":["post-71","page","type-page","status-publish","hentry"],"translation":{"provider":"WPGlobus","version":"3.0.2","language":"fr","enabled_languages":["en","es","fr"],"languages":{"en":{"title":true,"content":true,"excerpt":false},"es":{"title":true,"content":true,"excerpt":false},"fr":{"title":true,"content":true,"excerpt":false}}},"yoast_head":"<!-- This site is optimized with the Yoast SEO Premium plugin v27.2 (Yoast SEO v27.3) - https:\/\/yoast.com\/product\/yoast-seo-premium-wordpress\/ -->\n<title>Adiseal | Produits de construction professionnels | Meilleur adh\u00e9sif \u00e0 saisir<\/title>\n<meta name=\"description\" content=\"Fournisseurs de produits de construction et de mat\u00e9riaux de construction de haute performance. Adh\u00e9sif et scellant le plus puissant. Distributeurs.\" \/>\n<meta name=\"robots\" content=\"index, follow, max-snippet:-1, max-image-preview:large, max-video-preview:-1\" \/>\n<link rel=\"canonical\" href=\"https:\/\/adiseal.com\/\" \/>\n<meta property=\"og:locale\" content=\"fr_FR\" \/>\n<meta property=\"og:type\" content=\"article\" \/>\n<meta property=\"og:title\" content=\"Adiseal | Produits de construction professionnels | Meilleur adh\u00e9sif \u00e0 saisir\" \/>\n<meta property=\"og:description\" content=\"Fournisseurs de produits de construction et de mat\u00e9riaux de construction de haute performance. Adh\u00e9sif et scellant le plus puissant. Distributeurs.\" \/>\n<meta property=\"og:url\" content=\"https:\/\/adiseal.com\/\" \/>\n<meta property=\"og:site_name\" content=\"Adiseal\" \/>\n<meta property=\"article:publisher\" content=\"https:\/\/www.facebook.com\/AdisealLtd\/\" \/>\n<meta property=\"article:modified_time\" content=\"2025-04-09T17:28:14+00:00\" \/>\n<meta property=\"og:image\" content=\"https:\/\/adiseal.com\/wp-content\/uploads\/2023\/05\/best-adhesive-sealant.webp\" \/>\n\t<meta property=\"og:image:width\" content=\"351\" \/>\n\t<meta property=\"og:image:height\" content=\"351\" \/>\n\t<meta property=\"og:image:type\" content=\"image\/webp\" \/>\n<meta name=\"twitter:card\" content=\"summary_large_image\" \/>\n<meta name=\"twitter:site\" content=\"@Adiseal\" \/>\n<meta name=\"twitter:label1\" content=\"Dur\u00e9e de lecture estim\u00e9e\" \/>\n\t<meta name=\"twitter:data1\" content=\"5 minutes\" \/>\n<script type=\"application\/ld+json\" class=\"yoast-schema-graph\">{\"@context\":\"https:\\\/\\\/schema.org\",\"@graph\":[{\"@type\":\"WebPage\",\"@id\":\"https:\\\/\\\/adiseal.com\\\/\",\"url\":\"https:\\\/\\\/adiseal.com\\\/\",\"name\":\"Adiseal Ltd | Professional Construction Products Suppliers\",\"isPartOf\":{\"@id\":\"https:\\\/\\\/adiseal.com\\\/#website\"},\"primaryImageOfPage\":{\"@id\":\"https:\\\/\\\/adiseal.com\\\/#primaryimage\"},\"image\":{\"@id\":\"https:\\\/\\\/adiseal.com\\\/#primaryimage\"},\"thumbnailUrl\":\"https:\\\/\\\/adiseal.com\\\/wp-content\\\/uploads\\\/2023\\\/05\\\/best-adhesive-sealant.webp\",\"datePublished\":\"2020-02-24T19:09:21+00:00\",\"dateModified\":\"2025-04-09T17:28:14+00:00\",\"description\":\"Suppliers of high performance construction products & building materials. Strongest adhesive & sealant in independent test.\",\"breadcrumb\":{\"@id\":\"https:\\\/\\\/adiseal.com\\\/#breadcrumb\"},\"inLanguage\":\"fr-FR\",\"potentialAction\":[{\"@type\":\"ReadAction\",\"target\":[\"https:\\\/\\\/adiseal.com\\\/\"]}]},{\"@type\":\"ImageObject\",\"inLanguage\":\"fr-FR\",\"@id\":\"https:\\\/\\\/adiseal.com\\\/#primaryimage\",\"url\":\"https:\\\/\\\/adiseal.com\\\/wp-content\\\/uploads\\\/2023\\\/05\\\/best-adhesive-sealant.webp\",\"contentUrl\":\"https:\\\/\\\/adiseal.com\\\/wp-content\\\/uploads\\\/2023\\\/05\\\/best-adhesive-sealant.webp\"},{\"@type\":\"BreadcrumbList\",\"@id\":\"https:\\\/\\\/adiseal.com\\\/#breadcrumb\",\"itemListElement\":[{\"@type\":\"ListItem\",\"position\":1,\"name\":\"Home\",\"item\":\"https:\\\/\\\/adiseal.com\\\/\"},{\"@type\":\"ListItem\",\"position\":2,\"name\":\"Adiseal Ltd\"}]},{\"@type\":\"WebSite\",\"@id\":\"https:\\\/\\\/adiseal.com\\\/#website\",\"url\":\"https:\\\/\\\/adiseal.com\\\/\",\"name\":\"Adiseal\",\"description\":\"Professional construction products\",\"potentialAction\":[{\"@type\":\"SearchAction\",\"target\":{\"@type\":\"EntryPoint\",\"urlTemplate\":\"https:\\\/\\\/adiseal.com\\\/?s={search_term_string}\"},\"query-input\":{\"@type\":\"PropertyValueSpecification\",\"valueRequired\":true,\"valueName\":\"search_term_string\"}}],\"inLanguage\":\"fr-FR\"}]}<\/script>\n<!-- \/ Yoast SEO Premium plugin. -->","yoast_head_json":{"title":"Adiseal | Produits de construction professionnels | Meilleur adh\u00e9sif \u00e0 saisir","description":"Fournisseurs de produits de construction et de mat\u00e9riaux de construction de haute performance. Adh\u00e9sif et scellant le plus puissant. Distributeurs.","robots":{"index":"index","follow":"follow","max-snippet":"max-snippet:-1","max-image-preview":"max-image-preview:large","max-video-preview":"max-video-preview:-1"},"canonical":"https:\/\/adiseal.com\/","og_locale":"fr_FR","og_type":"article","og_title":"Adiseal | Produits de construction professionnels | Meilleur adh\u00e9sif \u00e0 saisir","og_description":"Fournisseurs de produits de construction et de mat\u00e9riaux de construction de haute performance. Adh\u00e9sif et scellant le plus puissant. Distributeurs.","og_url":"https:\/\/adiseal.com\/","og_site_name":"Adiseal","article_publisher":"https:\/\/www.facebook.com\/AdisealLtd\/","article_modified_time":"2025-04-09T17:28:14+00:00","og_image":[{"width":351,"height":351,"url":"https:\/\/adiseal.com\/wp-content\/uploads\/2023\/05\/best-adhesive-sealant.webp","type":"image\/webp"}],"twitter_card":"summary_large_image","twitter_site":"@Adiseal","twitter_misc":{"Dur\u00e9e de lecture estim\u00e9e":"5 minutes"},"schema":{"@context":"https:\/\/schema.org","@graph":[{"@type":"WebPage","@id":"https:\/\/adiseal.com\/","url":"https:\/\/adiseal.com\/","name":"Adiseal Ltd | Professional Construction Products Suppliers","isPartOf":{"@id":"https:\/\/adiseal.com\/#website"},"primaryImageOfPage":{"@id":"https:\/\/adiseal.com\/#primaryimage"},"image":{"@id":"https:\/\/adiseal.com\/#primaryimage"},"thumbnailUrl":"https:\/\/adiseal.com\/wp-content\/uploads\/2023\/05\/best-adhesive-sealant.webp","datePublished":"2020-02-24T19:09:21+00:00","dateModified":"2025-04-09T17:28:14+00:00","description":"Suppliers of high performance construction products & building materials. Strongest adhesive & sealant in independent test.","breadcrumb":{"@id":"https:\/\/adiseal.com\/#breadcrumb"},"inLanguage":"fr-FR","potentialAction":[{"@type":"ReadAction","target":["https:\/\/adiseal.com\/"]}]},{"@type":"ImageObject","inLanguage":"fr-FR","@id":"https:\/\/adiseal.com\/#primaryimage","url":"https:\/\/adiseal.com\/wp-content\/uploads\/2023\/05\/best-adhesive-sealant.webp","contentUrl":"https:\/\/adiseal.com\/wp-content\/uploads\/2023\/05\/best-adhesive-sealant.webp"},{"@type":"BreadcrumbList","@id":"https:\/\/adiseal.com\/#breadcrumb","itemListElement":[{"@type":"ListItem","position":1,"name":"Home","item":"https:\/\/adiseal.com\/"},{"@type":"ListItem","position":2,"name":"Adiseal Ltd"}]},{"@type":"WebSite","@id":"https:\/\/adiseal.com\/#website","url":"https:\/\/adiseal.com\/","name":"Adiseal","description":"Professional construction products","potentialAction":[{"@type":"SearchAction","target":{"@type":"EntryPoint","urlTemplate":"https:\/\/adiseal.com\/?s={search_term_string}"},"query-input":{"@type":"PropertyValueSpecification","valueRequired":true,"valueName":"search_term_string"}}],"inLanguage":"fr-FR"}]}},"_links":{"self":[{"href":"https:\/\/adiseal.com\/fr\/wp-json\/wp\/v2\/pages\/71","targetHints":{"allow":["GET"]}}],"collection":[{"href":"https:\/\/adiseal.com\/fr\/wp-json\/wp\/v2\/pages"}],"about":[{"href":"https:\/\/adiseal.com\/fr\/wp-json\/wp\/v2\/types\/page"}],"author":[{"embeddable":true,"href":"https:\/\/adiseal.com\/fr\/wp-json\/wp\/v2\/users\/1"}],"replies":[{"embeddable":true,"href":"https:\/\/adiseal.com\/fr\/wp-json\/wp\/v2\/comments?post=71"}],"version-history":[{"count":91,"href":"https:\/\/adiseal.com\/fr\/wp-json\/wp\/v2\/pages\/71\/revisions"}],"predecessor-version":[{"id":9987,"href":"https:\/\/adiseal.com\/fr\/wp-json\/wp\/v2\/pages\/71\/revisions\/9987"}],"wp:attachment":[{"href":"https:\/\/adiseal.com\/fr\/wp-json\/wp\/v2\/media?parent=71"}],"curies":[{"name":"wp","href":"https:\/\/api.w.org\/{rel}","templated":true}]}}