{"id":39,"date":"2020-02-24T17:38:54","date_gmt":"2020-02-24T17:38:54","guid":{"rendered":"https:\/\/adiseal.com\/?page_id=39"},"modified":"2024-01-14T21:03:25","modified_gmt":"2024-01-14T21:03:25","slug":"products","status":"publish","type":"page","link":"https:\/\/adiseal.com\/fr\/products\/","title":{"rendered":"Des produits\ufffc"},"content":{"rendered":"<\/p>\n\n\n<h1 class=\"wp-block-heading\" id=\"h-produits-de-construction-professionnels\">Produits de construction professionnels<\/h1>\n\n\n\n<h2 class=\"wp-block-heading\" id=\"fournisseurs-de-materiaux-de-construction-aux-commercants\">Fournisseurs de mat\u00e9riaux de construction aux commer\u00e7ants<\/h2>\n\n\n\n<p>Adiseal Ltd est un fournisseur professionnel de produits de construction et de mat\u00e9riaux de construction pour les commer\u00e7ants. Nous proposons une gamme de mat\u00e9riaux de construction haute performance, permettant aux utilisateurs finaux d&rsquo;obtenir des r\u00e9sultats professionnels.<\/p>\n\n\n\n<figure class=\"wp-block-image size-large\"><img loading=\"lazy\" decoding=\"async\" width=\"351\" height=\"351\" src=\"https:\/\/adiseal.com\/wp-content\/uploads\/2020\/09\/best_grab_adhesive_strongest.jpg\" alt=\"Le produit adh\u00e9sif et scellant Adiseal \u00e9tait le produit le meilleur et le plus r\u00e9sistant lors d'un test de force d'adh\u00e9rence ind\u00e9pendant.\" class=\"wp-image-889\" srcset=\"https:\/\/adiseal.com\/wp-content\/uploads\/2020\/09\/best_grab_adhesive_strongest.jpg 351w, https:\/\/adiseal.com\/wp-content\/uploads\/2020\/09\/best_grab_adhesive_strongest-300x300.jpg 300w, https:\/\/adiseal.com\/wp-content\/uploads\/2020\/09\/best_grab_adhesive_strongest-150x150.jpg 150w, https:\/\/adiseal.com\/wp-content\/uploads\/2020\/09\/best_grab_adhesive_strongest-100x100.jpg 100w, https:\/\/adiseal.com\/wp-content\/uploads\/2020\/09\/best_grab_adhesive_strongest-275x275.jpg 275w\" sizes=\"auto, (max-width: 351px) 100vw, 351px\" \/><\/figure>\n\n\n\n<p>Notre gamme de produits comprend :<\/p>\n\n\n\n<ul class=\"wp-block-list\">\n<li><a href=\"https:\/\/adiseal.com\/fr\/adhesive-sealant\/\">Adiseal<\/a> &#8211; Le meilleur adh\u00e9sif et scellant. L&rsquo;adh\u00e9sif et le mastic No.1 \u00e9prouv\u00e9s par un test ind\u00e9pendant. <\/li>\n\n\n\n<li><a href=\"https:\/\/adiseal.com\/fr\/instant-grab-adhesive\/\">Adiseal Hi-Grab<\/a> &#8211; Adh\u00e9sif \u00e0 prise instantan\u00e9e avec une \u00e9norme prise instantan\u00e9e. <\/li>\n\n\n\n<li><a href=\"https:\/\/adiseal.com\/fr\/solvent-remover-cleaner-degreaser\/\">Adisolve<\/a> &#8211; Nettoyant solvant non agressif, dissolvant d&rsquo;adh\u00e9sif et dissolvant de mastic en 1 produit disponible en bombe a\u00e9rosol. <\/li>\n\n\n\n<li><a href=\"https:\/\/adiseal.com\/fr\/wall-plugs-for-plasterboard\/\">AllPlug<\/a> &#8211; Cheville murale pour plaques de pl\u00e2tre et autres supports. <\/li>\n\n\n\n<li><a href=\"https:\/\/adiseal.com\/fr\/pipe-clips\/\">AllClip<\/a> &#8211; Clip universel pour tuyaux, c\u00e2bles et conduits de diff\u00e9rentes tailles. <\/li>\n\n\n\n<li><a href=\"https:\/\/adiseal.com\/fr\/best-glue\/\">Adiglue<\/a> &#8211; Colle ultra-forte plus performante. <\/li>\n\n\n\n<li><a href=\"https:\/\/adiseal.com\/fr\/best-glue\/\">Adiglue Acitvator<\/a> &#8211; Acc\u00e9l\u00e9rateur pour colle et scellant pour mat\u00e9riaux poreux. <\/li>\n\n\n\n<li><a href=\"https:\/\/adiseal.com\/fr\/electrical-waterproof-gel\/\">IPGel Duo<\/a> &#8211; Gel d&rsquo;isolation \u00e9lectrique \u00e0 2 composants. <\/li>\n\n\n\n<li><a href=\"https:\/\/adiseal.com\/fr\/electrical-waterproof-gel\/\">IPGel Mono<\/a> &#8211; Gel d&rsquo;isolation \u00e9lectrique pr\u00eat \u00e0 l&#8217;emploi. <\/li>\n\n\n\n<li><a href=\"https:\/\/adiseal.com\/fr\/cable-lubricant\/\">CabLube Liquid<\/a> &#8211; Liquide lubrifiant pour tirer les c\u00e2bles. <\/li>\n\n\n\n<li><a href=\"https:\/\/adiseal.com\/fr\/cable-lubricant\/\">CabLube Gel<\/a> &#8211; Gel lubrifiant pour tirer les c\u00e2bles. <\/li>\n\n\n\n<li><a href=\"https:\/\/adiseal.com\/fr\/cable-lubricant\/\">CabLube Foam<\/a> &#8211; Mousse lubrifiante pour tirer les c\u00e2bles. <\/li>\n\n\n\n<li>Total Seal &#8211; Scellant liquide pour fuites.<\/li>\n<\/ul>\n\n\n\n<p>Les gens de m\u00e9tier font confiance \u00e0 Adiseal Ltd pour fournir des produits de construction de qualit\u00e9 qui font le travail. Les produits Adiseal sont fabriqu\u00e9s dans un environnement de la plus haute qualit\u00e9.<\/p>\n\n\n\n<p><\/p>\n\n\n<figure class=\"wp-block-embed-youtube wp-block-embed is-type-video is-provider-youtube wp-embed-aspect-16-9 wp-has-aspect-ratio\"><div class=\"lyte-wrapper\" style=\"width:640px;max-width:100%;margin:5px;\"><div class=\"lyMe\" id=\"WYL_U7FoXTgAOog\"><div id=\"lyte_U7FoXTgAOog\" data-src=\"https:\/\/adiseal.com\/wp-content\/plugins\/wp-youtube-lyte\/lyteCache.php?origThumbUrl=%2F%2Fi.ytimg.com%2Fvi%2FU7FoXTgAOog%2Fhqdefault.jpg\" class=\"pL\"><div class=\"tC\"><div class=\"tT\"><\/div><\/div><div class=\"play\"><\/div><div class=\"ctrl\"><div class=\"Lctrl\"><\/div><div class=\"Rctrl\"><\/div><\/div><\/div><noscript><a href=\"https:\/\/youtu.be\/U7FoXTgAOog\" rel=\"nofollow\"><img loading=\"lazy\" decoding=\"async\" src=\"https:\/\/adiseal.com\/wp-content\/plugins\/wp-youtube-lyte\/lyteCache.php?origThumbUrl=https%3A%2F%2Fi.ytimg.com%2Fvi%2FU7FoXTgAOog%2F0.jpg\" alt=\"YouTube video thumbnail\" width=\"640\" height=\"340\" \/><br \/>Lire cette vid\u00e9o sur YouTube<\/a><\/noscript><\/div><\/div><div class=\"lL\" style=\"max-width:100%;width:640px;margin:5px;\"><\/div><figcaption><\/figcaption><\/figure>\n\n\n<p><\/p>\n\n\n\n<p><br><\/p>\n\n\n\n<p>Adiseal Ltd est \u00e9galement le distributeur britannique de plusieurs marques internationales, notamment UltraLube, AjustLock et Rali.<\/p>\n\n\n\n<figure class=\"wp-block-image size-large\"><a href=\"https:\/\/adiseal.com\/products\/ultralube\/\"><img loading=\"lazy\" decoding=\"async\" width=\"381\" height=\"231\" src=\"https:\/\/adiseal.com\/wp-content\/uploads\/2020\/03\/UL_logo.jpg\" alt=\"Logo UltraLube\" class=\"wp-image-294\" srcset=\"https:\/\/adiseal.com\/wp-content\/uploads\/2020\/03\/UL_logo.jpg 381w, https:\/\/adiseal.com\/wp-content\/uploads\/2020\/03\/UL_logo-300x182.jpg 300w, https:\/\/adiseal.com\/wp-content\/uploads\/2020\/03\/UL_logo-100x61.jpg 100w, https:\/\/adiseal.com\/wp-content\/uploads\/2020\/03\/UL_logo-275x167.jpg 275w\" sizes=\"auto, (max-width: 381px) 100vw, 381px\" \/><\/a><\/figure>\n\n\n<p>","protected":false},"excerpt":{"rendered":"<p>Produits de construction professionnels Fournisseurs de mat\u00e9riaux de construction aux commer\u00e7ants Adiseal Ltd est un fournisseur professionnel de produits de construction et de mat\u00e9riaux de construction pour les commer\u00e7ants. Nous proposons une gamme de mat\u00e9riaux de construction haute performance, permettant aux utilisateurs finaux d&rsquo;obtenir des [&hellip;]<\/p>\n","protected":false},"author":1,"featured_media":0,"parent":0,"menu_order":0,"comment_status":"closed","ping_status":"closed","template":"","meta":{"footnotes":""},"class_list":["post-39","page","type-page","status-publish","hentry"],"translation":{"provider":"WPGlobus","version":"3.0.2","language":"fr","enabled_languages":["en","es","fr"],"languages":{"en":{"title":true,"content":true,"excerpt":false},"es":{"title":true,"content":true,"excerpt":false},"fr":{"title":true,"content":true,"excerpt":false}}},"yoast_head":"<!-- This site is optimized with the Yoast SEO Premium plugin v27.2 (Yoast SEO v27.4) - https:\/\/yoast.com\/product\/yoast-seo-premium-wordpress\/ -->\n<title>Adiseal Ltd | Fournisseurs de produits de construction professionnels<\/title>\n<meta name=\"description\" content=\"Adiseal Ltd fournit des produits de construction et des mat\u00e9riaux de construction de haute performance, y compris les meilleurs adh\u00e9sifs et scellants.\" \/>\n<meta name=\"robots\" content=\"index, follow, max-snippet:-1, max-image-preview:large, max-video-preview:-1\" \/>\n<link rel=\"canonical\" href=\"https:\/\/adiseal.com\/products\/\" \/>\n<meta property=\"og:locale\" content=\"fr_FR\" \/>\n<meta property=\"og:type\" content=\"article\" \/>\n<meta property=\"og:title\" content=\"Adiseal Ltd | Fournisseurs de produits de construction professionnels\" \/>\n<meta property=\"og:description\" content=\"Adiseal Ltd fournit des produits de construction et des mat\u00e9riaux de construction de haute performance, y compris les meilleurs adh\u00e9sifs et scellants.\" \/>\n<meta property=\"og:url\" content=\"https:\/\/adiseal.com\/products\/\" \/>\n<meta property=\"og:site_name\" content=\"Adiseal\" \/>\n<meta property=\"article:publisher\" content=\"https:\/\/www.facebook.com\/AdisealLtd\/\" \/>\n<meta property=\"article:modified_time\" content=\"2024-01-14T21:03:25+00:00\" \/>\n<meta property=\"og:image\" content=\"https:\/\/adiseal.com\/wp-content\/uploads\/2020\/09\/best_grab_adhesive_strongest.jpg\" \/>\n<meta name=\"twitter:card\" content=\"summary_large_image\" \/>\n<meta name=\"twitter:site\" content=\"@Adiseal\" \/>\n<meta name=\"twitter:label1\" content=\"Dur\u00e9e de lecture estim\u00e9e\" \/>\n\t<meta name=\"twitter:data1\" content=\"2 minutes\" \/>\n<script type=\"application\/ld+json\" class=\"yoast-schema-graph\">{\"@context\":\"https:\\\/\\\/schema.org\",\"@graph\":[{\"@type\":\"WebPage\",\"@id\":\"https:\\\/\\\/adiseal.com\\\/products\\\/\",\"url\":\"https:\\\/\\\/adiseal.com\\\/products\\\/\",\"name\":\"Adiseal Ltd | Suppliers of Professional Construction Products\",\"isPartOf\":{\"@id\":\"https:\\\/\\\/adiseal.com\\\/#website\"},\"primaryImageOfPage\":{\"@id\":\"https:\\\/\\\/adiseal.com\\\/products\\\/#primaryimage\"},\"image\":{\"@id\":\"https:\\\/\\\/adiseal.com\\\/products\\\/#primaryimage\"},\"thumbnailUrl\":\"https:\\\/\\\/adiseal.com\\\/wp-content\\\/uploads\\\/2020\\\/09\\\/best_grab_adhesive_strongest.jpg\",\"datePublished\":\"2020-02-24T17:38:54+00:00\",\"dateModified\":\"2024-01-14T21:03:25+00:00\",\"description\":\"Adiseal Ltd supply high performance construction products & building materials including the best grab adhesive & sealant.\",\"breadcrumb\":{\"@id\":\"https:\\\/\\\/adiseal.com\\\/products\\\/#breadcrumb\"},\"inLanguage\":\"fr-FR\",\"potentialAction\":[{\"@type\":\"ReadAction\",\"target\":[\"https:\\\/\\\/adiseal.com\\\/products\\\/\"]}]},{\"@type\":\"ImageObject\",\"inLanguage\":\"fr-FR\",\"@id\":\"https:\\\/\\\/adiseal.com\\\/products\\\/#primaryimage\",\"url\":\"https:\\\/\\\/adiseal.com\\\/wp-content\\\/uploads\\\/2020\\\/09\\\/best_grab_adhesive_strongest.jpg\",\"contentUrl\":\"https:\\\/\\\/adiseal.com\\\/wp-content\\\/uploads\\\/2020\\\/09\\\/best_grab_adhesive_strongest.jpg\"},{\"@type\":\"BreadcrumbList\",\"@id\":\"https:\\\/\\\/adiseal.com\\\/products\\\/#breadcrumb\",\"itemListElement\":[{\"@type\":\"ListItem\",\"position\":1,\"name\":\"Home\",\"item\":\"https:\\\/\\\/adiseal.com\\\/\"},{\"@type\":\"ListItem\",\"position\":2,\"name\":\"Products\"}]},{\"@type\":\"WebSite\",\"@id\":\"https:\\\/\\\/adiseal.com\\\/#website\",\"url\":\"https:\\\/\\\/adiseal.com\\\/\",\"name\":\"Adiseal\",\"description\":\"Professional construction products\",\"potentialAction\":[{\"@type\":\"SearchAction\",\"target\":{\"@type\":\"EntryPoint\",\"urlTemplate\":\"https:\\\/\\\/adiseal.com\\\/?s={search_term_string}\"},\"query-input\":{\"@type\":\"PropertyValueSpecification\",\"valueRequired\":true,\"valueName\":\"search_term_string\"}}],\"inLanguage\":\"fr-FR\"}]}<\/script>\n<!-- \/ Yoast SEO Premium plugin. -->","yoast_head_json":{"title":"Adiseal Ltd | Fournisseurs de produits de construction professionnels","description":"Adiseal Ltd fournit des produits de construction et des mat\u00e9riaux de construction de haute performance, y compris les meilleurs adh\u00e9sifs et scellants.","robots":{"index":"index","follow":"follow","max-snippet":"max-snippet:-1","max-image-preview":"max-image-preview:large","max-video-preview":"max-video-preview:-1"},"canonical":"https:\/\/adiseal.com\/products\/","og_locale":"fr_FR","og_type":"article","og_title":"Adiseal Ltd | Fournisseurs de produits de construction professionnels","og_description":"Adiseal Ltd fournit des produits de construction et des mat\u00e9riaux de construction de haute performance, y compris les meilleurs adh\u00e9sifs et scellants.","og_url":"https:\/\/adiseal.com\/products\/","og_site_name":"Adiseal","article_publisher":"https:\/\/www.facebook.com\/AdisealLtd\/","article_modified_time":"2024-01-14T21:03:25+00:00","og_image":[{"url":"https:\/\/adiseal.com\/wp-content\/uploads\/2020\/09\/best_grab_adhesive_strongest.jpg","type":"","width":"","height":""}],"twitter_card":"summary_large_image","twitter_site":"@Adiseal","twitter_misc":{"Dur\u00e9e de lecture estim\u00e9e":"2 minutes"},"schema":{"@context":"https:\/\/schema.org","@graph":[{"@type":"WebPage","@id":"https:\/\/adiseal.com\/products\/","url":"https:\/\/adiseal.com\/products\/","name":"Adiseal Ltd | Suppliers of Professional Construction Products","isPartOf":{"@id":"https:\/\/adiseal.com\/#website"},"primaryImageOfPage":{"@id":"https:\/\/adiseal.com\/products\/#primaryimage"},"image":{"@id":"https:\/\/adiseal.com\/products\/#primaryimage"},"thumbnailUrl":"https:\/\/adiseal.com\/wp-content\/uploads\/2020\/09\/best_grab_adhesive_strongest.jpg","datePublished":"2020-02-24T17:38:54+00:00","dateModified":"2024-01-14T21:03:25+00:00","description":"Adiseal Ltd supply high performance construction products & building materials including the best grab adhesive & sealant.","breadcrumb":{"@id":"https:\/\/adiseal.com\/products\/#breadcrumb"},"inLanguage":"fr-FR","potentialAction":[{"@type":"ReadAction","target":["https:\/\/adiseal.com\/products\/"]}]},{"@type":"ImageObject","inLanguage":"fr-FR","@id":"https:\/\/adiseal.com\/products\/#primaryimage","url":"https:\/\/adiseal.com\/wp-content\/uploads\/2020\/09\/best_grab_adhesive_strongest.jpg","contentUrl":"https:\/\/adiseal.com\/wp-content\/uploads\/2020\/09\/best_grab_adhesive_strongest.jpg"},{"@type":"BreadcrumbList","@id":"https:\/\/adiseal.com\/products\/#breadcrumb","itemListElement":[{"@type":"ListItem","position":1,"name":"Home","item":"https:\/\/adiseal.com\/"},{"@type":"ListItem","position":2,"name":"Products"}]},{"@type":"WebSite","@id":"https:\/\/adiseal.com\/#website","url":"https:\/\/adiseal.com\/","name":"Adiseal","description":"Professional construction products","potentialAction":[{"@type":"SearchAction","target":{"@type":"EntryPoint","urlTemplate":"https:\/\/adiseal.com\/?s={search_term_string}"},"query-input":{"@type":"PropertyValueSpecification","valueRequired":true,"valueName":"search_term_string"}}],"inLanguage":"fr-FR"}]}},"_links":{"self":[{"href":"https:\/\/adiseal.com\/fr\/wp-json\/wp\/v2\/pages\/39","targetHints":{"allow":["GET"]}}],"collection":[{"href":"https:\/\/adiseal.com\/fr\/wp-json\/wp\/v2\/pages"}],"about":[{"href":"https:\/\/adiseal.com\/fr\/wp-json\/wp\/v2\/types\/page"}],"author":[{"embeddable":true,"href":"https:\/\/adiseal.com\/fr\/wp-json\/wp\/v2\/users\/1"}],"replies":[{"embeddable":true,"href":"https:\/\/adiseal.com\/fr\/wp-json\/wp\/v2\/comments?post=39"}],"version-history":[{"count":26,"href":"https:\/\/adiseal.com\/fr\/wp-json\/wp\/v2\/pages\/39\/revisions"}],"predecessor-version":[{"id":8934,"href":"https:\/\/adiseal.com\/fr\/wp-json\/wp\/v2\/pages\/39\/revisions\/8934"}],"wp:attachment":[{"href":"https:\/\/adiseal.com\/fr\/wp-json\/wp\/v2\/media?parent=39"}],"curies":[{"name":"wp","href":"https:\/\/api.w.org\/{rel}","templated":true}]}}