{"id":293,"date":"2020-03-05T19:13:40","date_gmt":"2020-03-05T19:13:40","guid":{"rendered":"https:\/\/adiseal.com\/?page_id=293"},"modified":"2021-09-24T13:44:27","modified_gmt":"2021-09-24T12:44:27","slug":"ultralube","status":"publish","type":"page","link":"https:\/\/adiseal.com\/fr\/products\/ultralube\/","title":{"rendered":"UltraLube"},"content":{"rendered":"\r\n<h1 class=\"wp-block-heading\" id=\"h-ultralube-bio-based-lubricants\">UltraLube Bio-based Lubricants<\/h1>\r\n\r\n\r\n\r\n<p><a href=\"https:\/\/adiseal.com\/about\/\">Adiseal Ltd<\/a> are the UK distributors of UltraLube Bio-based lubricants &amp; greases from the USA.<\/p>\r\n\r\n\r\n\r\n<figure class=\"wp-block-image size-large is-resized\"><img loading=\"lazy\" decoding=\"async\" src=\"https:\/\/adiseal.com\/wp-content\/uploads\/2020\/03\/UL_logo.jpg\" alt=\"UltraLube logo\" class=\"wp-image-294\" width=\"381\" height=\"231\" srcset=\"https:\/\/adiseal.com\/wp-content\/uploads\/2020\/03\/UL_logo.jpg 381w, https:\/\/adiseal.com\/wp-content\/uploads\/2020\/03\/UL_logo-300x182.jpg 300w, https:\/\/adiseal.com\/wp-content\/uploads\/2020\/03\/UL_logo-100x61.jpg 100w, https:\/\/adiseal.com\/wp-content\/uploads\/2020\/03\/UL_logo-275x167.jpg 275w\" sizes=\"auto, (max-width: 381px) 100vw, 381px\" \/><\/figure>\r\n\r\n\r\n\r\n<p>UltraLube has a number of advantages over traditional petroleum based products. <\/p>\r\n\r\n\r\n\r\n<figure class=\"wp-block-image size-large\"><img loading=\"lazy\" decoding=\"async\" width=\"352\" height=\"176\" src=\"https:\/\/adiseal.com\/wp-content\/uploads\/2020\/03\/UltraLube-test-graph.jpg\" alt=\"Lubricant test to which product has most lubrication.\" class=\"wp-image-295\" srcset=\"https:\/\/adiseal.com\/wp-content\/uploads\/2020\/03\/UltraLube-test-graph.jpg 352w, https:\/\/adiseal.com\/wp-content\/uploads\/2020\/03\/UltraLube-test-graph-300x150.jpg 300w, https:\/\/adiseal.com\/wp-content\/uploads\/2020\/03\/UltraLube-test-graph-100x50.jpg 100w, https:\/\/adiseal.com\/wp-content\/uploads\/2020\/03\/UltraLube-test-graph-275x138.jpg 275w\" sizes=\"auto, (max-width: 352px) 100vw, 352px\" \/><\/figure>\r\n\r\n\r\n\r\n<p><br><\/p>\r\n\r\n\r\n\r\n<p><\/p>\r\n\r\n\r\n\r\n<h2 class=\"wp-block-heading\" id=\"h-key-benefits-of-ultralube\"><strong>Key benefits of UltraLube:<\/strong><\/h2>\r\n\r\n\r\n\r\n<p><strong>* 4 times more lubrication than traditional\r\npetroleum-based products.<\/strong><\/p>\r\n\r\n\r\n\r\n<p><strong>* Safer for users and people around compared to\r\ntraditional petroleum-based products.<\/strong><\/p>\r\n\r\n\r\n\r\n<p><strong>* Safer for the environment and wildlife than\r\ntraditional petroleum-based products.<\/strong><\/p>\r\n\r\n\r\n\r\n<p><strong>* Readily biodegradable &amp; made from a renewable\r\nresource.<\/strong><\/p>\r\n\r\n\r\n\r\n<p><strong>* Excellent rust &amp; corrosion preventative.<\/strong><\/p>\r\n\r\n\r\n\r\n<p><strong>* General purpose drilling &amp; tapping fluid.<\/strong><\/p>\r\n\r\n\r\n\r\n<p><strong>* Works well on plastics &amp; other non-metallic surfaces\r\nthat petroleum-based products can damage.<\/strong><\/p>\r\n\r\n\r\n\r\n<p><strong>* Lasts longer &amp; less likely to \u00ab\u00a0thin\r\ndown\u00a0\u00bb at higher temperatures.<\/strong><\/p>\r\n\r\n\r\n\r\n<p><strong>* No harsh chemical smell that traditional\r\nlubricants have.<\/strong><\/p>\r\n\r\n\r\n\r\n<p>* High flash point <\/p>\r\n\r\n\r\n\r\n<p>* Numerous other benefits over traditional lubricant. <\/p>\r\n\r\n\r\n\r\n<p><br><\/p>\r\n\r\n\r\n\r\n<p><\/p>\r\n\r\n\r\n\r\n<figure class=\"wp-block-image size-large\"><img loading=\"lazy\" decoding=\"async\" width=\"137\" height=\"35\" src=\"https:\/\/adiseal.com\/wp-content\/uploads\/2020\/03\/eco-safe.jpg\" alt=\"eco safe lubricants\" class=\"wp-image-296\" srcset=\"https:\/\/adiseal.com\/wp-content\/uploads\/2020\/03\/eco-safe.jpg 137w, https:\/\/adiseal.com\/wp-content\/uploads\/2020\/03\/eco-safe-100x26.jpg 100w\" sizes=\"auto, (max-width: 137px) 100vw, 137px\" \/><\/figure>\r\n\r\n\r\n\r\n<p><br><\/p>\r\n\r\n\r\n\r\n<h3 class=\"wp-block-heading\" id=\"h-usda-biopreferred-program\">USDA BioPreferred program<\/h3>\r\n\r\n\r\n\r\n<figure class=\"wp-block-image size-large\"><a href=\"https:\/\/www.biopreferred.gov\"><img loading=\"lazy\" decoding=\"async\" width=\"300\" height=\"234\" src=\"https:\/\/adiseal.com\/wp-content\/uploads\/2020\/03\/USDA-logo.jpg\" alt=\"USDA-logo\" class=\"wp-image-297\" srcset=\"https:\/\/adiseal.com\/wp-content\/uploads\/2020\/03\/USDA-logo.jpg 300w, https:\/\/adiseal.com\/wp-content\/uploads\/2020\/03\/USDA-logo-100x78.jpg 100w, https:\/\/adiseal.com\/wp-content\/uploads\/2020\/03\/USDA-logo-275x215.jpg 275w\" sizes=\"auto, (max-width: 300px) 100vw, 300px\" \/><\/a><\/figure>\r\n\r\n\r\n\r\n<p>UltraLube oils &amp; greases are biodegradable and most are registered by the <a href=\"https:\/\/www.biopreferred.gov\">USDA BioPreferred program<\/a>. <\/p>\r\n\r\n\r\n\r\n<p><br><\/p>\r\n\r\n\r\n<figure class=\"wp-block-embed-youtube wp-block-embed is-type-video is-provider-youtube wp-embed-aspect-16-9 wp-has-aspect-ratio\"><div class=\"lyte-wrapper\" style=\"width:640px;max-width:100%;margin:5px;\"><div class=\"lyMe\" id=\"WYL_Rou4sa9MEzg\"><div id=\"lyte_Rou4sa9MEzg\" data-src=\"https:\/\/adiseal.com\/wp-content\/plugins\/wp-youtube-lyte\/lyteCache.php?origThumbUrl=%2F%2Fi.ytimg.com%2Fvi%2FRou4sa9MEzg%2Fhqdefault.jpg\" class=\"pL\"><div class=\"tC\"><div class=\"tT\"><\/div><\/div><div class=\"play\"><\/div><div class=\"ctrl\"><div class=\"Lctrl\"><\/div><div class=\"Rctrl\"><\/div><\/div><\/div><noscript><a href=\"https:\/\/youtu.be\/Rou4sa9MEzg\" rel=\"nofollow\"><img loading=\"lazy\" decoding=\"async\" src=\"https:\/\/adiseal.com\/wp-content\/plugins\/wp-youtube-lyte\/lyteCache.php?origThumbUrl=https%3A%2F%2Fi.ytimg.com%2Fvi%2FRou4sa9MEzg%2F0.jpg\" alt=\"YouTube video thumbnail\" width=\"640\" height=\"340\" \/><br \/>Lire cette vid\u00e9o sur YouTube<\/a><\/noscript><\/div><\/div><div class=\"lL\" style=\"max-width:100%;width:640px;margin:5px;\"><\/div><figcaption><\/figcaption><\/figure>\r\n\r\n\r\n<p><br><\/p>\r\n\r\n\r\n\r\n<h2 class=\"wp-block-heading\" id=\"h-ultralube-product-range\">UltraLube product range<\/h2>\r\n\r\n\r\n\r\n<h3 class=\"wp-block-heading\" id=\"h-ultralube-bio-based-lubricant-penetrating-oil-spray\">UltraLube bio-based lubricant &amp; penetrating oil spray<\/h3>\r\n\r\n\r\n\r\n<figure class=\"wp-block-image size-large is-resized\"><img loading=\"lazy\" decoding=\"async\" src=\"https:\/\/adiseal.com\/wp-content\/uploads\/2020\/03\/UltraLube-10444-image.jpg\" alt=\"UltraLube bio-based lubricant &amp; penetrating oil spray.\" class=\"wp-image-299\" width=\"500\" height=\"500\" srcset=\"https:\/\/adiseal.com\/wp-content\/uploads\/2020\/03\/UltraLube-10444-image.jpg 1000w, https:\/\/adiseal.com\/wp-content\/uploads\/2020\/03\/UltraLube-10444-image-300x300.jpg 300w, https:\/\/adiseal.com\/wp-content\/uploads\/2020\/03\/UltraLube-10444-image-150x150.jpg 150w, https:\/\/adiseal.com\/wp-content\/uploads\/2020\/03\/UltraLube-10444-image-768x768.jpg 768w, https:\/\/adiseal.com\/wp-content\/uploads\/2020\/03\/UltraLube-10444-image-700x700.jpg 700w, https:\/\/adiseal.com\/wp-content\/uploads\/2020\/03\/UltraLube-10444-image-410x410.jpg 410w, https:\/\/adiseal.com\/wp-content\/uploads\/2020\/03\/UltraLube-10444-image-100x100.jpg 100w, https:\/\/adiseal.com\/wp-content\/uploads\/2020\/03\/UltraLube-10444-image-275x275.jpg 275w\" sizes=\"auto, (max-width: 500px) 100vw, 500px\" \/><\/figure>\r\n\r\n\r\n\r\n<p>The UltraLube lubricant &amp; penetrating oil spray (part number: 10444) is bio-based and has the advantages that are listed above. It outperforms other lubricating oils &amp; penetrating oil sprays. It is one of the best penetrating oils available in the UK.<\/p>\r\n\r\n\r\n\r\n<p>Some of the terms associated with UltraLube 10444 include:<\/p>\r\n\r\n\r\n\r\n<ul class=\"wp-block-list\"><li>rust remover &amp; rust removal<\/li><li>rust remover spray<\/li><li>rust removal from metal<\/li><li>rust remover on metal<\/li><li>rust remover for car<\/li><li>rust remover on metal<\/li><li>rust bolt remover<\/li><li>lubricating oil<\/li><li>lubricating spray<\/li><li>lubricant for chain<\/li><li>lubricant for door hinges<\/li><li>hinge lubricant<\/li><\/ul>\r\n\r\n\r\n\r\n<p><br><\/p>\r\n\r\n\r\n\r\n<h4 class=\"wp-block-heading\" id=\"h-rust-removal-from-metal\">Rust removal from metal<\/h4>\r\n\r\n\r\n\r\n<p>UltraLube lubricant &amp; penetrant spay is ideal at removing rust from metal. As well as quickly penetrating the rust it also prevents further corrosion &amp; rust when the metal is covered in UltraLube. We will shortly produce a how to remove rust guide on our website.<\/p>\r\n\r\n\r\n\r\n<figure class=\"wp-block-image size-large\"><img loading=\"lazy\" decoding=\"async\" width=\"318\" height=\"159\" src=\"https:\/\/adiseal.com\/wp-content\/uploads\/2020\/03\/rust-removal-on-metal.jpg\" alt=\"Rust on metal chain that needs rust remover.\" class=\"wp-image-301\" srcset=\"https:\/\/adiseal.com\/wp-content\/uploads\/2020\/03\/rust-removal-on-metal.jpg 318w, https:\/\/adiseal.com\/wp-content\/uploads\/2020\/03\/rust-removal-on-metal-300x150.jpg 300w, https:\/\/adiseal.com\/wp-content\/uploads\/2020\/03\/rust-removal-on-metal-100x50.jpg 100w, https:\/\/adiseal.com\/wp-content\/uploads\/2020\/03\/rust-removal-on-metal-275x138.jpg 275w\" sizes=\"auto, (max-width: 318px) 100vw, 318px\" \/><\/figure>\r\n\r\n\r\n\r\n<p><\/p>\r\n\r\n\r\n\r\n<h3 class=\"wp-block-heading\" id=\"h-other-ultralube-products\"><br>Other UltraLube products<\/h3>\r\n\r\n\r\n\r\n<p>As well as UltraLube being available as a spray it is also available in grease form &amp; oil. It  More details on the full UltraLube product range can be found on UltraLube website.<\/p>\r\n\r\n\r\n\r\n<p><\/p>\r\n","protected":false},"excerpt":{"rendered":"<p>UltraLube Bio-based Lubricants Adiseal Ltd are the UK distributors of UltraLube Bio-based lubricants &amp; greases from the USA. UltraLube has a number of advantages over traditional petroleum based products. Key benefits of UltraLube: * 4 times more lubrication than traditional petroleum-based products. * Safer for [&hellip;]<\/p>\n","protected":false},"author":1,"featured_media":0,"parent":39,"menu_order":0,"comment_status":"open","ping_status":"closed","template":"","meta":{"footnotes":""},"class_list":["post-293","page","type-page","status-publish","hentry"],"translation":{"provider":"WPGlobus","version":"3.0.2","language":"fr","enabled_languages":["en","es","fr"],"languages":{"en":{"title":true,"content":true,"excerpt":false},"es":{"title":false,"content":false,"excerpt":false},"fr":{"title":false,"content":false,"excerpt":false}}},"yoast_head":"<!-- This site is optimized with the Yoast SEO Premium plugin v27.2 (Yoast SEO v27.3) - https:\/\/yoast.com\/product\/yoast-seo-premium-wordpress\/ -->\n<title>Best lubricant &amp; penetrating oil (2021) | rust remover<\/title>\n<meta name=\"description\" content=\"UltraLube a 4 fois plus de lubrifiant qu&#039;un lubrifiant \u00e0 base de p\u00e9trole. C&#039;est un excellent antirouille sur le m\u00e9tal et pr\u00e9vient la rouille et la corrosion.\" \/>\n<meta name=\"robots\" content=\"index, follow, max-snippet:-1, max-image-preview:large, max-video-preview:-1\" \/>\n<link rel=\"canonical\" href=\"https:\/\/adiseal.com\/products\/ultralube\/\" \/>\n<meta property=\"og:locale\" content=\"fr_FR\" \/>\n<meta property=\"og:type\" content=\"article\" \/>\n<meta property=\"og:title\" content=\"UltraLube - Adiseal\" \/>\n<meta property=\"og:description\" content=\"UltraLube a 4 fois plus de lubrifiant qu&#039;un lubrifiant \u00e0 base de p\u00e9trole. C&#039;est un excellent antirouille sur le m\u00e9tal et pr\u00e9vient la rouille et la corrosion.\" \/>\n<meta property=\"og:url\" content=\"https:\/\/adiseal.com\/products\/ultralube\/\" \/>\n<meta property=\"og:site_name\" content=\"Adiseal\" \/>\n<meta property=\"article:publisher\" content=\"https:\/\/www.facebook.com\/AdisealLtd\/\" \/>\n<meta property=\"article:modified_time\" content=\"2021-09-24T12:44:27+00:00\" \/>\n<meta property=\"og:image\" content=\"https:\/\/adiseal.com\/wp-content\/uploads\/2020\/03\/UL_logo.jpg\" \/>\n<meta name=\"twitter:card\" content=\"summary_large_image\" \/>\n<meta name=\"twitter:site\" content=\"@Adiseal\" \/>\n<meta name=\"twitter:label1\" content=\"Dur\u00e9e de lecture estim\u00e9e\" \/>\n\t<meta name=\"twitter:data1\" content=\"3 minutes\" \/>\n<script type=\"application\/ld+json\" class=\"yoast-schema-graph\">{\"@context\":\"https:\\\/\\\/schema.org\",\"@graph\":[{\"@type\":\"WebPage\",\"@id\":\"https:\\\/\\\/adiseal.com\\\/products\\\/ultralube\\\/\",\"url\":\"https:\\\/\\\/adiseal.com\\\/products\\\/ultralube\\\/\",\"name\":\"Best lubricant & penetrating oil (2021) | rust remover\",\"isPartOf\":{\"@id\":\"https:\\\/\\\/adiseal.com\\\/#website\"},\"primaryImageOfPage\":{\"@id\":\"https:\\\/\\\/adiseal.com\\\/products\\\/ultralube\\\/#primaryimage\"},\"image\":{\"@id\":\"https:\\\/\\\/adiseal.com\\\/products\\\/ultralube\\\/#primaryimage\"},\"thumbnailUrl\":\"https:\\\/\\\/adiseal.com\\\/wp-content\\\/uploads\\\/2020\\\/03\\\/UL_logo.jpg\",\"datePublished\":\"2020-03-05T19:13:40+00:00\",\"dateModified\":\"2021-09-24T12:44:27+00:00\",\"description\":\"UltraLube a 4 fois plus de lubrifiant qu'un lubrifiant \u00e0 base de p\u00e9trole. C'est un excellent antirouille sur le m\u00e9tal et pr\u00e9vient la rouille et la corrosion.\",\"breadcrumb\":{\"@id\":\"https:\\\/\\\/adiseal.com\\\/products\\\/ultralube\\\/#breadcrumb\"},\"inLanguage\":\"fr-FR\",\"potentialAction\":[{\"@type\":\"ReadAction\",\"target\":[\"https:\\\/\\\/adiseal.com\\\/products\\\/ultralube\\\/\"]}]},{\"@type\":\"ImageObject\",\"inLanguage\":\"fr-FR\",\"@id\":\"https:\\\/\\\/adiseal.com\\\/products\\\/ultralube\\\/#primaryimage\",\"url\":\"https:\\\/\\\/adiseal.com\\\/wp-content\\\/uploads\\\/2020\\\/03\\\/UL_logo.jpg\",\"contentUrl\":\"https:\\\/\\\/adiseal.com\\\/wp-content\\\/uploads\\\/2020\\\/03\\\/UL_logo.jpg\"},{\"@type\":\"BreadcrumbList\",\"@id\":\"https:\\\/\\\/adiseal.com\\\/products\\\/ultralube\\\/#breadcrumb\",\"itemListElement\":[{\"@type\":\"ListItem\",\"position\":1,\"name\":\"Home\",\"item\":\"https:\\\/\\\/adiseal.com\\\/\"},{\"@type\":\"ListItem\",\"position\":2,\"name\":\"Products\",\"item\":\"https:\\\/\\\/adiseal.com\\\/products\\\/\"},{\"@type\":\"ListItem\",\"position\":3,\"name\":\"UltraLube\"}]},{\"@type\":\"WebSite\",\"@id\":\"https:\\\/\\\/adiseal.com\\\/#website\",\"url\":\"https:\\\/\\\/adiseal.com\\\/\",\"name\":\"Adiseal\",\"description\":\"Professional construction products\",\"potentialAction\":[{\"@type\":\"SearchAction\",\"target\":{\"@type\":\"EntryPoint\",\"urlTemplate\":\"https:\\\/\\\/adiseal.com\\\/?s={search_term_string}\"},\"query-input\":{\"@type\":\"PropertyValueSpecification\",\"valueRequired\":true,\"valueName\":\"search_term_string\"}}],\"inLanguage\":\"fr-FR\"}]}<\/script>\n<!-- \/ Yoast SEO Premium plugin. -->","yoast_head_json":{"title":"Best lubricant & penetrating oil (2021) | rust remover","description":"UltraLube a 4 fois plus de lubrifiant qu'un lubrifiant \u00e0 base de p\u00e9trole. C'est un excellent antirouille sur le m\u00e9tal et pr\u00e9vient la rouille et la corrosion.","robots":{"index":"index","follow":"follow","max-snippet":"max-snippet:-1","max-image-preview":"max-image-preview:large","max-video-preview":"max-video-preview:-1"},"canonical":"https:\/\/adiseal.com\/products\/ultralube\/","og_locale":"fr_FR","og_type":"article","og_title":"UltraLube - Adiseal","og_description":"UltraLube a 4 fois plus de lubrifiant qu'un lubrifiant \u00e0 base de p\u00e9trole. C'est un excellent antirouille sur le m\u00e9tal et pr\u00e9vient la rouille et la corrosion.","og_url":"https:\/\/adiseal.com\/products\/ultralube\/","og_site_name":"Adiseal","article_publisher":"https:\/\/www.facebook.com\/AdisealLtd\/","article_modified_time":"2021-09-24T12:44:27+00:00","og_image":[{"url":"https:\/\/adiseal.com\/wp-content\/uploads\/2020\/03\/UL_logo.jpg","type":"","width":"","height":""}],"twitter_card":"summary_large_image","twitter_site":"@Adiseal","twitter_misc":{"Dur\u00e9e de lecture estim\u00e9e":"3 minutes"},"schema":{"@context":"https:\/\/schema.org","@graph":[{"@type":"WebPage","@id":"https:\/\/adiseal.com\/products\/ultralube\/","url":"https:\/\/adiseal.com\/products\/ultralube\/","name":"Best lubricant & penetrating oil (2021) | rust remover","isPartOf":{"@id":"https:\/\/adiseal.com\/#website"},"primaryImageOfPage":{"@id":"https:\/\/adiseal.com\/products\/ultralube\/#primaryimage"},"image":{"@id":"https:\/\/adiseal.com\/products\/ultralube\/#primaryimage"},"thumbnailUrl":"https:\/\/adiseal.com\/wp-content\/uploads\/2020\/03\/UL_logo.jpg","datePublished":"2020-03-05T19:13:40+00:00","dateModified":"2021-09-24T12:44:27+00:00","description":"UltraLube a 4 fois plus de lubrifiant qu'un lubrifiant \u00e0 base de p\u00e9trole. C'est un excellent antirouille sur le m\u00e9tal et pr\u00e9vient la rouille et la corrosion.","breadcrumb":{"@id":"https:\/\/adiseal.com\/products\/ultralube\/#breadcrumb"},"inLanguage":"fr-FR","potentialAction":[{"@type":"ReadAction","target":["https:\/\/adiseal.com\/products\/ultralube\/"]}]},{"@type":"ImageObject","inLanguage":"fr-FR","@id":"https:\/\/adiseal.com\/products\/ultralube\/#primaryimage","url":"https:\/\/adiseal.com\/wp-content\/uploads\/2020\/03\/UL_logo.jpg","contentUrl":"https:\/\/adiseal.com\/wp-content\/uploads\/2020\/03\/UL_logo.jpg"},{"@type":"BreadcrumbList","@id":"https:\/\/adiseal.com\/products\/ultralube\/#breadcrumb","itemListElement":[{"@type":"ListItem","position":1,"name":"Home","item":"https:\/\/adiseal.com\/"},{"@type":"ListItem","position":2,"name":"Products","item":"https:\/\/adiseal.com\/products\/"},{"@type":"ListItem","position":3,"name":"UltraLube"}]},{"@type":"WebSite","@id":"https:\/\/adiseal.com\/#website","url":"https:\/\/adiseal.com\/","name":"Adiseal","description":"Professional construction products","potentialAction":[{"@type":"SearchAction","target":{"@type":"EntryPoint","urlTemplate":"https:\/\/adiseal.com\/?s={search_term_string}"},"query-input":{"@type":"PropertyValueSpecification","valueRequired":true,"valueName":"search_term_string"}}],"inLanguage":"fr-FR"}]}},"_links":{"self":[{"href":"https:\/\/adiseal.com\/fr\/wp-json\/wp\/v2\/pages\/293","targetHints":{"allow":["GET"]}}],"collection":[{"href":"https:\/\/adiseal.com\/fr\/wp-json\/wp\/v2\/pages"}],"about":[{"href":"https:\/\/adiseal.com\/fr\/wp-json\/wp\/v2\/types\/page"}],"author":[{"embeddable":true,"href":"https:\/\/adiseal.com\/fr\/wp-json\/wp\/v2\/users\/1"}],"replies":[{"embeddable":true,"href":"https:\/\/adiseal.com\/fr\/wp-json\/wp\/v2\/comments?post=293"}],"version-history":[{"count":5,"href":"https:\/\/adiseal.com\/fr\/wp-json\/wp\/v2\/pages\/293\/revisions"}],"predecessor-version":[{"id":2187,"href":"https:\/\/adiseal.com\/fr\/wp-json\/wp\/v2\/pages\/293\/revisions\/2187"}],"up":[{"embeddable":true,"href":"https:\/\/adiseal.com\/fr\/wp-json\/wp\/v2\/pages\/39"}],"wp:attachment":[{"href":"https:\/\/adiseal.com\/fr\/wp-json\/wp\/v2\/media?parent=293"}],"curies":[{"name":"wp","href":"https:\/\/api.w.org\/{rel}","templated":true}]}}