{"id":285,"date":"2020-03-05T11:56:48","date_gmt":"2020-03-05T11:56:48","guid":{"rendered":"https:\/\/adiseal.com\/?page_id=285"},"modified":"2023-11-03T23:24:12","modified_gmt":"2023-11-03T23:24:12","slug":"offer","status":"publish","type":"page","link":"https:\/\/adiseal.com\/fr\/offer\/","title":{"rendered":"Free Tube Offer"},"content":{"rendered":"\n<h1 class=\"wp-block-heading\" id=\"h-free-tube-of-adiseal-for-any-trades-person\">Free tube of Adiseal for any trades person<\/h1>\n\n\n\n<p><br><\/p>\n\n\n\n<p><strong>Yes really.<\/strong> We are giving a free tube of <a href=\"https:\/\/adiseal.com\/adhesive-sealant\/\">Adiseal<\/a> White adhesive &amp; sealant 290ml to any trades person in the UK. The reason why we are giving away these free tubes, is so that we can show you in detail in an email how Adiseal is better than specific competitor products, some of which claim to be the No.1 adhesive &amp; sealant and are more expensive than Adiseal.<\/p>\n\n\n\n<p>Please allow us a few weeks to respond back to your free tube request as we usually send them out in batches once we receive enough requests.<\/p>\n\n\n\n<p><\/p>\n\n\n\n<p><\/p>\n\n\n\n<figure class=\"wp-block-image size-large\"><img loading=\"lazy\" decoding=\"async\" width=\"548\" height=\"314\" src=\"https:\/\/adiseal.com\/wp-content\/uploads\/2020\/09\/best_grab_adhesive_test.jpg\" alt=\"strong grab adhesive test result\" class=\"wp-image-897\" srcset=\"https:\/\/adiseal.com\/wp-content\/uploads\/2020\/09\/best_grab_adhesive_test.jpg 548w, https:\/\/adiseal.com\/wp-content\/uploads\/2020\/09\/best_grab_adhesive_test-300x172.jpg 300w, https:\/\/adiseal.com\/wp-content\/uploads\/2020\/09\/best_grab_adhesive_test-410x235.jpg 410w, https:\/\/adiseal.com\/wp-content\/uploads\/2020\/09\/best_grab_adhesive_test-100x57.jpg 100w, https:\/\/adiseal.com\/wp-content\/uploads\/2020\/09\/best_grab_adhesive_test-275x158.jpg 275w\" sizes=\"auto, (max-width: 548px) 100vw, 548px\" \/><\/figure>\n\n\n\n<p>Adiseal was the strongest adhesive &amp; sealant by far in an independent test by <a href=\"http:\/\/www.ultimatehandyman.co.uk\">Ultimate Handyman<\/a>. For more details see the <a href=\"https:\/\/adiseal.com\/adhesive-sealant\/\">Adiseal<\/a> page.<br><\/p>\n\n\n\n<h3 class=\"wp-block-heading\" id=\"h-adiseal-has-strongest-colour-retention\">Adiseal has strongest colour retention<\/h3>\n\n\n\n<figure class=\"wp-block-image size-large\"><img loading=\"lazy\" decoding=\"async\" width=\"500\" height=\"281\" src=\"https:\/\/adiseal.com\/wp-content\/uploads\/2020\/02\/clear_sealant_comparison_in_water.jpg\" alt=\"clear sealant in water comparison\" class=\"wp-image-10\" srcset=\"https:\/\/adiseal.com\/wp-content\/uploads\/2020\/02\/clear_sealant_comparison_in_water.jpg 500w, https:\/\/adiseal.com\/wp-content\/uploads\/2020\/02\/clear_sealant_comparison_in_water-300x169.jpg 300w\" sizes=\"auto, (max-width: 500px) 100vw, 500px\" \/><\/figure>\n\n\n\n<p>Adiseal is the strongest in colour retention even underwater. The competitor product in the image is more expensive than Adiseal and it also claims to be the No.1 adhesive &amp; sealant. As you can see in the image, this competitors new clear product has turned white when in contact with water. <\/p>\n\n\n\n<p>We carried out the colour retention test with a number of different clear sealants &amp; adhesives. To do this, we applied each product inside new clean plastic cups, filled them half way with water, covered them &amp; kept them in the same conditions.<\/p>\n\n\n\n<figure class=\"wp-block-image size-large\"><img loading=\"lazy\" decoding=\"async\" width=\"750\" height=\"422\" src=\"https:\/\/adiseal.com\/wp-content\/uploads\/2020\/09\/Clear-sealant-test.jpg\" alt=\"clear sealant test in water\" class=\"wp-image-917\" srcset=\"https:\/\/adiseal.com\/wp-content\/uploads\/2020\/09\/Clear-sealant-test.jpg 750w, https:\/\/adiseal.com\/wp-content\/uploads\/2020\/09\/Clear-sealant-test-300x169.jpg 300w, https:\/\/adiseal.com\/wp-content\/uploads\/2020\/09\/Clear-sealant-test-700x394.jpg 700w, https:\/\/adiseal.com\/wp-content\/uploads\/2020\/09\/Clear-sealant-test-410x231.jpg 410w, https:\/\/adiseal.com\/wp-content\/uploads\/2020\/09\/Clear-sealant-test-100x56.jpg 100w, https:\/\/adiseal.com\/wp-content\/uploads\/2020\/09\/Clear-sealant-test-275x155.jpg 275w\" sizes=\"auto, (max-width: 750px) 100vw, 750px\" \/><\/figure>\n\n\n\n<p><\/p>\n\n\n\n<p>Adiseal was the only product to stay clear in &amp; above the water. The worst performer was the new clear product from the competitor claiming to be No.1 adhesive &amp; sealant. It was the only product to turn white completely, even the half that was above the water. In fact their old formula clear adhesive &amp; sealant performed better as it turned white in the water only.<\/p>\n\n\n\n<p><strong>Why pay more for a brand name when it&rsquo;s performance that matters. We say separate hype from reality.<\/strong><\/p>\n\n\n\n<p><br><\/p>\n\n\n\n<h3 class=\"wp-block-heading\" id=\"h-adiseal-has-strongest-mould-resistance\">Adiseal has strongest mould resistance<\/h3>\n\n\n\n<figure class=\"wp-block-image size-large\"><img loading=\"lazy\" decoding=\"async\" width=\"500\" height=\"281\" src=\"https:\/\/adiseal.com\/wp-content\/uploads\/2020\/02\/mould_resistance_comparison.jpg\" alt=\"anti mould sealant &amp; mould resistant sealant\" class=\"wp-image-9\" srcset=\"https:\/\/adiseal.com\/wp-content\/uploads\/2020\/02\/mould_resistance_comparison.jpg 500w, https:\/\/adiseal.com\/wp-content\/uploads\/2020\/02\/mould_resistance_comparison-300x169.jpg 300w\" sizes=\"auto, (max-width: 500px) 100vw, 500px\" \/><\/figure>\n\n\n\n<p>The competitor product is more expensive than Adiseal and claims to be the No.1 adhesive &amp; sealant. As shown in the image, Adiseal has stronger mould resistance than the competitor.<\/p>\n\n\n\n<p><br><\/p>\n\n\n\n<h2 class=\"wp-block-heading\" id=\"h-how-to-get-your-free-tube\">How to get your free tube<\/h2>\n\n\n\n<p>To get your free tube simply send an email to: <\/p>\n\n\n\n<figure class=\"wp-block-image size-large\"><img loading=\"lazy\" decoding=\"async\" width=\"160\" height=\"80\" src=\"https:\/\/adiseal.com\/wp-content\/uploads\/2020\/03\/sales-email-address-image.jpg\" alt=\"sales email address image\" class=\"wp-image-287\" srcset=\"https:\/\/adiseal.com\/wp-content\/uploads\/2020\/03\/sales-email-address-image.jpg 160w, https:\/\/adiseal.com\/wp-content\/uploads\/2020\/03\/sales-email-address-image-100x50.jpg 100w\" sizes=\"auto, (max-width: 160px) 100vw, 160px\" \/><\/figure>\n\n\n\n<p><\/p>\n\n\n\n<p><br><\/p>\n\n\n\n<p><strong>Terms &amp; Conditions:<\/strong><\/p>\n\n\n\n<ol class=\"wp-block-list\">\n<li>Limited to trades people only.<\/li>\n\n\n\n<li>Limited to 1 free tube of Adiseal White adhesive &amp; sealant 290ml per company.<\/li>\n\n\n\n<li>Offer limited to trades people in UK mainland only.<\/li>\n\n\n\n<li>Adiseal Ltd have the right to refuse a free tube request.<\/li>\n\n\n\n<li>Adiseal Ltd have the right to end offer without notice.<\/li>\n\n\n\n<li>Adiseal Ltd have the right to temporarily stop the offer.<\/li>\n\n\n\n<li>To request a free tube, an email has to be sent to the email address above.<\/li>\n\n\n\n<li>Please allow us a few weeks to respond back to your free tube request as we usually send them out in batches once we receive enough requests.<\/li>\n<\/ol>\n\n\n\n<p><\/p>\n\n\n\n<p><br><\/p>\n\n\n\n<figure class=\"wp-block-image size-large\"><img loading=\"lazy\" decoding=\"async\" width=\"520\" height=\"731\" src=\"https:\/\/adiseal.com\/wp-content\/uploads\/2020\/03\/Adiseal-free-tube-website-image.jpg\" alt=\"Adiseal free tube offer\" class=\"wp-image-286\" srcset=\"https:\/\/adiseal.com\/wp-content\/uploads\/2020\/03\/Adiseal-free-tube-website-image.jpg 520w, https:\/\/adiseal.com\/wp-content\/uploads\/2020\/03\/Adiseal-free-tube-website-image-213x300.jpg 213w, https:\/\/adiseal.com\/wp-content\/uploads\/2020\/03\/Adiseal-free-tube-website-image-410x576.jpg 410w, https:\/\/adiseal.com\/wp-content\/uploads\/2020\/03\/Adiseal-free-tube-website-image-100x141.jpg 100w, https:\/\/adiseal.com\/wp-content\/uploads\/2020\/03\/Adiseal-free-tube-website-image-275x387.jpg 275w\" sizes=\"auto, (max-width: 520px) 100vw, 520px\" \/><\/figure>\n\n\n\n<p><br><\/p>\n\n\n\n<p><br><\/p>\n\n\n\n<p><br><\/p>\n\n\n\n<p><strong>Comparative advertising details in email<\/strong><\/p>\n\n\n\n<p>Grab comparison:<br>Grab test done by using 100g weights on a tile held vertically. Adiseal was shown to have higher grab than the competitor.<\/p>\n\n\n\n<p>Clear comparison:<br>Clear products applied inside new clean plastic cups then filled half way with tap water. Cups were then covered and kept in the same conditions. Adiseal has stayed the clearest. Competitor product turned white, even the half that was not in the water.<\/p>\n\n\n\n<p>Strength comparison:<br>See Ultimate Handyman&rsquo;s test on YouTube.<\/p>\n\n\n\n<p>Mould resistance comparison:<br>Test done by applying the products on the inside of new clean plastic cups, filling up half way with tap water, then covering the cups &amp; keeping them in the same conditions. Image was taken after 45 days to highlight the difference in mould growth.<\/p>\n\n\n\n<p><\/p>\n\n\n\n<p><br><\/p>\n\n\n<div class=\"wp-block-post-date__modified-date wp-block-post-date\"><time datetime=\"2023-11-03T23:24:12+00:00\">3 novembre 2023<\/time><\/div>","protected":false},"excerpt":{"rendered":"<p>Free tube of Adiseal for any trades person Yes really. We are giving a free tube of Adiseal White adhesive &amp; sealant 290ml to any trades person in the UK. The reason why we are giving away these free tubes, is so that we can [&hellip;]<\/p>\n","protected":false},"author":1,"featured_media":0,"parent":0,"menu_order":0,"comment_status":"open","ping_status":"closed","template":"","meta":{"footnotes":""},"class_list":["post-285","page","type-page","status-publish","hentry"],"translation":{"provider":"WPGlobus","version":"3.0.2","language":"fr","enabled_languages":["en","es","fr"],"languages":{"en":{"title":true,"content":true,"excerpt":false},"es":{"title":false,"content":false,"excerpt":false},"fr":{"title":false,"content":false,"excerpt":false}}},"yoast_head":"<!-- This site is optimized with the Yoast SEO Premium plugin v27.2 (Yoast SEO v27.4) - https:\/\/yoast.com\/product\/yoast-seo-premium-wordpress\/ -->\n<title>Free Tube of Adiseal Adhesive for any Trades Person<\/title>\n<meta name=\"description\" content=\"Obtenez un tube gratuit d&#039;adh\u00e9sif et de scellant Adiseal pour toute personne de m\u00e9tier. Le meilleur adh\u00e9sif et mastic de pr\u00e9hension le plus puissant qui bat\" \/>\n<meta name=\"robots\" content=\"index, follow, max-snippet:-1, max-image-preview:large, max-video-preview:-1\" \/>\n<link rel=\"canonical\" href=\"https:\/\/adiseal.com\/offer\/\" \/>\n<meta property=\"og:locale\" content=\"fr_FR\" \/>\n<meta property=\"og:type\" content=\"article\" \/>\n<meta property=\"og:title\" content=\"Free Tube Offer - Adiseal\" \/>\n<meta property=\"og:description\" content=\"Obtenez un tube gratuit d&#039;adh\u00e9sif et de scellant Adiseal pour toute personne de m\u00e9tier. Le meilleur adh\u00e9sif et mastic de pr\u00e9hension le plus puissant qui bat\" \/>\n<meta property=\"og:url\" content=\"https:\/\/adiseal.com\/offer\/\" \/>\n<meta property=\"og:site_name\" content=\"Adiseal\" \/>\n<meta property=\"article:publisher\" content=\"https:\/\/www.facebook.com\/AdisealLtd\/\" \/>\n<meta property=\"article:modified_time\" content=\"2023-11-03T23:24:12+00:00\" \/>\n<meta property=\"og:image\" content=\"https:\/\/adiseal.com\/wp-content\/uploads\/2020\/09\/best_grab_adhesive_test.jpg\" \/>\n<meta name=\"twitter:card\" content=\"summary_large_image\" \/>\n<meta name=\"twitter:site\" content=\"@Adiseal\" \/>\n<meta name=\"twitter:label1\" content=\"Dur\u00e9e de lecture estim\u00e9e\" \/>\n\t<meta name=\"twitter:data1\" content=\"4 minutes\" \/>\n<script type=\"application\/ld+json\" class=\"yoast-schema-graph\">{\"@context\":\"https:\\\/\\\/schema.org\",\"@graph\":[{\"@type\":\"WebPage\",\"@id\":\"https:\\\/\\\/adiseal.com\\\/offer\\\/\",\"url\":\"https:\\\/\\\/adiseal.com\\\/offer\\\/\",\"name\":\"Free Tube of Adiseal Adhesive for any Trades Person\",\"isPartOf\":{\"@id\":\"https:\\\/\\\/adiseal.com\\\/#website\"},\"primaryImageOfPage\":{\"@id\":\"https:\\\/\\\/adiseal.com\\\/offer\\\/#primaryimage\"},\"image\":{\"@id\":\"https:\\\/\\\/adiseal.com\\\/offer\\\/#primaryimage\"},\"thumbnailUrl\":\"https:\\\/\\\/adiseal.com\\\/wp-content\\\/uploads\\\/2020\\\/09\\\/best_grab_adhesive_test.jpg\",\"datePublished\":\"2020-03-05T11:56:48+00:00\",\"dateModified\":\"2023-11-03T23:24:12+00:00\",\"description\":\"Get a free tube of Adiseal adhesive & sealant for any trades person. The record breaking strongest best grab adhesive & sealant.\",\"breadcrumb\":{\"@id\":\"https:\\\/\\\/adiseal.com\\\/offer\\\/#breadcrumb\"},\"inLanguage\":\"fr-FR\",\"potentialAction\":[{\"@type\":\"ReadAction\",\"target\":[\"https:\\\/\\\/adiseal.com\\\/offer\\\/\"]}]},{\"@type\":\"ImageObject\",\"inLanguage\":\"fr-FR\",\"@id\":\"https:\\\/\\\/adiseal.com\\\/offer\\\/#primaryimage\",\"url\":\"https:\\\/\\\/adiseal.com\\\/wp-content\\\/uploads\\\/2020\\\/09\\\/best_grab_adhesive_test.jpg\",\"contentUrl\":\"https:\\\/\\\/adiseal.com\\\/wp-content\\\/uploads\\\/2020\\\/09\\\/best_grab_adhesive_test.jpg\"},{\"@type\":\"BreadcrumbList\",\"@id\":\"https:\\\/\\\/adiseal.com\\\/offer\\\/#breadcrumb\",\"itemListElement\":[{\"@type\":\"ListItem\",\"position\":1,\"name\":\"Home\",\"item\":\"https:\\\/\\\/adiseal.com\\\/\"},{\"@type\":\"ListItem\",\"position\":2,\"name\":\"Free Tube Offer\"}]},{\"@type\":\"WebSite\",\"@id\":\"https:\\\/\\\/adiseal.com\\\/#website\",\"url\":\"https:\\\/\\\/adiseal.com\\\/\",\"name\":\"Adiseal\",\"description\":\"Professional construction products\",\"potentialAction\":[{\"@type\":\"SearchAction\",\"target\":{\"@type\":\"EntryPoint\",\"urlTemplate\":\"https:\\\/\\\/adiseal.com\\\/?s={search_term_string}\"},\"query-input\":{\"@type\":\"PropertyValueSpecification\",\"valueRequired\":true,\"valueName\":\"search_term_string\"}}],\"inLanguage\":\"fr-FR\"}]}<\/script>\n<!-- \/ Yoast SEO Premium plugin. -->","yoast_head_json":{"title":"Free Tube of Adiseal Adhesive for any Trades Person","description":"Obtenez un tube gratuit d'adh\u00e9sif et de scellant Adiseal pour toute personne de m\u00e9tier. Le meilleur adh\u00e9sif et mastic de pr\u00e9hension le plus puissant qui bat","robots":{"index":"index","follow":"follow","max-snippet":"max-snippet:-1","max-image-preview":"max-image-preview:large","max-video-preview":"max-video-preview:-1"},"canonical":"https:\/\/adiseal.com\/offer\/","og_locale":"fr_FR","og_type":"article","og_title":"Free Tube Offer - Adiseal","og_description":"Obtenez un tube gratuit d'adh\u00e9sif et de scellant Adiseal pour toute personne de m\u00e9tier. Le meilleur adh\u00e9sif et mastic de pr\u00e9hension le plus puissant qui bat","og_url":"https:\/\/adiseal.com\/offer\/","og_site_name":"Adiseal","article_publisher":"https:\/\/www.facebook.com\/AdisealLtd\/","article_modified_time":"2023-11-03T23:24:12+00:00","og_image":[{"url":"https:\/\/adiseal.com\/wp-content\/uploads\/2020\/09\/best_grab_adhesive_test.jpg","type":"","width":"","height":""}],"twitter_card":"summary_large_image","twitter_site":"@Adiseal","twitter_misc":{"Dur\u00e9e de lecture estim\u00e9e":"4 minutes"},"schema":{"@context":"https:\/\/schema.org","@graph":[{"@type":"WebPage","@id":"https:\/\/adiseal.com\/offer\/","url":"https:\/\/adiseal.com\/offer\/","name":"Free Tube of Adiseal Adhesive for any Trades Person","isPartOf":{"@id":"https:\/\/adiseal.com\/#website"},"primaryImageOfPage":{"@id":"https:\/\/adiseal.com\/offer\/#primaryimage"},"image":{"@id":"https:\/\/adiseal.com\/offer\/#primaryimage"},"thumbnailUrl":"https:\/\/adiseal.com\/wp-content\/uploads\/2020\/09\/best_grab_adhesive_test.jpg","datePublished":"2020-03-05T11:56:48+00:00","dateModified":"2023-11-03T23:24:12+00:00","description":"Get a free tube of Adiseal adhesive & sealant for any trades person. The record breaking strongest best grab adhesive & sealant.","breadcrumb":{"@id":"https:\/\/adiseal.com\/offer\/#breadcrumb"},"inLanguage":"fr-FR","potentialAction":[{"@type":"ReadAction","target":["https:\/\/adiseal.com\/offer\/"]}]},{"@type":"ImageObject","inLanguage":"fr-FR","@id":"https:\/\/adiseal.com\/offer\/#primaryimage","url":"https:\/\/adiseal.com\/wp-content\/uploads\/2020\/09\/best_grab_adhesive_test.jpg","contentUrl":"https:\/\/adiseal.com\/wp-content\/uploads\/2020\/09\/best_grab_adhesive_test.jpg"},{"@type":"BreadcrumbList","@id":"https:\/\/adiseal.com\/offer\/#breadcrumb","itemListElement":[{"@type":"ListItem","position":1,"name":"Home","item":"https:\/\/adiseal.com\/"},{"@type":"ListItem","position":2,"name":"Free Tube Offer"}]},{"@type":"WebSite","@id":"https:\/\/adiseal.com\/#website","url":"https:\/\/adiseal.com\/","name":"Adiseal","description":"Professional construction products","potentialAction":[{"@type":"SearchAction","target":{"@type":"EntryPoint","urlTemplate":"https:\/\/adiseal.com\/?s={search_term_string}"},"query-input":{"@type":"PropertyValueSpecification","valueRequired":true,"valueName":"search_term_string"}}],"inLanguage":"fr-FR"}]}},"_links":{"self":[{"href":"https:\/\/adiseal.com\/fr\/wp-json\/wp\/v2\/pages\/285","targetHints":{"allow":["GET"]}}],"collection":[{"href":"https:\/\/adiseal.com\/fr\/wp-json\/wp\/v2\/pages"}],"about":[{"href":"https:\/\/adiseal.com\/fr\/wp-json\/wp\/v2\/types\/page"}],"author":[{"embeddable":true,"href":"https:\/\/adiseal.com\/fr\/wp-json\/wp\/v2\/users\/1"}],"replies":[{"embeddable":true,"href":"https:\/\/adiseal.com\/fr\/wp-json\/wp\/v2\/comments?post=285"}],"version-history":[{"count":5,"href":"https:\/\/adiseal.com\/fr\/wp-json\/wp\/v2\/pages\/285\/revisions"}],"predecessor-version":[{"id":7937,"href":"https:\/\/adiseal.com\/fr\/wp-json\/wp\/v2\/pages\/285\/revisions\/7937"}],"wp:attachment":[{"href":"https:\/\/adiseal.com\/fr\/wp-json\/wp\/v2\/media?parent=285"}],"curies":[{"name":"wp","href":"https:\/\/api.w.org\/{rel}","templated":true}]}}