{"id":28,"date":"2020-02-24T17:28:36","date_gmt":"2020-02-24T17:28:36","guid":{"rendered":"https:\/\/adiseal.com\/?page_id=28"},"modified":"2025-04-09T18:12:32","modified_gmt":"2025-04-09T17:12:32","slug":"about","status":"publish","type":"page","link":"https:\/\/adiseal.com\/fr\/about\/","title":{"rendered":"\u00c0 propos de nous"},"content":{"rendered":"\r\n<h1 class=\"wp-block-heading\" id=\"h-produits-de-construction-professionnels\"><strong>Produits de construction professionnels<\/strong><\/h1>\r\n\r\n\r\n\r\n<p>Adiseal Ltd sont des fournisseurs professionnels de produits et de mat\u00e9riaux de construction aux types de commer\u00e7ants suivants :<\/p>\r\n\r\n\r\n\r\n<ul class=\"wp-block-list\"><li>Les marchands de mat\u00e9riaux de construction,<\/li><li>Les plombiers marchands,<\/li><li>Les grossistes en \u00e9lectricit\u00e9,<\/li><li>Marchands d&rsquo;ing\u00e9nierie,<\/li><li>Quincaillerie architecturale,<\/li><li>Magasins de bricolage,<\/li><li>Marchands d&rsquo;automobiles,<\/li><li>Centres de jardinage, et magasins de plein air.<\/li><\/ul>\r\n\r\n\r\n\r\n<p>Pour qu&rsquo;Adiseal Ltd soit le fournisseur de mat\u00e9riaux de construction de votre entreprise, vous devez disposer d&rsquo;un comptoir commercial.<\/p>\r\n\r\n\r\n\r\n<p>L&rsquo;adh\u00e9sif et le mastic d&rsquo;\u00e9tanch\u00e9it\u00e9 <a href=\"https:\/\/adiseal.com\/adhesive-sealant\/\">Adiseal <\/a>Ltd est le produit num\u00e9ro 1, qui bat tous les records. Il est bien plus r\u00e9sistant que tout autre produit.<\/p>\r\n\r\n\r\n\r\n<p><\/p>\r\n\r\n\r\n\r\n<figure class=\"wp-block-image size-large\"><a href=\"https:\/\/adiseal.com\/adhesive-sealant\/\"><img loading=\"lazy\" decoding=\"async\" width=\"351\" height=\"351\" src=\"https:\/\/adiseal.com\/wp-content\/uploads\/2020\/09\/best_grab_adhesive_strongest.jpg\" alt=\"best grab adhesive strongest\" class=\"wp-image-889\" srcset=\"https:\/\/adiseal.com\/wp-content\/uploads\/2020\/09\/best_grab_adhesive_strongest.jpg 351w, https:\/\/adiseal.com\/wp-content\/uploads\/2020\/09\/best_grab_adhesive_strongest-300x300.jpg 300w, https:\/\/adiseal.com\/wp-content\/uploads\/2020\/09\/best_grab_adhesive_strongest-150x150.jpg 150w, https:\/\/adiseal.com\/wp-content\/uploads\/2020\/09\/best_grab_adhesive_strongest-100x100.jpg 100w, https:\/\/adiseal.com\/wp-content\/uploads\/2020\/09\/best_grab_adhesive_strongest-275x275.jpg 275w\" sizes=\"auto, (max-width: 351px) 100vw, 351px\" \/><\/a><\/figure>\r\n\r\n\r\n\r\n<p><\/p>\r\n\r\n\r\n\r\n<p>Notre adresse est la suivante :<br>Adiseal Ltd<br>Unit 29<br>St Marys St<br>Preston<br>PR1 5LN<\/p>\r\n\r\n\r\n\r\n<p>Tel: 01772 556658<\/p>\r\n\r\n\r\n\r\n<p>Email:<\/p>\r\n\r\n\r\n\r\n<figure class=\"wp-block-image size-large\"><img loading=\"lazy\" decoding=\"async\" width=\"160\" height=\"80\" src=\"https:\/\/adiseal.com\/wp-content\/uploads\/2020\/02\/eml.jpg\" alt=\"adiseal\" class=\"wp-image-56\" srcset=\"https:\/\/adiseal.com\/wp-content\/uploads\/2020\/02\/eml.jpg 160w, https:\/\/adiseal.com\/wp-content\/uploads\/2020\/02\/eml-100x50.jpg 100w\" sizes=\"auto, (max-width: 160px) 100vw, 160px\" \/><\/figure>\r\n\r\n\r\n\r\n<p><\/p>\r\n\r\n\r\n\r\n<p><a href=\"https:\/\/goo.gl\/maps\/s6DBJMjUoqeiVQ8t8\">https:\/\/goo.gl\/maps\/s6DBJMjUoqeiVQ8t8<\/a><\/p>\r\n\r\n\r\n\r\n<iframe loading=\"lazy\" src=\"https:\/\/www.google.com\/maps\/embed?pb=!1m18!1m12!1m3!1d2358.5521015807562!2d-2.68838538414585!3d53.76185808006823!2m3!1f0!2f0!3f0!3m2!1i1024!2i768!4f13.1!3m3!1m2!1s0x487b727b1ca59c39%3A0x5f2c2a0911f92c60!2sAdiseal%20Ltd!5e0!3m2!1sen!2suk!4v1583515974196!5m2!1sen!2suk\" style=\"border:0;\" allowfullscreen=\"\" width=\"600\" height=\"450\" frameborder=\"0\"><\/iframe>\r\n\r\n\r\n\r\n<p><br><\/p>\r\n\r\n\r\n\r\n<h4 class=\"wp-block-heading\" id=\"h-fournisseurs-de-mat-riaux-de-construction-de-produits-d-tanch-it-et-d-adh-sifs\"><strong>Fournisseurs de mat\u00e9riaux de construction, de produits d&rsquo;\u00e9tanch\u00e9it\u00e9 et d&rsquo;adh\u00e9sifs<\/strong><\/h4>\r\n\r\n\r\n\r\n<p>Adiseal Ltd a introduit sur le march\u00e9 britannique des mat\u00e9riaux de construction professionnels de haute qualit\u00e9 gr\u00e2ce \u00e0 des recherches, des d\u00e9veloppements et des tests approfondis. Utilisant les derni\u00e8res technologies, l&rsquo;adh\u00e9sif et le mastic Adiseal est le meilleur adh\u00e9sif et mastic d&rsquo;\u00e9tanch\u00e9it\u00e9 disponible sur le march\u00e9.<\/p>\r\n\r\n\r\n\r\n<p>Comme Adiseal Ltd est uniquement un fournisseur de mat\u00e9riaux de construction de haute performance, les commer\u00e7ants font confiance \u00e0 la marque Adiseal pour faire le travail.<\/p>\r\n\r\n\r\n\r\n<p>Les produits Adiseal sont fabriqu\u00e9s dans un environnement de la plus haute qualit\u00e9 selon les normes ISO 9001\/2 et poss\u00e8dent un certain nombre de certificats suppl\u00e9mentaires, dont les certifications EC1 Plus et ISEGA.<\/p>\r\n\r\n\r\n\r\n<p><br><\/p>\r\n\r\n\r\n\r\n<h3 class=\"wp-block-heading\" id=\"h-la-marque-adiseal\"><strong>La marque Adiseal<\/strong><\/h3>\r\n\r\n\r\n\r\n<p><strong><em>Performance<\/em><\/strong> : Nous nous effor\u00e7ons constamment de faire en sorte que nos produits soient les mat\u00e9riaux de construction les plus performants du march\u00e9.<\/p>\r\n\r\n\r\n\r\n<p><strong><em>Valeur<\/em><\/strong> : Nous ne fournissons pas les mat\u00e9riaux de construction les moins chers ou les plus chers, mais nos clients devraient en avoir pour leur argent.<\/p>\r\n\r\n\r\n\r\n<p><strong><em>La qualit\u00e9<\/em><\/strong> : Nos produits doivent r\u00e9pondre aux normes les plus \u00e9lev\u00e9es.<\/p>\r\n\r\n\r\n\r\n<p><strong><em>L&rsquo;int\u00e9grit\u00e9<\/em><\/strong> : Nos produits sont extr\u00eamement performants, mais ils ne font pas de miracles. Si nous estimons que nos produits ne conviennent pas \u00e0 une application particuli\u00e8re, nous vous conseillerons au lieu de vous les vendre.<\/p>\r\n\r\n\r\n\r\n<p><strong><em>Service<\/em><\/strong> : Nous voulons que nos clients soient satisfaits d&rsquo;Adiseal, pas seulement de nos produits, mais aussi de nous en tant que personnes. Si, pour une raison quelconque, nos produits ne fonctionnent pas, nous serons heureux de vous rembourser.<\/p>\r\n\r\n\r\n\r\n<p><strong><em>R\u00e9putation <\/em><\/strong>: Comme tous les commer\u00e7ants de qualit\u00e9 qui sont fiers de leur travail, nous sommes fiers de nos produits et de notre service. Nous ne voulons pas vous fournir des mat\u00e9riaux de construction, mais nous voulons que vous nous recommandiez \u00e0 d&rsquo;autres personnes en raison de nos performances.<\/p>\r\n\r\n\r\n\r\n<p><br><\/p>\r\n\r\n\r\n<p>\r\n<!--StartFragment--><\/p>\r\n\r\n\r\n<h3 class=\"wp-block-heading\" id=\"h-distributeurs-de-marques-internationales\">Distributeurs de marques internationales<\/h3>\r\n\r\n\r\n\r\n<p>Adiseal Ltd est \u00e9galement le distributeur britannique de marques internationales. Notre \u00e9quipe de repr\u00e9sentants commerciaux professionnels repr\u00e9sente \u00e9galement au Royaume-Uni, UltraLube, RALI et AjustLock. Si vous souhaitez que votre marque soit repr\u00e9sent\u00e9e au Royaume-Uni, veuillez nous contacter. Adiseal Ltd peut offrir un service de distribution complet au Royaume-Uni, comprenant l&rsquo;entreposage, la repr\u00e9sentation commerciale, le marketing et la livraison aux clients.<\/p>\r\n\r\n\r\n\r\n<p><\/p>\r\n\r\n\r\n\r\n<p><\/p>\r\n\r\n\r\n\r\n<h4 class=\"wp-block-heading\" id=\"h-distribution-internationale-pour-adiseal\"><br>Distribution internationale pour Adiseal<\/h4>\r\n\r\n\r\n\r\n<p>Adiseal Ltd recherche des distributeurs pour d&rsquo;autres pays afin de repr\u00e9senter et de vendre les produits et mat\u00e9riaux de construction professionnels d&rsquo;Adiseal dans d&rsquo;autres pays. Veuillez nous contacter pour plus de d\u00e9tails.<\/p>\r\n\r\n\r\n\r\n<p>Le site de commerce \u00e9lectronique GuGlue permet d&rsquo;afficher les produits Adiseal aux \u00c9tats-Unis, au Canada et dans d&rsquo;autres pays. Visitez le site <a href=\"https:\/\/guglue.com\">https:\/\/guglue.com<\/a><\/p>\r\n","protected":false},"excerpt":{"rendered":"<p>Produits de construction professionnels Adiseal Ltd sont des fournisseurs professionnels de produits et de mat\u00e9riaux de construction aux types de commer\u00e7ants suivants : Les marchands de mat\u00e9riaux de construction, Les plombiers marchands, Les grossistes en \u00e9lectricit\u00e9, Marchands d&rsquo;ing\u00e9nierie, Quincaillerie architecturale, Magasins de bricolage, Marchands d&rsquo;automobiles, [&hellip;]<\/p>\n","protected":false},"author":1,"featured_media":0,"parent":0,"menu_order":0,"comment_status":"closed","ping_status":"closed","template":"","meta":{"footnotes":""},"class_list":["post-28","page","type-page","status-publish","hentry"],"translation":{"provider":"WPGlobus","version":"3.0.2","language":"fr","enabled_languages":["en","es","fr"],"languages":{"en":{"title":true,"content":true,"excerpt":false},"es":{"title":true,"content":true,"excerpt":false},"fr":{"title":true,"content":true,"excerpt":false}}},"yoast_head":"<!-- This site is optimized with the Yoast SEO Premium plugin v27.2 (Yoast SEO v27.4) - https:\/\/yoast.com\/product\/yoast-seo-premium-wordpress\/ -->\n<title>Adiseal Ltd | Produits professionnels de construction<\/title>\n<meta name=\"description\" content=\"Fournisseurs de produits de construction professionnels et de mat\u00e9riaux de construction aux grossistes. Y compris les meilleurs adh\u00e9sifs et mastics d&#039;\u00e9tanch\u00e9it\u00e9.\" \/>\n<meta name=\"robots\" content=\"index, follow, max-snippet:-1, max-image-preview:large, max-video-preview:-1\" \/>\n<link rel=\"canonical\" href=\"https:\/\/adiseal.com\/about\/\" \/>\n<meta property=\"og:locale\" content=\"fr_FR\" \/>\n<meta property=\"og:type\" content=\"article\" \/>\n<meta property=\"og:title\" content=\"Adiseal Ltd | Produits professionnels de construction\" \/>\n<meta property=\"og:description\" content=\"Fournisseurs de produits de construction professionnels et de mat\u00e9riaux de construction aux grossistes. Y compris les meilleurs adh\u00e9sifs et mastics d&#039;\u00e9tanch\u00e9it\u00e9.\" \/>\n<meta property=\"og:url\" content=\"https:\/\/adiseal.com\/about\/\" \/>\n<meta property=\"og:site_name\" content=\"Adiseal\" \/>\n<meta property=\"article:publisher\" content=\"https:\/\/www.facebook.com\/AdisealLtd\/\" \/>\n<meta property=\"article:modified_time\" content=\"2025-04-09T17:12:32+00:00\" \/>\n<meta property=\"og:image\" content=\"https:\/\/adiseal.com\/wp-content\/uploads\/2020\/09\/best_grab_adhesive_strongest.jpg\" \/>\n\t<meta property=\"og:image:width\" content=\"351\" \/>\n\t<meta property=\"og:image:height\" content=\"351\" \/>\n\t<meta property=\"og:image:type\" content=\"image\/jpeg\" \/>\n<meta name=\"twitter:card\" content=\"summary_large_image\" \/>\n<meta name=\"twitter:site\" content=\"@Adiseal\" \/>\n<meta name=\"twitter:label1\" content=\"Dur\u00e9e de lecture estim\u00e9e\" \/>\n\t<meta name=\"twitter:data1\" content=\"9 minutes\" \/>\n<script type=\"application\/ld+json\" class=\"yoast-schema-graph\">{\"@context\":\"https:\\\/\\\/schema.org\",\"@graph\":[{\"@type\":\"WebPage\",\"@id\":\"https:\\\/\\\/adiseal.com\\\/about\\\/\",\"url\":\"https:\\\/\\\/adiseal.com\\\/about\\\/\",\"name\":\"Adiseal Ltd | Professional Construction Products | About Us\",\"isPartOf\":{\"@id\":\"https:\\\/\\\/adiseal.com\\\/#website\"},\"primaryImageOfPage\":{\"@id\":\"https:\\\/\\\/adiseal.com\\\/about\\\/#primaryimage\"},\"image\":{\"@id\":\"https:\\\/\\\/adiseal.com\\\/about\\\/#primaryimage\"},\"thumbnailUrl\":\"https:\\\/\\\/adiseal.com\\\/wp-content\\\/uploads\\\/2020\\\/09\\\/best_grab_adhesive_strongest.jpg\",\"datePublished\":\"2020-02-24T17:28:36+00:00\",\"dateModified\":\"2025-04-09T17:12:32+00:00\",\"description\":\"Suppliers of high performance, professional construction products. Specialising in adhesives, sealants and glues.\",\"breadcrumb\":{\"@id\":\"https:\\\/\\\/adiseal.com\\\/about\\\/#breadcrumb\"},\"inLanguage\":\"fr-FR\",\"potentialAction\":[{\"@type\":\"ReadAction\",\"target\":[\"https:\\\/\\\/adiseal.com\\\/about\\\/\"]}]},{\"@type\":\"ImageObject\",\"inLanguage\":\"fr-FR\",\"@id\":\"https:\\\/\\\/adiseal.com\\\/about\\\/#primaryimage\",\"url\":\"https:\\\/\\\/adiseal.com\\\/wp-content\\\/uploads\\\/2020\\\/09\\\/best_grab_adhesive_strongest.jpg\",\"contentUrl\":\"https:\\\/\\\/adiseal.com\\\/wp-content\\\/uploads\\\/2020\\\/09\\\/best_grab_adhesive_strongest.jpg\"},{\"@type\":\"BreadcrumbList\",\"@id\":\"https:\\\/\\\/adiseal.com\\\/about\\\/#breadcrumb\",\"itemListElement\":[{\"@type\":\"ListItem\",\"position\":1,\"name\":\"Home\",\"item\":\"https:\\\/\\\/adiseal.com\\\/\"},{\"@type\":\"ListItem\",\"position\":2,\"name\":\"About Us\"}]},{\"@type\":\"WebSite\",\"@id\":\"https:\\\/\\\/adiseal.com\\\/#website\",\"url\":\"https:\\\/\\\/adiseal.com\\\/\",\"name\":\"Adiseal\",\"description\":\"Professional construction products\",\"potentialAction\":[{\"@type\":\"SearchAction\",\"target\":{\"@type\":\"EntryPoint\",\"urlTemplate\":\"https:\\\/\\\/adiseal.com\\\/?s={search_term_string}\"},\"query-input\":{\"@type\":\"PropertyValueSpecification\",\"valueRequired\":true,\"valueName\":\"search_term_string\"}}],\"inLanguage\":\"fr-FR\"}]}<\/script>\n<!-- \/ Yoast SEO Premium plugin. -->","yoast_head_json":{"title":"Adiseal Ltd | Produits professionnels de construction","description":"Fournisseurs de produits de construction professionnels et de mat\u00e9riaux de construction aux grossistes. Y compris les meilleurs adh\u00e9sifs et mastics d'\u00e9tanch\u00e9it\u00e9.","robots":{"index":"index","follow":"follow","max-snippet":"max-snippet:-1","max-image-preview":"max-image-preview:large","max-video-preview":"max-video-preview:-1"},"canonical":"https:\/\/adiseal.com\/about\/","og_locale":"fr_FR","og_type":"article","og_title":"Adiseal Ltd | Produits professionnels de construction","og_description":"Fournisseurs de produits de construction professionnels et de mat\u00e9riaux de construction aux grossistes. Y compris les meilleurs adh\u00e9sifs et mastics d'\u00e9tanch\u00e9it\u00e9.","og_url":"https:\/\/adiseal.com\/about\/","og_site_name":"Adiseal","article_publisher":"https:\/\/www.facebook.com\/AdisealLtd\/","article_modified_time":"2025-04-09T17:12:32+00:00","og_image":[{"width":351,"height":351,"url":"https:\/\/adiseal.com\/wp-content\/uploads\/2020\/09\/best_grab_adhesive_strongest.jpg","type":"image\/jpeg"}],"twitter_card":"summary_large_image","twitter_site":"@Adiseal","twitter_misc":{"Dur\u00e9e de lecture estim\u00e9e":"9 minutes"},"schema":{"@context":"https:\/\/schema.org","@graph":[{"@type":"WebPage","@id":"https:\/\/adiseal.com\/about\/","url":"https:\/\/adiseal.com\/about\/","name":"Adiseal Ltd | Professional Construction Products | About Us","isPartOf":{"@id":"https:\/\/adiseal.com\/#website"},"primaryImageOfPage":{"@id":"https:\/\/adiseal.com\/about\/#primaryimage"},"image":{"@id":"https:\/\/adiseal.com\/about\/#primaryimage"},"thumbnailUrl":"https:\/\/adiseal.com\/wp-content\/uploads\/2020\/09\/best_grab_adhesive_strongest.jpg","datePublished":"2020-02-24T17:28:36+00:00","dateModified":"2025-04-09T17:12:32+00:00","description":"Suppliers of high performance, professional construction products. Specialising in adhesives, sealants and glues.","breadcrumb":{"@id":"https:\/\/adiseal.com\/about\/#breadcrumb"},"inLanguage":"fr-FR","potentialAction":[{"@type":"ReadAction","target":["https:\/\/adiseal.com\/about\/"]}]},{"@type":"ImageObject","inLanguage":"fr-FR","@id":"https:\/\/adiseal.com\/about\/#primaryimage","url":"https:\/\/adiseal.com\/wp-content\/uploads\/2020\/09\/best_grab_adhesive_strongest.jpg","contentUrl":"https:\/\/adiseal.com\/wp-content\/uploads\/2020\/09\/best_grab_adhesive_strongest.jpg"},{"@type":"BreadcrumbList","@id":"https:\/\/adiseal.com\/about\/#breadcrumb","itemListElement":[{"@type":"ListItem","position":1,"name":"Home","item":"https:\/\/adiseal.com\/"},{"@type":"ListItem","position":2,"name":"About Us"}]},{"@type":"WebSite","@id":"https:\/\/adiseal.com\/#website","url":"https:\/\/adiseal.com\/","name":"Adiseal","description":"Professional construction products","potentialAction":[{"@type":"SearchAction","target":{"@type":"EntryPoint","urlTemplate":"https:\/\/adiseal.com\/?s={search_term_string}"},"query-input":{"@type":"PropertyValueSpecification","valueRequired":true,"valueName":"search_term_string"}}],"inLanguage":"fr-FR"}]}},"_links":{"self":[{"href":"https:\/\/adiseal.com\/fr\/wp-json\/wp\/v2\/pages\/28","targetHints":{"allow":["GET"]}}],"collection":[{"href":"https:\/\/adiseal.com\/fr\/wp-json\/wp\/v2\/pages"}],"about":[{"href":"https:\/\/adiseal.com\/fr\/wp-json\/wp\/v2\/types\/page"}],"author":[{"embeddable":true,"href":"https:\/\/adiseal.com\/fr\/wp-json\/wp\/v2\/users\/1"}],"replies":[{"embeddable":true,"href":"https:\/\/adiseal.com\/fr\/wp-json\/wp\/v2\/comments?post=28"}],"version-history":[{"count":53,"href":"https:\/\/adiseal.com\/fr\/wp-json\/wp\/v2\/pages\/28\/revisions"}],"predecessor-version":[{"id":9985,"href":"https:\/\/adiseal.com\/fr\/wp-json\/wp\/v2\/pages\/28\/revisions\/9985"}],"wp:attachment":[{"href":"https:\/\/adiseal.com\/fr\/wp-json\/wp\/v2\/media?parent=28"}],"curies":[{"name":"wp","href":"https:\/\/api.w.org\/{rel}","templated":true}]}}