{"id":145,"date":"2020-02-25T16:01:36","date_gmt":"2020-02-25T16:01:36","guid":{"rendered":"https:\/\/adiseal.com\/?page_id=145"},"modified":"2025-04-10T23:35:15","modified_gmt":"2025-04-10T22:35:15","slug":"blog","status":"publish","type":"page","link":"https:\/\/adiseal.com\/fr\/blog\/","title":{"rendered":"Blog"},"content":{"rendered":"\n<h1 class=\"wp-block-heading\" id=\"h-plus-d-informations-sur-adiseal-ltd\">Plus d&rsquo;informations sur Adiseal Ltd<\/h1>\n\n\n\n<p><\/p>\n\n\n\n<figure class=\"wp-block-image size-large\"><img loading=\"lazy\" decoding=\"async\" width=\"351\" height=\"351\" src=\"https:\/\/adiseal.com\/wp-content\/uploads\/2020\/09\/best_grab_adhesive_strongest.jpg\" alt=\"L'adh\u00e9sif et le mastic Adiseal ont \u00e9t\u00e9 le produit le plus r\u00e9sistant lors d'un test ind\u00e9pendant de force d'adh\u00e9rence.\" class=\"wp-image-889\" srcset=\"https:\/\/adiseal.com\/wp-content\/uploads\/2020\/09\/best_grab_adhesive_strongest.jpg 351w, https:\/\/adiseal.com\/wp-content\/uploads\/2020\/09\/best_grab_adhesive_strongest-300x300.jpg 300w, https:\/\/adiseal.com\/wp-content\/uploads\/2020\/09\/best_grab_adhesive_strongest-150x150.jpg 150w, https:\/\/adiseal.com\/wp-content\/uploads\/2020\/09\/best_grab_adhesive_strongest-100x100.jpg 100w, https:\/\/adiseal.com\/wp-content\/uploads\/2020\/09\/best_grab_adhesive_strongest-275x275.jpg 275w\" sizes=\"auto, (max-width: 351px) 100vw, 351px\" \/><\/figure>\n\n\n\n<p>Pour plus de d\u00e9tails sur l&rsquo;adh\u00e9sif et le scellant les plus r\u00e9sistants, consultez la page <a href=\"https:\/\/adiseal.com\/fr\/adhesive-sealant\/\">Adiseal<\/a>.<\/p>\n\n\n\n<p><br><\/p>\n\n\n\n<p>La plupart des produits Adiseal sont polyvalents et surpasseront les produits d\u00e9di\u00e9s d&rsquo;autres fabricants. Pour plus d&rsquo;informations sur l&rsquo;utilisation des produits Adiseal pour des applications sp\u00e9cifiques, cliquez sur les liens ci-dessous.<\/p>\n\n\n\n<p><a href=\"https:\/\/adiseal.com\/fr\/mirror-adhesive\/\">Meilleur adh\u00e9sif miroir<\/a><\/p>\n\n\n\n<p><a href=\"https:\/\/adiseal.com\/fr\/blog\/skirting-boards-adhesive\/\">Adh\u00e9sif le plus puissant pour les plinthes<\/a><\/p>\n\n\n\n<p><a href=\"https:\/\/adiseal.com\/fr\/blog\/anti-mould-sealant\/\">Le scellant le plus r\u00e9sistant \u00e0 la moisissure<\/a><\/p>\n\n\n\n<p><a href=\"https:\/\/adiseal.com\/fr\/concrete-adhesive\/\">Meilleur adh\u00e9sif sur b\u00e9ton<\/a><\/p>\n\n\n\n<p><a href=\"https:\/\/adiseal.com\/fr\/construction-adhesive\/\">Meilleur adh\u00e9sif de construction<\/a><\/p>\n\n\n\n<p><a href=\"https:\/\/adiseal.com\/fr\/wood-to-metal\/\">Coller du m\u00e9tal sur du bois<\/a><\/p>\n\n\n\n<p><a href=\"https:\/\/adiseal.com\/fr\/bond-metal\/\">Comment coller du m\u00e9tal<\/a><\/p>\n\n\n\n<p><a href=\"https:\/\/adiseal.com\/fr\/remove-adhesive-glue\/\">Enlever la colle adh\u00e9sive<\/a><\/p>\n\n\n\n<p><a href=\"https:\/\/adiseal.com\/fr\/glue-plastic\/\">Colle pour plastique<\/a><\/p>\n\n\n\n<p><a href=\"https:\/\/adiseal.com\/repair-gutter-leak\/\">R\u00e9parer <\/a><a href=\"https:\/\/adiseal.com\/fr\/repair-gutter-leak\/\">une <\/a><a href=\"https:\/\/adiseal.com\/repair-gutter-leak\/\">fuite de goutti\u00e8re<\/a><\/p>\n\n\n\n<p><a href=\"https:\/\/adiseal.com\/fr\/repair-felt-roof\/\">R\u00e9parer un toit en feutre<\/a><\/p>\n\n\n\n<p><a href=\"https:\/\/adiseal.com\/fr\/seal-lead\/\">Scellant au plomb<\/a><\/p>\n\n\n\n<p><a href=\"https:\/\/adiseal.com\/fr\/adhesive-for-artificial-grass\/\">Adh\u00e9sif pour gazon artificiel<\/a><\/p>\n\n\n\n<p><a href=\"https:\/\/adiseal.com\/fr\/glue-for-rubber\/\">Colle pour Caoutchouc<\/a><\/p>\n\n\n\n<p><a href=\"https:\/\/adiseal.com\/fr\/plastic-to-metal-glue\/\">Colle pour plastique sur m\u00e9tal<\/a><\/p>\n\n\n\n<p><a href=\"https:\/\/adiseal.com\/fr\/stick-stone\/\">B\u00e2ton de pierre<\/a><\/p>\n\n\n\n<p><a href=\"https:\/\/adiseal.com\/fr\/remove-sticker-glue-glass\/\">Comment enlever la colle autocollante du verre<\/a><\/p>\n\n\n\n<p><a href=\"https:\/\/adiseal.com\/fr\/roof-leak\/\">Fuite de toit<\/a><\/p>\n\n\n\n<p><a href=\"https:\/\/adiseal.com\/fr\/glue-ceramic\/\">Colle pour c\u00e9ramique<\/a><\/p>\n\n\n\n<p><a href=\"https:\/\/adiseal.com\/fr\/underwater-sealant\/\">Scellant sous-marin<\/a><\/p>\n\n\n\n<p><a href=\"https:\/\/adiseal.com\/fr\/glue-brick\/\">Colle pour brique<\/a><\/p>\n\n\n\n<p><a href=\"https:\/\/adiseal.com\/fr\/waterproof-sealant\/\">Scellant \u00e9tanche<\/a><\/p>\n\n\n\n<p><a href=\"https:\/\/adiseal.com\/fr\/clear-sealant\/\">Scellant transparent<\/a><\/p>\n\n\n\n<p><a href=\"https:\/\/adiseal.com\/fr\/black-sealant\/\">Mastic noir<\/a><\/p>\n\n\n\n<p><a href=\"https:\/\/adiseal.com\/fr\/grey-sealant\/\">Mastic gris<\/a><\/p>\n\n\n\n<p><a href=\"https:\/\/adiseal.com\/fr\/brown-sealant\/\">Mastic marron<\/a><\/p>\n\n\n\n<p><a href=\"https:\/\/adiseal.com\/fr\/pvc-adhesive\/\">Adh\u00e9sif PVC<\/a><\/p>\n\n\n\n<p><a href=\"https:\/\/adiseal.com\/fr\/wet-sealant\/\">Mastic humide<\/a><\/p>\n\n\n\n<p><a href=\"https:\/\/adiseal.com\/fr\/marble-adhesive\/\">Adh\u00e9sif pour marbre<\/a><\/p>\n\n\n\n<p><a href=\"https:\/\/adiseal.com\/fr\/tar-and-glue-remover\/\">D\u00e9capant de goudron et de colle<\/a><\/p>\n\n\n\n<p><a href=\"https:\/\/adiseal.com\/fr\/gap-filling-adhesive\/\">Adh\u00e9sif de remplissage d&rsquo;espace<\/a><\/p>\n\n\n\n<p><a href=\"https:\/\/adiseal.com\/fr\/flexible-adhesive\/\">Adh\u00e9sif souple<\/a><\/p>\n\n\n\n<p><br><\/p>\n\n\n\n<p><a href=\"https:\/\/adiseal.com\/fr\/wall-plugs-for-plasterboard\/\">Chevilles murales pour plaques de pl\u00e2tre<\/a><\/p>\n\n\n\n<p><a href=\"https:\/\/adiseal.com\/fr\/pipe-clips\/\">Clips universels pour tuyau, c\u00e2ble ou conduit de diff\u00e9rentes tailles<\/a><\/p>\n\n\n\n<p><\/p>\n\n\n\n<p><a href=\"https:\/\/adiseal.com\/fr\/adhesive\/\">Guide d\u00e9taill\u00e9 sur les adh\u00e9sifs<\/a><\/p>\n","protected":false},"excerpt":{"rendered":"<p>Plus d&rsquo;informations sur Adiseal Ltd Pour plus de d\u00e9tails sur l&rsquo;adh\u00e9sif et le scellant les plus r\u00e9sistants, consultez la page Adiseal. La plupart des produits Adiseal sont polyvalents et surpasseront les produits d\u00e9di\u00e9s d&rsquo;autres fabricants. Pour plus d&rsquo;informations sur l&rsquo;utilisation des produits Adiseal pour des [&hellip;]<\/p>\n","protected":false},"author":1,"featured_media":0,"parent":0,"menu_order":0,"comment_status":"closed","ping_status":"closed","template":"","meta":{"footnotes":""},"class_list":["post-145","page","type-page","status-publish","hentry"],"translation":{"provider":"WPGlobus","version":"3.0.2","language":"fr","enabled_languages":["en","es","fr"],"languages":{"en":{"title":true,"content":true,"excerpt":false},"es":{"title":true,"content":true,"excerpt":false},"fr":{"title":true,"content":true,"excerpt":false}}},"yoast_head":"<!-- This site is optimized with the Yoast SEO Premium plugin v27.2 (Yoast SEO v27.3) - https:\/\/yoast.com\/product\/yoast-seo-premium-wordpress\/ -->\n<title>Nouvelles, d\u00e9tails, informations et conseils d&#039;Adiseal Ltd<\/title>\n<meta name=\"description\" content=\"D\u00e9tails sur les produits de construction haute performance d&#039;Adiseal, y compris l&#039;adh\u00e9sif et le mastic les plus r\u00e9sistants.\" \/>\n<meta name=\"robots\" content=\"index, follow, max-snippet:-1, max-image-preview:large, max-video-preview:-1\" \/>\n<link rel=\"canonical\" href=\"https:\/\/adiseal.com\/blog\/\" \/>\n<meta property=\"og:locale\" content=\"fr_FR\" \/>\n<meta property=\"og:type\" content=\"article\" \/>\n<meta property=\"og:title\" content=\"Nouvelles, d\u00e9tails, informations et conseils d&#039;Adiseal Ltd\" \/>\n<meta property=\"og:description\" content=\"D\u00e9tails sur les produits de construction haute performance d&#039;Adiseal, y compris l&#039;adh\u00e9sif et le mastic les plus r\u00e9sistants.\" \/>\n<meta property=\"og:url\" content=\"https:\/\/adiseal.com\/blog\/\" \/>\n<meta property=\"og:site_name\" content=\"Adiseal\" \/>\n<meta property=\"article:publisher\" content=\"https:\/\/www.facebook.com\/AdisealLtd\/\" \/>\n<meta property=\"article:modified_time\" content=\"2025-04-10T22:35:15+00:00\" \/>\n<meta property=\"og:image\" content=\"https:\/\/adiseal.com\/wp-content\/uploads\/2020\/09\/best_grab_adhesive_strongest.jpg\" \/>\n\t<meta property=\"og:image:width\" content=\"351\" \/>\n\t<meta property=\"og:image:height\" content=\"351\" \/>\n\t<meta property=\"og:image:type\" content=\"image\/jpeg\" \/>\n<meta name=\"twitter:card\" content=\"summary_large_image\" \/>\n<meta name=\"twitter:site\" content=\"@Adiseal\" \/>\n<meta name=\"twitter:label1\" content=\"Dur\u00e9e de lecture estim\u00e9e\" \/>\n\t<meta name=\"twitter:data1\" content=\"2 minutes\" \/>\n<script type=\"application\/ld+json\" class=\"yoast-schema-graph\">{\"@context\":\"https:\\\/\\\/schema.org\",\"@graph\":[{\"@type\":\"WebPage\",\"@id\":\"https:\\\/\\\/adiseal.com\\\/blog\\\/\",\"url\":\"https:\\\/\\\/adiseal.com\\\/blog\\\/\",\"name\":\"News, Details, Information & Tips From Adiseal Ltd\",\"isPartOf\":{\"@id\":\"https:\\\/\\\/adiseal.com\\\/#website\"},\"primaryImageOfPage\":{\"@id\":\"https:\\\/\\\/adiseal.com\\\/blog\\\/#primaryimage\"},\"image\":{\"@id\":\"https:\\\/\\\/adiseal.com\\\/blog\\\/#primaryimage\"},\"thumbnailUrl\":\"https:\\\/\\\/adiseal.com\\\/wp-content\\\/uploads\\\/2020\\\/09\\\/best_grab_adhesive_strongest.jpg\",\"datePublished\":\"2020-02-25T16:01:36+00:00\",\"dateModified\":\"2025-04-10T22:35:15+00:00\",\"description\":\"Details about high-performance construction products from Adiseal: Record breaking strongest adhesive sealant & best drill bits.\",\"breadcrumb\":{\"@id\":\"https:\\\/\\\/adiseal.com\\\/blog\\\/#breadcrumb\"},\"inLanguage\":\"fr-FR\",\"potentialAction\":[{\"@type\":\"ReadAction\",\"target\":[\"https:\\\/\\\/adiseal.com\\\/blog\\\/\"]}]},{\"@type\":\"ImageObject\",\"inLanguage\":\"fr-FR\",\"@id\":\"https:\\\/\\\/adiseal.com\\\/blog\\\/#primaryimage\",\"url\":\"https:\\\/\\\/adiseal.com\\\/wp-content\\\/uploads\\\/2020\\\/09\\\/best_grab_adhesive_strongest.jpg\",\"contentUrl\":\"https:\\\/\\\/adiseal.com\\\/wp-content\\\/uploads\\\/2020\\\/09\\\/best_grab_adhesive_strongest.jpg\"},{\"@type\":\"BreadcrumbList\",\"@id\":\"https:\\\/\\\/adiseal.com\\\/blog\\\/#breadcrumb\",\"itemListElement\":[{\"@type\":\"ListItem\",\"position\":1,\"name\":\"Home\",\"item\":\"https:\\\/\\\/adiseal.com\\\/\"},{\"@type\":\"ListItem\",\"position\":2,\"name\":\"Blog\"}]},{\"@type\":\"WebSite\",\"@id\":\"https:\\\/\\\/adiseal.com\\\/#website\",\"url\":\"https:\\\/\\\/adiseal.com\\\/\",\"name\":\"Adiseal\",\"description\":\"Professional construction products\",\"potentialAction\":[{\"@type\":\"SearchAction\",\"target\":{\"@type\":\"EntryPoint\",\"urlTemplate\":\"https:\\\/\\\/adiseal.com\\\/?s={search_term_string}\"},\"query-input\":{\"@type\":\"PropertyValueSpecification\",\"valueRequired\":true,\"valueName\":\"search_term_string\"}}],\"inLanguage\":\"fr-FR\"}]}<\/script>\n<!-- \/ Yoast SEO Premium plugin. -->","yoast_head_json":{"title":"Nouvelles, d\u00e9tails, informations et conseils d'Adiseal Ltd","description":"D\u00e9tails sur les produits de construction haute performance d'Adiseal, y compris l'adh\u00e9sif et le mastic les plus r\u00e9sistants.","robots":{"index":"index","follow":"follow","max-snippet":"max-snippet:-1","max-image-preview":"max-image-preview:large","max-video-preview":"max-video-preview:-1"},"canonical":"https:\/\/adiseal.com\/blog\/","og_locale":"fr_FR","og_type":"article","og_title":"Nouvelles, d\u00e9tails, informations et conseils d'Adiseal Ltd","og_description":"D\u00e9tails sur les produits de construction haute performance d'Adiseal, y compris l'adh\u00e9sif et le mastic les plus r\u00e9sistants.","og_url":"https:\/\/adiseal.com\/blog\/","og_site_name":"Adiseal","article_publisher":"https:\/\/www.facebook.com\/AdisealLtd\/","article_modified_time":"2025-04-10T22:35:15+00:00","og_image":[{"width":351,"height":351,"url":"https:\/\/adiseal.com\/wp-content\/uploads\/2020\/09\/best_grab_adhesive_strongest.jpg","type":"image\/jpeg"}],"twitter_card":"summary_large_image","twitter_site":"@Adiseal","twitter_misc":{"Dur\u00e9e de lecture estim\u00e9e":"2 minutes"},"schema":{"@context":"https:\/\/schema.org","@graph":[{"@type":"WebPage","@id":"https:\/\/adiseal.com\/blog\/","url":"https:\/\/adiseal.com\/blog\/","name":"News, Details, Information & Tips From Adiseal Ltd","isPartOf":{"@id":"https:\/\/adiseal.com\/#website"},"primaryImageOfPage":{"@id":"https:\/\/adiseal.com\/blog\/#primaryimage"},"image":{"@id":"https:\/\/adiseal.com\/blog\/#primaryimage"},"thumbnailUrl":"https:\/\/adiseal.com\/wp-content\/uploads\/2020\/09\/best_grab_adhesive_strongest.jpg","datePublished":"2020-02-25T16:01:36+00:00","dateModified":"2025-04-10T22:35:15+00:00","description":"Details about high-performance construction products from Adiseal: Record breaking strongest adhesive sealant & best drill bits.","breadcrumb":{"@id":"https:\/\/adiseal.com\/blog\/#breadcrumb"},"inLanguage":"fr-FR","potentialAction":[{"@type":"ReadAction","target":["https:\/\/adiseal.com\/blog\/"]}]},{"@type":"ImageObject","inLanguage":"fr-FR","@id":"https:\/\/adiseal.com\/blog\/#primaryimage","url":"https:\/\/adiseal.com\/wp-content\/uploads\/2020\/09\/best_grab_adhesive_strongest.jpg","contentUrl":"https:\/\/adiseal.com\/wp-content\/uploads\/2020\/09\/best_grab_adhesive_strongest.jpg"},{"@type":"BreadcrumbList","@id":"https:\/\/adiseal.com\/blog\/#breadcrumb","itemListElement":[{"@type":"ListItem","position":1,"name":"Home","item":"https:\/\/adiseal.com\/"},{"@type":"ListItem","position":2,"name":"Blog"}]},{"@type":"WebSite","@id":"https:\/\/adiseal.com\/#website","url":"https:\/\/adiseal.com\/","name":"Adiseal","description":"Professional construction products","potentialAction":[{"@type":"SearchAction","target":{"@type":"EntryPoint","urlTemplate":"https:\/\/adiseal.com\/?s={search_term_string}"},"query-input":{"@type":"PropertyValueSpecification","valueRequired":true,"valueName":"search_term_string"}}],"inLanguage":"fr-FR"}]}},"_links":{"self":[{"href":"https:\/\/adiseal.com\/fr\/wp-json\/wp\/v2\/pages\/145","targetHints":{"allow":["GET"]}}],"collection":[{"href":"https:\/\/adiseal.com\/fr\/wp-json\/wp\/v2\/pages"}],"about":[{"href":"https:\/\/adiseal.com\/fr\/wp-json\/wp\/v2\/types\/page"}],"author":[{"embeddable":true,"href":"https:\/\/adiseal.com\/fr\/wp-json\/wp\/v2\/users\/1"}],"replies":[{"embeddable":true,"href":"https:\/\/adiseal.com\/fr\/wp-json\/wp\/v2\/comments?post=145"}],"version-history":[{"count":97,"href":"https:\/\/adiseal.com\/fr\/wp-json\/wp\/v2\/pages\/145\/revisions"}],"predecessor-version":[{"id":10025,"href":"https:\/\/adiseal.com\/fr\/wp-json\/wp\/v2\/pages\/145\/revisions\/10025"}],"wp:attachment":[{"href":"https:\/\/adiseal.com\/fr\/wp-json\/wp\/v2\/media?parent=145"}],"curies":[{"name":"wp","href":"https:\/\/api.w.org\/{rel}","templated":true}]}}