{"id":71,"date":"2020-02-24T19:09:21","date_gmt":"2020-02-24T19:09:21","guid":{"rendered":"https:\/\/adiseal.com\/?page_id=71"},"modified":"2025-04-09T18:28:14","modified_gmt":"2025-04-09T17:28:14","slug":"home","status":"publish","type":"page","link":"https:\/\/adiseal.com\/es\/","title":{"rendered":"Adiseal Ltd"},"content":{"rendered":"\n<h1 class=\"wp-block-heading\" id=\"h-productos-de-construccion-profesionales-y-materiales-de-construccion\">Productos de construcci\u00f3n profesionales y materiales de construcci\u00f3n<\/h1>\n\n\n\n<p>Adiseal Ltd son proveedores de productos de construcci\u00f3n y materiales de construcci\u00f3n de alto rendimiento, incluido el adhesivo y sellador Adiseal m\u00e1s fuerte que rompe r\u00e9cords. Para obtener m\u00e1s informaci\u00f3n sobre el <a href=\"https:\/\/adiseal.com\/es\/adhesive-sealant\/\">mejor adhesivo<\/a> y sellador de agarre, consulte la p\u00e1gina de Adiseal.<\/p>\n\n\n\n<figure class=\"wp-block-image size-large\"><a href=\"https:\/\/adiseal.com\/es\/adhesive-sealant\/\"><img loading=\"lazy\" decoding=\"async\" width=\"351\" height=\"351\" src=\"https:\/\/adiseal.com\/wp-content\/uploads\/2020\/09\/best_grab_adhesive_strongest.jpg\" alt=\"El mejor adhesivo de agarre. Adhesivo m\u00e1s fuerte en una prueba de fuerza adhesiva independiente.\" class=\"wp-image-889\" srcset=\"https:\/\/adiseal.com\/wp-content\/uploads\/2020\/09\/best_grab_adhesive_strongest.jpg 351w, https:\/\/adiseal.com\/wp-content\/uploads\/2020\/09\/best_grab_adhesive_strongest-300x300.jpg 300w, https:\/\/adiseal.com\/wp-content\/uploads\/2020\/09\/best_grab_adhesive_strongest-150x150.jpg 150w, https:\/\/adiseal.com\/wp-content\/uploads\/2020\/09\/best_grab_adhesive_strongest-100x100.jpg 100w, https:\/\/adiseal.com\/wp-content\/uploads\/2020\/09\/best_grab_adhesive_strongest-275x275.jpg 275w\" sizes=\"auto, (max-width: 351px) 100vw, 351px\" \/><\/a><figcaption><br><\/figcaption><\/figure>\n\n\n\n<p><\/p>\n\n\n\n<p>En una prueba de resistencia adhesiva independiente realizada por <a href=\"http:\/\/www.ultimatehandyman.co.uk\/\" rel=\"nofollow\">Ultimate Handyman<\/a>, Adiseal fue mucho m\u00e1s fuerte que la competencia.<\/p>\n\n\n\n<figure class=\"wp-block-image size-large\"><img loading=\"lazy\" decoding=\"async\" width=\"548\" height=\"314\" src=\"https:\/\/adiseal.com\/wp-content\/uploads\/2020\/09\/best_grab_adhesive_test.jpg\" alt=\"Resultado de la prueba de adhesivo de agarre fuerte. Adiseal fue el adhesivo m\u00e1s fuerte en una prueba de fuerza adhesiva independiente realizada por Ultimate Handyman.\" class=\"wp-image-897\" srcset=\"https:\/\/adiseal.com\/wp-content\/uploads\/2020\/09\/best_grab_adhesive_test.jpg 548w, https:\/\/adiseal.com\/wp-content\/uploads\/2020\/09\/best_grab_adhesive_test-300x172.jpg 300w, https:\/\/adiseal.com\/wp-content\/uploads\/2020\/09\/best_grab_adhesive_test-410x235.jpg 410w, https:\/\/adiseal.com\/wp-content\/uploads\/2020\/09\/best_grab_adhesive_test-100x57.jpg 100w, https:\/\/adiseal.com\/wp-content\/uploads\/2020\/09\/best_grab_adhesive_test-275x158.jpg 275w\" sizes=\"auto, (max-width: 548px) 100vw, 548px\" \/><figcaption>Gr\u00e1fico de resultados de la prueba de adhesivo m\u00e1s fuerte. Adiseal era f\u00e1cilmente el m\u00e1s fuerte.<\/figcaption><\/figure>\n\n\n<figure class=\"wp-block-embed-youtube wp-block-embed is-type-video is-provider-youtube wp-embed-aspect-16-9 wp-has-aspect-ratio\"><div class=\"lyte-wrapper\" style=\"width:640px;max-width:100%;margin:5px;\"><div class=\"lyMe\" id=\"WYL_SoMrOWzB-zw\"><div id=\"lyte_SoMrOWzB-zw\" data-src=\"https:\/\/adiseal.com\/wp-content\/plugins\/wp-youtube-lyte\/lyteCache.php?origThumbUrl=%2F%2Fi.ytimg.com%2Fvi%2FSoMrOWzB-zw%2Fhqdefault.jpg\" class=\"pL\"><div class=\"tC\"><div class=\"tT\"><\/div><\/div><div class=\"play\"><\/div><div class=\"ctrl\"><div class=\"Lctrl\"><\/div><div class=\"Rctrl\"><\/div><\/div><\/div><noscript><a href=\"https:\/\/youtu.be\/SoMrOWzB-zw\" rel=\"nofollow\"><img loading=\"lazy\" decoding=\"async\" src=\"https:\/\/adiseal.com\/wp-content\/plugins\/wp-youtube-lyte\/lyteCache.php?origThumbUrl=https%3A%2F%2Fi.ytimg.com%2Fvi%2FSoMrOWzB-zw%2F0.jpg\" alt=\"YouTube video thumbnail\" width=\"640\" height=\"340\" \/><br \/>Ver este v\u00eddeo en YouTube<\/a><\/noscript><\/div><\/div><div class=\"lL\" style=\"max-width:100%;width:640px;margin:5px;\"><\/div><figcaption>Prueba adhesiva m\u00e1s fuerte realizada por Ultimate Handyman<\/figcaption><\/figure>\n\n\n<p><br><\/p>\n\n\n\n<h2 class=\"wp-block-heading\" id=\"noticias\"><br>Noticias<\/h2>\n\n\n\n<h2 class=\"wp-block-heading\" id=\"sellador-y-adhesivo-adiseal-vs-ct1\">Sellador y adhesivo Adiseal vs CT1<\/h2>\n\n\n\n<p>Adiseal es mejor que el <a href=\"https:\/\/adiseal.com\/es\/adhesive-sealant\/#Adiseal_vs_CT1\">sellador y adhesivo CT1<\/a>. Para obtener m\u00e1s detalles sobre c\u00f3mo Adiseal es mejor que CT1, visite nuestra p\u00e1gina de selladores adhesivos. Adem\u00e1s de que Adiseal es mejor que CT1, Adiseal tambi\u00e9n tiene un precio m\u00e1s bajo que el sellador y adhesivo CT1. \u00bfPor qu\u00e9 pagar m\u00e1s por una marca que no funciona tan bien como Adiseal?<br><\/p>\n\n\n\n<h4 class=\"wp-block-heading\" id=\"other-news-1\">Otras noticias<\/h4>\n\n\n\n<p>En una prueba para comparar selladores transparentes en agua, un popular sellador transparente y adhesivo de un competidor se volvi\u00f3 blanco. <a href=\"https:\/\/adiseal.com\/es\/clear-sealant\/\">Adiseal Ultra Clear<\/a> fue el \u00fanico producto que permaneci\u00f3 transparente en el agua.<\/p>\n\n\n\n<figure class=\"wp-block-image size-full\"><img loading=\"lazy\" decoding=\"async\" width=\"500\" height=\"281\" src=\"https:\/\/adiseal.com\/wp-content\/uploads\/2020\/02\/clear_sealant_comparison_in_water.jpg\" alt=\"Comparaci\u00f3n de sellador transparente en agua. Adiseal se ha mantenido limpio mientras que el popular producto de la competencia, el sellador y adhesivo *** se ha vuelto blanco en el agua.\" class=\"wp-image-10\" srcset=\"https:\/\/adiseal.com\/wp-content\/uploads\/2020\/02\/clear_sealant_comparison_in_water.jpg 500w, https:\/\/adiseal.com\/wp-content\/uploads\/2020\/02\/clear_sealant_comparison_in_water-300x169.jpg 300w\" sizes=\"auto, (max-width: 500px) 100vw, 500px\" \/><figcaption>Sellador y adhesivo Adiseal vs ***.<\/figcaption><\/figure>\n\n\n\n<p><\/p>\n\n\n\n<figure class=\"wp-block-image size-full is-resized\"><img loading=\"lazy\" decoding=\"async\" src=\"https:\/\/adiseal.com\/wp-content\/uploads\/2020\/09\/Clear-sealant-test.jpg\" alt=\"Prueba de comparaci\u00f3n de selladores transparentes en agua. Adiseal se ha quedado de lo m\u00e1s claro. Un producto competidor popular fue el que peor se desempe\u00f1\u00f3.\" class=\"wp-image-917\" width=\"750\" height=\"422\" srcset=\"https:\/\/adiseal.com\/wp-content\/uploads\/2020\/09\/Clear-sealant-test.jpg 750w, https:\/\/adiseal.com\/wp-content\/uploads\/2020\/09\/Clear-sealant-test-300x169.jpg 300w, https:\/\/adiseal.com\/wp-content\/uploads\/2020\/09\/Clear-sealant-test-700x394.jpg 700w, https:\/\/adiseal.com\/wp-content\/uploads\/2020\/09\/Clear-sealant-test-410x231.jpg 410w, https:\/\/adiseal.com\/wp-content\/uploads\/2020\/09\/Clear-sealant-test-100x56.jpg 100w, https:\/\/adiseal.com\/wp-content\/uploads\/2020\/09\/Clear-sealant-test-275x155.jpg 275w\" sizes=\"auto, (max-width: 750px) 100vw, 750px\" \/><figcaption>Resultados de prueba de sellador transparente en agua. Adiseal se qued\u00f3 de lo m\u00e1s claro.<\/figcaption><\/figure>\n\n\n\n<p><br><\/p>\n\n\n\n<p>En una prueba de resistencia al moho, el popular sellador y adhesivo de la marca del mismo competidor que el anterior se volvi\u00f3 mohoso. El adhesivo y sellador Adiseal permaneci\u00f3 libre de moho.<\/p>\n\n\n\n<figure class=\"wp-block-image size-full\"><img loading=\"lazy\" decoding=\"async\" width=\"500\" height=\"281\" src=\"https:\/\/adiseal.com\/wp-content\/uploads\/2020\/02\/mould_resistance_comparison.jpg\" alt=\"Resultado de la prueba de comparaci\u00f3n de sellador antimoho y sellador resistente al moho.\" class=\"wp-image-9\" srcset=\"https:\/\/adiseal.com\/wp-content\/uploads\/2020\/02\/mould_resistance_comparison.jpg 500w, https:\/\/adiseal.com\/wp-content\/uploads\/2020\/02\/mould_resistance_comparison-300x169.jpg 300w\" sizes=\"auto, (max-width: 500px) 100vw, 500px\" \/><figcaption>Sellador y adhesivo Adiseal vs ***.<\/figcaption><\/figure>\n\n\n\n<p>Adem\u00e1s del adhesivo y sellador Adiseal que tiene una resistencia al moho m\u00e1s fuerte que el producto de marca popular, Adiseal tambi\u00e9n tiene una protecci\u00f3n de color m\u00e1s fuerte.<\/p>\n\n\n\n<p><\/p>\n\n\n\n<h2 class=\"wp-block-heading\" id=\"h-oferta-de-tubo-gratis\">Oferta de tubo gratis<\/h2>\n\n\n\n<p>Algunos fabricantes hacen grandes afirmaciones como que su producto es 360% m\u00e1s fuerte, sin poder respaldarlo. Nosotros decimos, no se limite a escuchar las exageraciones de marketing de los fabricantes. Para que pueda probar Adiseal contra competidores como el <a href=\"https:\/\/adiseal.com\/es\/adhesive-sealant\/#Adiseal_vs_CT1\">sellador y adhesivo CT1<\/a>, estamos dando 1 tubo gratis de adhesivo y sellador Adiseal White de 290 ml, a cualquier comerciante en el Reino Unido. Consulte la p\u00e1gina de ofertas para obtener m\u00e1s detalles.<\/p>\n\n\n\n<p><\/p>\n\n\n\n<p><br><\/p>\n\n\n\n<h2 class=\"wp-block-heading\" id=\"oportunidad-de-distribucion-exclusiva\"><br>Oportunidad de distribuci\u00f3n exclusiva<\/h2>\n\n\n\n<p>Aproveche la oportunidad de convertirse en distribuidor exclusivo para su pa\u00eds. Los productos Adiseal ahora se venden en todo el mundo a trav\u00e9s de <a href=\"http:\/\/www.guglue.com\">www.guglue.com<\/a>, por lo que ya existe una demanda de productos Adiseal en su pa\u00eds. Existe el potencial para hacerlo muy bien al convertirse en el distribuidor exclusivo de Adiseal. \u00bfSer\u00e1s t\u00fa quien aproveche esta emocionante oportunidad? Por favor <a href=\"https:\/\/adiseal.com\/es\/about\/\">cont\u00e1ctenos<\/a> para m\u00e1s detalles.<\/p>\n\n\n\n<p>Adiseal Ltd tambi\u00e9n son distribuidores en el Reino Unido de marcas internacionales. Si desea que su marca est\u00e9 representada en el Reino Unido, cont\u00e1ctenos. Adiseal Ltd puede ofrecer un servicio de distribuci\u00f3n completo en el Reino Unido que incluye almacenamiento, representaci\u00f3n de ventas, marketing y entrega a los clientes.<\/p>\n\n\n\n<p><\/p>\n\n\n\n<p><\/p>\n\n\n\n<p><\/p>\n\n\n\n<h2 class=\"wp-block-heading\" id=\"mas-informacion\">M\u00e1s informaci\u00f3n<\/h2>\n\n\n\n<p id=\"block-6ee3c418-d39a-400f-9380-e915689894f0\">La mayor\u00eda de los productos Adiseal son multiprop\u00f3sito y superar\u00e1n a los productos dedicados de otros fabricantes. Para obtener m\u00e1s informaci\u00f3n sobre c\u00f3mo usar los productos Adiseal para aplicaciones espec\u00edficas, haga clic en los enlaces a continuaci\u00f3n.<\/p>\n\n\n\n<p id=\"block-3f824368-8fe9-4b45-b162-268d9c7029a7\"><a href=\"https:\/\/adiseal.com\/es\/mirror-adhesive\/\">Adhesivo espejo<\/a><\/p>\n\n\n\n<p id=\"block-8d882a89-9608-4bc5-b480-09b7525980ca\"><a href=\"https:\/\/adiseal.com\/es\/blog\/skirting-boards-adhesive\/\">Adhesivo m\u00e1s fuerte para rodapi\u00e9s<\/a><\/p>\n\n\n\n<p id=\"block-e04f28c4-da7f-4509-a189-f182ea3e2358\"><a href=\"https:\/\/adiseal.com\/es\/blog\/anti-mould-sealant\/\">Sellador resistente al moho m\u00e1s fuerte<\/a><\/p>\n\n\n\n<p id=\"block-c20838f4-504e-476b-a593-b8f93e656da6\"><a href=\"https:\/\/adiseal.com\/es\/concrete-adhesive\/\">El mejor adhesivo sobre hormig\u00f3n.<\/a><\/p>\n\n\n\n<p id=\"block-09879d57-73b6-4939-a2a0-b2a02243f33d\"><a href=\"https:\/\/adiseal.com\/es\/construction-adhesive\/\">Mejor adhesivo de construcci\u00f3n<\/a><\/p>\n\n\n\n<p id=\"block-c645a7c2-29aa-4952-96b5-d32f32886b2e\"><a href=\"https:\/\/adiseal.com\/es\/wood-to-metal\/\">Pegar metal a madera<\/a><\/p>\n\n\n\n<p id=\"block-15582ed8-cd6b-437c-b321-29fc025fc2d4\"><a href=\"https:\/\/adiseal.com\/es\/bond-metal\/\">C\u00f3mo unir metales<\/a><\/p>\n\n\n\n<p id=\"block-2df3218f-f1b9-48a1-9ca4-3b1acc0899a5\"><a href=\"https:\/\/adiseal.com\/es\/remove-adhesive-glue\/\">Retire el pegamento adhesivo<\/a><\/p>\n\n\n\n<p id=\"block-8670089f-a971-4d3d-b7dc-17a26aa1c1a8\"><a href=\"https:\/\/adiseal.com\/es\/glue-plastic\/\">pegamento para plastico<\/a><\/p>\n\n\n\n<p id=\"block-bc6603c6-2795-424c-bb36-64a631b32554\"><a href=\"https:\/\/adiseal.com\/es\/repair-gutter-leak\/\">Reparar fuga de canalones<\/a><\/p>\n\n\n\n<p id=\"block-e44b231f-6056-4913-b107-efeaa1b47cb5\"><a href=\"https:\/\/adiseal.com\/es\/repair-felt-roof\/\">Reparar un techo de fieltro<\/a><\/p>\n\n\n\n<p id=\"block-0dc9b648-1c94-4f41-9384-3ffcc4694abb\"><a href=\"https:\/\/adiseal.com\/es\/seal-lead\/\">sellador de plomo<\/a><\/p>\n\n\n\n<p id=\"block-d741a19b-59db-415c-a96c-d7e5897d03e0\"><a href=\"https:\/\/adiseal.com\/es\/adhesive-for-artificial-grass\/\">Adhesivo para c\u00e9sped artificial<\/a><\/p>\n\n\n\n<p id=\"block-105a3200-d8a5-4db7-8e6e-6b5761ac24a4\"><a href=\"https:\/\/adiseal.com\/es\/glue-for-rubber\/\">Pegamento para Caucho<\/a><\/p>\n\n\n\n<p id=\"block-fc69c7f7-ea54-4d1e-817e-b36be10f336c\"><a href=\"https:\/\/adiseal.com\/es\/plastic-to-metal-glue\/\">Pegamento para plastico a metal<\/a><\/p>\n\n\n\n<p id=\"block-3ee8687a-d38d-4396-8368-9e15e68ddd3e\"><a href=\"https:\/\/adiseal.com\/es\/stick-stone\/\">palo de piedra<\/a><\/p>\n\n\n\n<p id=\"block-48d087ab-9d43-4d30-916f-317f08e69931\"><a href=\"https:\/\/adiseal.com\/es\/remove-sticker-glue-glass\/\">C\u00f3mo quitar el pegamento de las pegatinas del cristal<\/a><\/p>\n\n\n\n<p id=\"block-3c2b4fde-1fe2-424b-b99d-55f3a12998b8\"><a href=\"https:\/\/adiseal.com\/es\/roof-leak\/\">Gotera del techo<\/a><\/p>\n\n\n\n<p id=\"block-80b43b12-16bf-42ef-8c58-7188e0c8e085\"><a href=\"https:\/\/adiseal.com\/es\/glue-ceramic\/\">pegamento para ceramica<\/a><\/p>\n\n\n\n<p id=\"block-eb86dcfa-ef62-448e-8060-a0314b7b6d09\"><a href=\"https:\/\/adiseal.com\/es\/underwater-sealant\/\">sellador submarino<\/a><\/p>\n\n\n\n<p id=\"block-94acbbbe-e7fb-4880-a1b8-376659f26a0e\"><a href=\"https:\/\/adiseal.com\/es\/glue-brick\/\">pegamento para ladrillo<\/a><\/p>\n\n\n\n<p id=\"block-38dc4e0b-19de-4b11-a67d-ccd286aa36e8\"><a href=\"https:\/\/adiseal.com\/es\/waterproof-sealant\/\">sellador impermeable<\/a><\/p>\n\n\n\n<p id=\"block-cddf63ee-d1ff-4127-af0c-211caf3f8efc\"><a href=\"https:\/\/adiseal.com\/es\/clear-sealant\/\">sellador transparente<\/a><\/p>\n\n\n\n<p id=\"block-bc5bdf45-a5e5-4d29-90a2-8d90113c8edb\"><a href=\"https:\/\/adiseal.com\/es\/black-sealant\/\">sellador negro<\/a><\/p>\n\n\n\n<p id=\"block-41c5c90a-7bda-4da0-845e-8f9b634a83c6\"><a href=\"https:\/\/adiseal.com\/es\/grey-sealant\/\">sellador gris<\/a><\/p>\n\n\n\n<p id=\"block-28b4dfe1-2b21-4468-a56a-7f8bfa1785bd\"><a href=\"https:\/\/adiseal.com\/es\/brown-sealant\/\">sellador marr\u00f3n<\/a><\/p>\n\n\n\n<p id=\"block-730edfe4-f765-4f95-b009-55340ed00b86\"><a href=\"https:\/\/adiseal.com\/es\/pvc-adhesive\/\">adhesivo de PVC<\/a><\/p>\n\n\n\n<p id=\"block-614f4369-3f17-408b-b4b5-939276698f27\"><a href=\"https:\/\/adiseal.com\/es\/wet-sealant\/\">sellador h\u00famedo<\/a><\/p>\n\n\n\n<p id=\"block-f708fc03-ba61-4fda-9334-9d917a8710b7\"><a href=\"https:\/\/adiseal.com\/es\/marble-adhesive\/\">Adhesivo para m\u00e1rmol<\/a><\/p>\n\n\n\n<p id=\"block-fc534e96-fe0f-4d0c-bad0-4d63af49032a\"><a href=\"https:\/\/adiseal.com\/es\/tar-and-glue-remover\/\">Eliminador de alquitr\u00e1n y cola<\/a><\/p>\n\n\n\n<p id=\"block-2473e143-f007-449e-b2a2-f24366036781\"><a href=\"https:\/\/adiseal.com\/es\/gap-filling-adhesive\/\">Adhesivo para rellenar huecos<\/a><\/p>\n\n\n\n<p id=\"block-5c236ec6-2751-4c81-8315-c325743e59bf\"><br>\ufeff<\/p>\n\n\n\n<p id=\"block-ed2ed9e5-828b-4705-b5f9-3720a7c7b2a4\"><a href=\"https:\/\/adiseal.com\/es\/wall-plugs-for-plasterboard\/\">Tacos para placas de yeso<\/a><\/p>\n\n\n\n<p id=\"block-27f0b2e5-652f-463c-984d-92d954f7b840\"><a href=\"https:\/\/adiseal.com\/es\/pipe-clips\/\">Clips universales para tuber\u00eda, cable o conducto de diferente tama\u00f1o<\/a><\/p>\n\n\n\n<p id=\"block-23682d3f-b376-4009-a859-1e28f7e5d95e\">\ufeff<\/p>\n\n\n\n<p id=\"block-6983df28-9286-414c-ac29-51af62bcd958\"><a href=\"https:\/\/adiseal.com\/es\/adhesive\/\">Gu\u00eda detallada sobre adhesivos<\/a><\/p>\n","protected":false},"excerpt":{"rendered":"<p>Productos de construcci\u00f3n profesionales y materiales de construcci\u00f3n Adiseal Ltd son proveedores de productos de construcci\u00f3n y materiales de construcci\u00f3n de alto rendimiento, incluido el adhesivo y sellador Adiseal m\u00e1s fuerte que rompe r\u00e9cords. Para obtener m\u00e1s informaci\u00f3n sobre el mejor adhesivo y sellador de [&hellip;]<\/p>\n","protected":false},"author":1,"featured_media":0,"parent":0,"menu_order":0,"comment_status":"closed","ping_status":"closed","template":"","meta":{"footnotes":""},"class_list":["post-71","page","type-page","status-publish","hentry"],"translation":{"provider":"WPGlobus","version":"3.0.2","language":"es","enabled_languages":["en","es","fr"],"languages":{"en":{"title":true,"content":true,"excerpt":false},"es":{"title":true,"content":true,"excerpt":false},"fr":{"title":true,"content":true,"excerpt":false}}},"yoast_head":"<!-- This site is optimized with the Yoast SEO Premium plugin v27.2 (Yoast SEO v27.3) - https:\/\/yoast.com\/product\/yoast-seo-premium-wordpress\/ -->\n<title>Adiseal | Productos Profesionales de Construcci\u00f3n | El mejor adhesivo de agarre<\/title>\n<meta name=\"description\" content=\"Proveedores de productos y materiales de construcci\u00f3n de alto rendimiento. Adhesivo y sellador m\u00e1s fuerte. Distribuidores.\" \/>\n<meta name=\"robots\" content=\"index, follow, max-snippet:-1, max-image-preview:large, max-video-preview:-1\" \/>\n<link rel=\"canonical\" href=\"https:\/\/adiseal.com\/\" \/>\n<meta property=\"og:locale\" content=\"es_ES\" \/>\n<meta property=\"og:type\" content=\"article\" \/>\n<meta property=\"og:title\" content=\"Adiseal | Productos Profesionales de Construcci\u00f3n | El mejor adhesivo de agarre\" \/>\n<meta property=\"og:description\" content=\"Proveedores de productos y materiales de construcci\u00f3n de alto rendimiento. Adhesivo y sellador m\u00e1s fuerte. Distribuidores.\" \/>\n<meta property=\"og:url\" content=\"https:\/\/adiseal.com\/\" \/>\n<meta property=\"og:site_name\" content=\"Adiseal\" \/>\n<meta property=\"article:publisher\" content=\"https:\/\/www.facebook.com\/AdisealLtd\/\" \/>\n<meta property=\"article:modified_time\" content=\"2025-04-09T17:28:14+00:00\" \/>\n<meta property=\"og:image\" content=\"https:\/\/adiseal.com\/wp-content\/uploads\/2023\/05\/best-adhesive-sealant.webp\" \/>\n\t<meta property=\"og:image:width\" content=\"351\" \/>\n\t<meta property=\"og:image:height\" content=\"351\" \/>\n\t<meta property=\"og:image:type\" content=\"image\/webp\" \/>\n<meta name=\"twitter:card\" content=\"summary_large_image\" \/>\n<meta name=\"twitter:site\" content=\"@Adiseal\" \/>\n<meta name=\"twitter:label1\" content=\"Tiempo de lectura\" \/>\n\t<meta name=\"twitter:data1\" content=\"5 minutos\" \/>\n<script type=\"application\/ld+json\" class=\"yoast-schema-graph\">{\"@context\":\"https:\\\/\\\/schema.org\",\"@graph\":[{\"@type\":\"WebPage\",\"@id\":\"https:\\\/\\\/adiseal.com\\\/\",\"url\":\"https:\\\/\\\/adiseal.com\\\/\",\"name\":\"Adiseal Ltd | Professional Construction Products Suppliers\",\"isPartOf\":{\"@id\":\"https:\\\/\\\/adiseal.com\\\/#website\"},\"primaryImageOfPage\":{\"@id\":\"https:\\\/\\\/adiseal.com\\\/#primaryimage\"},\"image\":{\"@id\":\"https:\\\/\\\/adiseal.com\\\/#primaryimage\"},\"thumbnailUrl\":\"https:\\\/\\\/adiseal.com\\\/wp-content\\\/uploads\\\/2023\\\/05\\\/best-adhesive-sealant.webp\",\"datePublished\":\"2020-02-24T19:09:21+00:00\",\"dateModified\":\"2025-04-09T17:28:14+00:00\",\"description\":\"Suppliers of high performance construction products & building materials. Strongest adhesive & sealant in independent test.\",\"breadcrumb\":{\"@id\":\"https:\\\/\\\/adiseal.com\\\/#breadcrumb\"},\"inLanguage\":\"es\",\"potentialAction\":[{\"@type\":\"ReadAction\",\"target\":[\"https:\\\/\\\/adiseal.com\\\/\"]}]},{\"@type\":\"ImageObject\",\"inLanguage\":\"es\",\"@id\":\"https:\\\/\\\/adiseal.com\\\/#primaryimage\",\"url\":\"https:\\\/\\\/adiseal.com\\\/wp-content\\\/uploads\\\/2023\\\/05\\\/best-adhesive-sealant.webp\",\"contentUrl\":\"https:\\\/\\\/adiseal.com\\\/wp-content\\\/uploads\\\/2023\\\/05\\\/best-adhesive-sealant.webp\"},{\"@type\":\"BreadcrumbList\",\"@id\":\"https:\\\/\\\/adiseal.com\\\/#breadcrumb\",\"itemListElement\":[{\"@type\":\"ListItem\",\"position\":1,\"name\":\"Home\",\"item\":\"https:\\\/\\\/adiseal.com\\\/\"},{\"@type\":\"ListItem\",\"position\":2,\"name\":\"Adiseal Ltd\"}]},{\"@type\":\"WebSite\",\"@id\":\"https:\\\/\\\/adiseal.com\\\/#website\",\"url\":\"https:\\\/\\\/adiseal.com\\\/\",\"name\":\"Adiseal\",\"description\":\"Professional construction products\",\"potentialAction\":[{\"@type\":\"SearchAction\",\"target\":{\"@type\":\"EntryPoint\",\"urlTemplate\":\"https:\\\/\\\/adiseal.com\\\/?s={search_term_string}\"},\"query-input\":{\"@type\":\"PropertyValueSpecification\",\"valueRequired\":true,\"valueName\":\"search_term_string\"}}],\"inLanguage\":\"es\"}]}<\/script>\n<!-- \/ Yoast SEO Premium plugin. -->","yoast_head_json":{"title":"Adiseal | Productos Profesionales de Construcci\u00f3n | El mejor adhesivo de agarre","description":"Proveedores de productos y materiales de construcci\u00f3n de alto rendimiento. Adhesivo y sellador m\u00e1s fuerte. Distribuidores.","robots":{"index":"index","follow":"follow","max-snippet":"max-snippet:-1","max-image-preview":"max-image-preview:large","max-video-preview":"max-video-preview:-1"},"canonical":"https:\/\/adiseal.com\/","og_locale":"es_ES","og_type":"article","og_title":"Adiseal | Productos Profesionales de Construcci\u00f3n | El mejor adhesivo de agarre","og_description":"Proveedores de productos y materiales de construcci\u00f3n de alto rendimiento. Adhesivo y sellador m\u00e1s fuerte. Distribuidores.","og_url":"https:\/\/adiseal.com\/","og_site_name":"Adiseal","article_publisher":"https:\/\/www.facebook.com\/AdisealLtd\/","article_modified_time":"2025-04-09T17:28:14+00:00","og_image":[{"width":351,"height":351,"url":"https:\/\/adiseal.com\/wp-content\/uploads\/2023\/05\/best-adhesive-sealant.webp","type":"image\/webp"}],"twitter_card":"summary_large_image","twitter_site":"@Adiseal","twitter_misc":{"Tiempo de lectura":"5 minutos"},"schema":{"@context":"https:\/\/schema.org","@graph":[{"@type":"WebPage","@id":"https:\/\/adiseal.com\/","url":"https:\/\/adiseal.com\/","name":"Adiseal Ltd | Professional Construction Products Suppliers","isPartOf":{"@id":"https:\/\/adiseal.com\/#website"},"primaryImageOfPage":{"@id":"https:\/\/adiseal.com\/#primaryimage"},"image":{"@id":"https:\/\/adiseal.com\/#primaryimage"},"thumbnailUrl":"https:\/\/adiseal.com\/wp-content\/uploads\/2023\/05\/best-adhesive-sealant.webp","datePublished":"2020-02-24T19:09:21+00:00","dateModified":"2025-04-09T17:28:14+00:00","description":"Suppliers of high performance construction products & building materials. Strongest adhesive & sealant in independent test.","breadcrumb":{"@id":"https:\/\/adiseal.com\/#breadcrumb"},"inLanguage":"es","potentialAction":[{"@type":"ReadAction","target":["https:\/\/adiseal.com\/"]}]},{"@type":"ImageObject","inLanguage":"es","@id":"https:\/\/adiseal.com\/#primaryimage","url":"https:\/\/adiseal.com\/wp-content\/uploads\/2023\/05\/best-adhesive-sealant.webp","contentUrl":"https:\/\/adiseal.com\/wp-content\/uploads\/2023\/05\/best-adhesive-sealant.webp"},{"@type":"BreadcrumbList","@id":"https:\/\/adiseal.com\/#breadcrumb","itemListElement":[{"@type":"ListItem","position":1,"name":"Home","item":"https:\/\/adiseal.com\/"},{"@type":"ListItem","position":2,"name":"Adiseal Ltd"}]},{"@type":"WebSite","@id":"https:\/\/adiseal.com\/#website","url":"https:\/\/adiseal.com\/","name":"Adiseal","description":"Professional construction products","potentialAction":[{"@type":"SearchAction","target":{"@type":"EntryPoint","urlTemplate":"https:\/\/adiseal.com\/?s={search_term_string}"},"query-input":{"@type":"PropertyValueSpecification","valueRequired":true,"valueName":"search_term_string"}}],"inLanguage":"es"}]}},"_links":{"self":[{"href":"https:\/\/adiseal.com\/es\/wp-json\/wp\/v2\/pages\/71","targetHints":{"allow":["GET"]}}],"collection":[{"href":"https:\/\/adiseal.com\/es\/wp-json\/wp\/v2\/pages"}],"about":[{"href":"https:\/\/adiseal.com\/es\/wp-json\/wp\/v2\/types\/page"}],"author":[{"embeddable":true,"href":"https:\/\/adiseal.com\/es\/wp-json\/wp\/v2\/users\/1"}],"replies":[{"embeddable":true,"href":"https:\/\/adiseal.com\/es\/wp-json\/wp\/v2\/comments?post=71"}],"version-history":[{"count":91,"href":"https:\/\/adiseal.com\/es\/wp-json\/wp\/v2\/pages\/71\/revisions"}],"predecessor-version":[{"id":9987,"href":"https:\/\/adiseal.com\/es\/wp-json\/wp\/v2\/pages\/71\/revisions\/9987"}],"wp:attachment":[{"href":"https:\/\/adiseal.com\/es\/wp-json\/wp\/v2\/media?parent=71"}],"curies":[{"name":"wp","href":"https:\/\/api.w.org\/{rel}","templated":true}]}}