{"id":39,"date":"2020-02-24T17:38:54","date_gmt":"2020-02-24T17:38:54","guid":{"rendered":"https:\/\/adiseal.com\/?page_id=39"},"modified":"2024-01-14T21:03:25","modified_gmt":"2024-01-14T21:03:25","slug":"products","status":"publish","type":"page","link":"https:\/\/adiseal.com\/es\/products\/","title":{"rendered":"Productos"},"content":{"rendered":"\n<h1 class=\"wp-block-heading\" id=\"h-productos-de-construccion-profesional\">Productos de construcci\u00f3n profesional<\/h1>\n\n\n\n<h2 class=\"wp-block-heading\" id=\"proveedores-de-materiales-de-construccion-para-comerciantes\">Proveedores de materiales de construcci\u00f3n para comerciantes<\/h2>\n\n\n\n<p>Adiseal Ltd son proveedores profesionales de productos de construcci\u00f3n y materiales de construcci\u00f3n para comerciantes. Contamos con una gama de materiales de construcci\u00f3n de alto rendimiento, lo que permite a los usuarios finales lograr resultados profesionales.<\/p>\n\n\n\n<figure class=\"wp-block-image size-large\"><img loading=\"lazy\" decoding=\"async\" width=\"351\" height=\"351\" src=\"https:\/\/adiseal.com\/wp-content\/uploads\/2020\/09\/best_grab_adhesive_strongest.jpg\" alt=\"El producto adhesivo y sellador Adiseal fue el mejor y m\u00e1s fuerte producto en una prueba independiente de fuerza adhesiva.\" class=\"wp-image-889\" srcset=\"https:\/\/adiseal.com\/wp-content\/uploads\/2020\/09\/best_grab_adhesive_strongest.jpg 351w, https:\/\/adiseal.com\/wp-content\/uploads\/2020\/09\/best_grab_adhesive_strongest-300x300.jpg 300w, https:\/\/adiseal.com\/wp-content\/uploads\/2020\/09\/best_grab_adhesive_strongest-150x150.jpg 150w, https:\/\/adiseal.com\/wp-content\/uploads\/2020\/09\/best_grab_adhesive_strongest-100x100.jpg 100w, https:\/\/adiseal.com\/wp-content\/uploads\/2020\/09\/best_grab_adhesive_strongest-275x275.jpg 275w\" sizes=\"auto, (max-width: 351px) 100vw, 351px\" \/><\/figure>\n\n\n\n<p>Nuestra gama de productos incluye:<\/p>\n\n\n\n<ul class=\"wp-block-list\"><li><a href=\"https:\/\/adiseal.com\/es\/adhesive-sealant\/\">Adiseal<\/a> &#8211; El mejor adhesivo y sellador de agarre. El adhesivo y sellador n.\u00ba 1 comprobado por una prueba independiente. <\/li><li><a href=\"https:\/\/adiseal.com\/es\/instant-grab-adhesive\/\">Adiseal Hi-Grab<\/a> &#8211; Adhesivo de agarre instant\u00e1neo con gran agarre instant\u00e1neo. <\/li><li><a href=\"https:\/\/adiseal.com\/es\/solvent-remover-cleaner-degreaser\/\">Adisolve<\/a> &#8211; Limpiador solvente no agresivo, removedor de adhesivos y removedor de selladores en 1 producto disponible en una lata de aerosol. <\/li><li><a href=\"https:\/\/adiseal.com\/es\/wall-plugs-for-plasterboard\/\">AllPlug<\/a> &#8211; Taco de pared para placas de yeso y otros sustratos. <\/li><li><a href=\"https:\/\/adiseal.com\/es\/pipe-clips\/\">AllClip<\/a> &#8211; Clip universal para tuber\u00edas, cables y conductos de diferentes tama\u00f1os. <\/li><li><a href=\"https:\/\/adiseal.com\/es\/best-glue\/\">Adiglue<\/a> &#8211; Pegamento ultra fuerte de mayor rendimiento. <\/li><li><a href=\"https:\/\/adiseal.com\/es\/best-glue\/\">Adiglue Acitvator<\/a> &#8211; Acelerador para pegamento y sellador para materiales porosos. <\/li><li><a href=\"https:\/\/adiseal.com\/es\/electrical-waterproof-gel\/\">IPGel Duo<\/a> &#8211; Gel aislante el\u00e9ctrico de 2 componentes. <\/li><li><a href=\"https:\/\/adiseal.com\/es\/electrical-waterproof-gel\/\">IPGel Mono<\/a> &#8211; Gel aislante el\u00e9ctrico listo para usar. <\/li><li><a href=\"https:\/\/adiseal.com\/es\/cable-lubricant\/\">CabLube Liquid<\/a> &#8211; L\u00edquido lubricante para tirar de cables. <\/li><li><a href=\"https:\/\/adiseal.com\/es\/cable-lubricant\/\">CabLube Gel<\/a> &#8211; Gel lubricante para tracci\u00f3n de cables. <\/li><li><a href=\"https:\/\/adiseal.com\/es\/cable-lubricant\/\">CabLube Foam<\/a>: espuma lubricante para tirar de cables. <\/li><li>Total Seal &#8211; Sellador de fugas l\u00edquido.<\/li><\/ul>\n\n\n\n<p>Los comerciantes conf\u00edan en Adiseal Ltd para proporcionar productos de construcci\u00f3n de calidad que hacen el trabajo. Los productos Adiseal se fabrican en un entorno de la m\u00e1s alta calidad.<\/p>\n\n\n\n<p><\/p>\n\n\n<figure class=\"wp-block-embed-youtube wp-block-embed is-type-video is-provider-youtube wp-embed-aspect-16-9 wp-has-aspect-ratio\"><div class=\"lyte-wrapper\" style=\"width:640px;max-width:100%;margin:5px;\"><div class=\"lyMe\" id=\"WYL_U7FoXTgAOog\"><div id=\"lyte_U7FoXTgAOog\" data-src=\"https:\/\/adiseal.com\/wp-content\/plugins\/wp-youtube-lyte\/lyteCache.php?origThumbUrl=%2F%2Fi.ytimg.com%2Fvi%2FU7FoXTgAOog%2Fhqdefault.jpg\" class=\"pL\"><div class=\"tC\"><div class=\"tT\"><\/div><\/div><div class=\"play\"><\/div><div class=\"ctrl\"><div class=\"Lctrl\"><\/div><div class=\"Rctrl\"><\/div><\/div><\/div><noscript><a href=\"https:\/\/youtu.be\/U7FoXTgAOog\" rel=\"nofollow\"><img loading=\"lazy\" decoding=\"async\" src=\"https:\/\/adiseal.com\/wp-content\/plugins\/wp-youtube-lyte\/lyteCache.php?origThumbUrl=https%3A%2F%2Fi.ytimg.com%2Fvi%2FU7FoXTgAOog%2F0.jpg\" alt=\"YouTube video thumbnail\" width=\"640\" height=\"340\" \/><br \/>Ver este v\u00eddeo en YouTube<\/a><\/noscript><\/div><\/div><div class=\"lL\" style=\"max-width:100%;width:640px;margin:5px;\"><\/div><figcaption><\/figcaption><\/figure>\n\n\n<p><\/p>\n\n\n\n<p><br><\/p>\n\n\n\n<p>Adiseal Ltd tambi\u00e9n son los distribuidores en el Reino Unido de varias marcas internacionales, como los cepillos de mano UltraLube, AjustLock y Rali.<\/p>\n\n\n\n<figure class=\"wp-block-image size-large\"><a href=\"https:\/\/adiseal.com\/products\/ultralube\/\"><img loading=\"lazy\" decoding=\"async\" width=\"381\" height=\"231\" src=\"https:\/\/adiseal.com\/wp-content\/uploads\/2020\/03\/UL_logo.jpg\" alt=\"Logotipo de UltraLube\" class=\"wp-image-294\" srcset=\"https:\/\/adiseal.com\/wp-content\/uploads\/2020\/03\/UL_logo.jpg 381w, https:\/\/adiseal.com\/wp-content\/uploads\/2020\/03\/UL_logo-300x182.jpg 300w, https:\/\/adiseal.com\/wp-content\/uploads\/2020\/03\/UL_logo-100x61.jpg 100w, https:\/\/adiseal.com\/wp-content\/uploads\/2020\/03\/UL_logo-275x167.jpg 275w\" sizes=\"auto, (max-width: 381px) 100vw, 381px\" \/><\/a><\/figure>\n","protected":false},"excerpt":{"rendered":"<p>Productos de construcci\u00f3n profesional Proveedores de materiales de construcci\u00f3n para comerciantes Adiseal Ltd son proveedores profesionales de productos de construcci\u00f3n y materiales de construcci\u00f3n para comerciantes. Contamos con una gama de materiales de construcci\u00f3n de alto rendimiento, lo que permite a los usuarios finales lograr [&hellip;]<\/p>\n","protected":false},"author":1,"featured_media":0,"parent":0,"menu_order":0,"comment_status":"closed","ping_status":"closed","template":"","meta":{"footnotes":""},"class_list":["post-39","page","type-page","status-publish","hentry"],"translation":{"provider":"WPGlobus","version":"3.0.2","language":"es","enabled_languages":["en","es","fr"],"languages":{"en":{"title":true,"content":true,"excerpt":false},"es":{"title":true,"content":true,"excerpt":false},"fr":{"title":true,"content":true,"excerpt":false}}},"yoast_head":"<!-- This site is optimized with the Yoast SEO Premium plugin v27.2 (Yoast SEO v27.3) - https:\/\/yoast.com\/product\/yoast-seo-premium-wordpress\/ -->\n<title>Adiseal Ltd | Proveedores de Productos Profesionales de Construcci\u00f3n<\/title>\n<meta name=\"description\" content=\"Adiseal Ltd suministra productos de construcci\u00f3n y materiales de construcci\u00f3n de alto rendimiento, incluido el mejor adhesivo y sellador de agarre.\" \/>\n<meta name=\"robots\" content=\"index, follow, max-snippet:-1, max-image-preview:large, max-video-preview:-1\" \/>\n<link rel=\"canonical\" href=\"https:\/\/adiseal.com\/products\/\" \/>\n<meta property=\"og:locale\" content=\"es_ES\" \/>\n<meta property=\"og:type\" content=\"article\" \/>\n<meta property=\"og:title\" content=\"Adiseal Ltd | Proveedores de Productos Profesionales de Construcci\u00f3n\" \/>\n<meta property=\"og:description\" content=\"Adiseal Ltd suministra productos de construcci\u00f3n y materiales de construcci\u00f3n de alto rendimiento, incluido el mejor adhesivo y sellador de agarre.\" \/>\n<meta property=\"og:url\" content=\"https:\/\/adiseal.com\/products\/\" \/>\n<meta property=\"og:site_name\" content=\"Adiseal\" \/>\n<meta property=\"article:publisher\" content=\"https:\/\/www.facebook.com\/AdisealLtd\/\" \/>\n<meta property=\"article:modified_time\" content=\"2024-01-14T21:03:25+00:00\" \/>\n<meta property=\"og:image\" content=\"https:\/\/adiseal.com\/wp-content\/uploads\/2020\/09\/best_grab_adhesive_strongest.jpg\" \/>\n<meta name=\"twitter:card\" content=\"summary_large_image\" \/>\n<meta name=\"twitter:site\" content=\"@Adiseal\" \/>\n<meta name=\"twitter:label1\" content=\"Tiempo de lectura\" \/>\n\t<meta name=\"twitter:data1\" content=\"2 minutos\" \/>\n<script type=\"application\/ld+json\" class=\"yoast-schema-graph\">{\"@context\":\"https:\\\/\\\/schema.org\",\"@graph\":[{\"@type\":\"WebPage\",\"@id\":\"https:\\\/\\\/adiseal.com\\\/products\\\/\",\"url\":\"https:\\\/\\\/adiseal.com\\\/products\\\/\",\"name\":\"Adiseal Ltd | Suppliers of Professional Construction Products\",\"isPartOf\":{\"@id\":\"https:\\\/\\\/adiseal.com\\\/#website\"},\"primaryImageOfPage\":{\"@id\":\"https:\\\/\\\/adiseal.com\\\/products\\\/#primaryimage\"},\"image\":{\"@id\":\"https:\\\/\\\/adiseal.com\\\/products\\\/#primaryimage\"},\"thumbnailUrl\":\"https:\\\/\\\/adiseal.com\\\/wp-content\\\/uploads\\\/2020\\\/09\\\/best_grab_adhesive_strongest.jpg\",\"datePublished\":\"2020-02-24T17:38:54+00:00\",\"dateModified\":\"2024-01-14T21:03:25+00:00\",\"description\":\"Adiseal Ltd supply high performance construction products & building materials including the best grab adhesive & sealant.\",\"breadcrumb\":{\"@id\":\"https:\\\/\\\/adiseal.com\\\/products\\\/#breadcrumb\"},\"inLanguage\":\"es\",\"potentialAction\":[{\"@type\":\"ReadAction\",\"target\":[\"https:\\\/\\\/adiseal.com\\\/products\\\/\"]}]},{\"@type\":\"ImageObject\",\"inLanguage\":\"es\",\"@id\":\"https:\\\/\\\/adiseal.com\\\/products\\\/#primaryimage\",\"url\":\"https:\\\/\\\/adiseal.com\\\/wp-content\\\/uploads\\\/2020\\\/09\\\/best_grab_adhesive_strongest.jpg\",\"contentUrl\":\"https:\\\/\\\/adiseal.com\\\/wp-content\\\/uploads\\\/2020\\\/09\\\/best_grab_adhesive_strongest.jpg\"},{\"@type\":\"BreadcrumbList\",\"@id\":\"https:\\\/\\\/adiseal.com\\\/products\\\/#breadcrumb\",\"itemListElement\":[{\"@type\":\"ListItem\",\"position\":1,\"name\":\"Home\",\"item\":\"https:\\\/\\\/adiseal.com\\\/\"},{\"@type\":\"ListItem\",\"position\":2,\"name\":\"Products\"}]},{\"@type\":\"WebSite\",\"@id\":\"https:\\\/\\\/adiseal.com\\\/#website\",\"url\":\"https:\\\/\\\/adiseal.com\\\/\",\"name\":\"Adiseal\",\"description\":\"Professional construction products\",\"potentialAction\":[{\"@type\":\"SearchAction\",\"target\":{\"@type\":\"EntryPoint\",\"urlTemplate\":\"https:\\\/\\\/adiseal.com\\\/?s={search_term_string}\"},\"query-input\":{\"@type\":\"PropertyValueSpecification\",\"valueRequired\":true,\"valueName\":\"search_term_string\"}}],\"inLanguage\":\"es\"}]}<\/script>\n<!-- \/ Yoast SEO Premium plugin. -->","yoast_head_json":{"title":"Adiseal Ltd | Proveedores de Productos Profesionales de Construcci\u00f3n","description":"Adiseal Ltd suministra productos de construcci\u00f3n y materiales de construcci\u00f3n de alto rendimiento, incluido el mejor adhesivo y sellador de agarre.","robots":{"index":"index","follow":"follow","max-snippet":"max-snippet:-1","max-image-preview":"max-image-preview:large","max-video-preview":"max-video-preview:-1"},"canonical":"https:\/\/adiseal.com\/products\/","og_locale":"es_ES","og_type":"article","og_title":"Adiseal Ltd | Proveedores de Productos Profesionales de Construcci\u00f3n","og_description":"Adiseal Ltd suministra productos de construcci\u00f3n y materiales de construcci\u00f3n de alto rendimiento, incluido el mejor adhesivo y sellador de agarre.","og_url":"https:\/\/adiseal.com\/products\/","og_site_name":"Adiseal","article_publisher":"https:\/\/www.facebook.com\/AdisealLtd\/","article_modified_time":"2024-01-14T21:03:25+00:00","og_image":[{"url":"https:\/\/adiseal.com\/wp-content\/uploads\/2020\/09\/best_grab_adhesive_strongest.jpg","type":"","width":"","height":""}],"twitter_card":"summary_large_image","twitter_site":"@Adiseal","twitter_misc":{"Tiempo de lectura":"2 minutos"},"schema":{"@context":"https:\/\/schema.org","@graph":[{"@type":"WebPage","@id":"https:\/\/adiseal.com\/products\/","url":"https:\/\/adiseal.com\/products\/","name":"Adiseal Ltd | Suppliers of Professional Construction Products","isPartOf":{"@id":"https:\/\/adiseal.com\/#website"},"primaryImageOfPage":{"@id":"https:\/\/adiseal.com\/products\/#primaryimage"},"image":{"@id":"https:\/\/adiseal.com\/products\/#primaryimage"},"thumbnailUrl":"https:\/\/adiseal.com\/wp-content\/uploads\/2020\/09\/best_grab_adhesive_strongest.jpg","datePublished":"2020-02-24T17:38:54+00:00","dateModified":"2024-01-14T21:03:25+00:00","description":"Adiseal Ltd supply high performance construction products & building materials including the best grab adhesive & sealant.","breadcrumb":{"@id":"https:\/\/adiseal.com\/products\/#breadcrumb"},"inLanguage":"es","potentialAction":[{"@type":"ReadAction","target":["https:\/\/adiseal.com\/products\/"]}]},{"@type":"ImageObject","inLanguage":"es","@id":"https:\/\/adiseal.com\/products\/#primaryimage","url":"https:\/\/adiseal.com\/wp-content\/uploads\/2020\/09\/best_grab_adhesive_strongest.jpg","contentUrl":"https:\/\/adiseal.com\/wp-content\/uploads\/2020\/09\/best_grab_adhesive_strongest.jpg"},{"@type":"BreadcrumbList","@id":"https:\/\/adiseal.com\/products\/#breadcrumb","itemListElement":[{"@type":"ListItem","position":1,"name":"Home","item":"https:\/\/adiseal.com\/"},{"@type":"ListItem","position":2,"name":"Products"}]},{"@type":"WebSite","@id":"https:\/\/adiseal.com\/#website","url":"https:\/\/adiseal.com\/","name":"Adiseal","description":"Professional construction products","potentialAction":[{"@type":"SearchAction","target":{"@type":"EntryPoint","urlTemplate":"https:\/\/adiseal.com\/?s={search_term_string}"},"query-input":{"@type":"PropertyValueSpecification","valueRequired":true,"valueName":"search_term_string"}}],"inLanguage":"es"}]}},"_links":{"self":[{"href":"https:\/\/adiseal.com\/es\/wp-json\/wp\/v2\/pages\/39","targetHints":{"allow":["GET"]}}],"collection":[{"href":"https:\/\/adiseal.com\/es\/wp-json\/wp\/v2\/pages"}],"about":[{"href":"https:\/\/adiseal.com\/es\/wp-json\/wp\/v2\/types\/page"}],"author":[{"embeddable":true,"href":"https:\/\/adiseal.com\/es\/wp-json\/wp\/v2\/users\/1"}],"replies":[{"embeddable":true,"href":"https:\/\/adiseal.com\/es\/wp-json\/wp\/v2\/comments?post=39"}],"version-history":[{"count":26,"href":"https:\/\/adiseal.com\/es\/wp-json\/wp\/v2\/pages\/39\/revisions"}],"predecessor-version":[{"id":8934,"href":"https:\/\/adiseal.com\/es\/wp-json\/wp\/v2\/pages\/39\/revisions\/8934"}],"wp:attachment":[{"href":"https:\/\/adiseal.com\/es\/wp-json\/wp\/v2\/media?parent=39"}],"curies":[{"name":"wp","href":"https:\/\/api.w.org\/{rel}","templated":true}]}}