{"id":145,"date":"2020-02-25T16:01:36","date_gmt":"2020-02-25T16:01:36","guid":{"rendered":"https:\/\/adiseal.com\/?page_id=145"},"modified":"2025-04-10T23:35:15","modified_gmt":"2025-04-10T22:35:15","slug":"blog","status":"publish","type":"page","link":"https:\/\/adiseal.com\/es\/blog\/","title":{"rendered":"Blog"},"content":{"rendered":"\n<h1 class=\"wp-block-heading\" id=\"block-9adb09db-fcb1-49d7-a980-11b179812ec3\">M\u00e1s informaci\u00f3n de Adiseal Ltd<\/h1>\n\n\n\n<p id=\"block-f2994d30-1fd6-4d58-9107-344c4ec0714d\">\ufeff<\/p>\n\n\n\n<figure class=\"wp-block-image\" id=\"block-ac0f335d-1c50-4ecc-a284-7e950a6b3810\"><img decoding=\"async\" src=\"https:\/\/adiseal.com\/wp-content\/uploads\/2020\/09\/best_grab_adhesive_strongest.jpg\" alt=\"El adhesivo y sellador Adiseal fue el producto m\u00e1s fuerte en una prueba independiente de fuerza adhesiva.\"\/><\/figure>\n\n\n\n<p id=\"block-2f59d1f5-fdfc-49e4-9132-8b17a9804a45\">Para obtener m\u00e1s detalles sobre el sellador y adhesivo de agarre m\u00e1s fuerte que bati\u00f3 r\u00e9cords, consulte la p\u00e1gina de <a href=\"https:\/\/adiseal.com\/es\/adhesive-sealant\/\">Adiseal<\/a>.<\/p>\n\n\n\n<p id=\"block-489ff9f5-cc0c-4c5e-b00e-753ed2363f42\"><br>\ufeff<\/p>\n\n\n\n<p id=\"block-6ee3c418-d39a-400f-9380-e915689894f0\">La mayor\u00eda de los productos Adiseal son multiprop\u00f3sito y superar\u00e1n a los productos dedicados de otros fabricantes. Para obtener m\u00e1s informaci\u00f3n sobre c\u00f3mo usar los productos Adiseal para aplicaciones espec\u00edficas, haga clic en los enlaces a continuaci\u00f3n.<\/p>\n\n\n\n<p id=\"block-3f824368-8fe9-4b45-b162-268d9c7029a7\"><a href=\"https:\/\/adiseal.com\/es\/mirror-adhesive\/\">Adhesivo espejo<\/a><\/p>\n\n\n\n<p id=\"block-8d882a89-9608-4bc5-b480-09b7525980ca\"><a href=\"https:\/\/adiseal.com\/es\/blog\/skirting-boards-adhesive\/\">Adhesivo m\u00e1s fuerte para rodapi\u00e9s<\/a><\/p>\n\n\n\n<p id=\"block-e04f28c4-da7f-4509-a189-f182ea3e2358\"><a href=\"https:\/\/adiseal.com\/es\/blog\/anti-mould-sealant\/\">Sellador resistente al moho m\u00e1s fuerte<\/a><\/p>\n\n\n\n<p id=\"block-c20838f4-504e-476b-a593-b8f93e656da6\"><a href=\"https:\/\/adiseal.com\/es\/concrete-adhesive\/\">El mejor adhesivo sobre hormig\u00f3n.<\/a><\/p>\n\n\n\n<p id=\"block-09879d57-73b6-4939-a2a0-b2a02243f33d\"><a href=\"https:\/\/adiseal.com\/es\/construction-adhesive\/\">Mejor adhesivo de construcci\u00f3n<\/a><\/p>\n\n\n\n<p id=\"block-c645a7c2-29aa-4952-96b5-d32f32886b2e\"><a href=\"https:\/\/adiseal.com\/es\/wood-to-metal\/\">Pegar metal a madera<\/a><\/p>\n\n\n\n<p id=\"block-15582ed8-cd6b-437c-b321-29fc025fc2d4\"><a href=\"https:\/\/adiseal.com\/es\/bond-metal\/\">C\u00f3mo unir metales<\/a><\/p>\n\n\n\n<p id=\"block-2df3218f-f1b9-48a1-9ca4-3b1acc0899a5\"><a href=\"https:\/\/adiseal.com\/es\/remove-adhesive-glue\/\">Retire el pegamento adhesivo<\/a><\/p>\n\n\n\n<p id=\"block-8670089f-a971-4d3d-b7dc-17a26aa1c1a8\"><a href=\"https:\/\/adiseal.com\/es\/glue-plastic\/\">pegamento para plastico<\/a><\/p>\n\n\n\n<p id=\"block-bc6603c6-2795-424c-bb36-64a631b32554\"><a href=\"https:\/\/adiseal.com\/es\/repair-gutter-leak\/\">Reparar fuga de canalones<\/a><\/p>\n\n\n\n<p id=\"block-e44b231f-6056-4913-b107-efeaa1b47cb5\"><a href=\"https:\/\/adiseal.com\/es\/repair-felt-roof\/\">Reparar un techo de fieltro<\/a><\/p>\n\n\n\n<p id=\"block-0dc9b648-1c94-4f41-9384-3ffcc4694abb\"><a href=\"https:\/\/adiseal.com\/es\/seal-lead\/\">sellador de plomo<\/a><\/p>\n\n\n\n<p id=\"block-d741a19b-59db-415c-a96c-d7e5897d03e0\"><a href=\"https:\/\/adiseal.com\/es\/adhesive-for-artificial-grass\/\">Adhesivo para c\u00e9sped artificial<\/a><\/p>\n\n\n\n<p id=\"block-105a3200-d8a5-4db7-8e6e-6b5761ac24a4\"><a href=\"https:\/\/adiseal.com\/es\/glue-for-rubber\/\">Pegamento para Caucho<\/a><\/p>\n\n\n\n<p id=\"block-fc69c7f7-ea54-4d1e-817e-b36be10f336c\"><a href=\"https:\/\/adiseal.com\/es\/plastic-to-metal-glue\/\">Pegamento para plastico a metal<\/a><\/p>\n\n\n\n<p id=\"block-3ee8687a-d38d-4396-8368-9e15e68ddd3e\"><a href=\"https:\/\/adiseal.com\/es\/stick-stone\/\">palo de piedra<\/a><\/p>\n\n\n\n<p id=\"block-48d087ab-9d43-4d30-916f-317f08e69931\"><a href=\"https:\/\/adiseal.com\/es\/remove-sticker-glue-glass\/\">C\u00f3mo quitar el pegamento de las pegatinas del cristal<\/a><\/p>\n\n\n\n<p id=\"block-3c2b4fde-1fe2-424b-b99d-55f3a12998b8\"><a href=\"https:\/\/adiseal.com\/es\/roof-leak\/\">Gotera del techo<\/a><\/p>\n\n\n\n<p id=\"block-80b43b12-16bf-42ef-8c58-7188e0c8e085\"><a href=\"https:\/\/adiseal.com\/es\/glue-ceramic\/\">pegamento para ceramica<\/a><\/p>\n\n\n\n<p id=\"block-eb86dcfa-ef62-448e-8060-a0314b7b6d09\"><a href=\"https:\/\/adiseal.com\/es\/underwater-sealant\/\">sellador submarino<\/a><\/p>\n\n\n\n<p id=\"block-94acbbbe-e7fb-4880-a1b8-376659f26a0e\"><a href=\"https:\/\/adiseal.com\/es\/glue-brick\/\">pegamento para ladrillo<\/a><\/p>\n\n\n\n<p id=\"block-38dc4e0b-19de-4b11-a67d-ccd286aa36e8\"><a href=\"https:\/\/adiseal.com\/es\/waterproof-sealant\/\">sellador impermeable<\/a><\/p>\n\n\n\n<p id=\"block-cddf63ee-d1ff-4127-af0c-211caf3f8efc\"><a href=\"https:\/\/adiseal.com\/es\/clear-sealant\/\">sellador transparente<\/a><\/p>\n\n\n\n<p id=\"block-bc5bdf45-a5e5-4d29-90a2-8d90113c8edb\"><a href=\"https:\/\/adiseal.com\/es\/black-sealant\/\">sellador negro<\/a><\/p>\n\n\n\n<p id=\"block-41c5c90a-7bda-4da0-845e-8f9b634a83c6\"><a href=\"https:\/\/adiseal.com\/es\/grey-sealant\/\">sellador gris<\/a><\/p>\n\n\n\n<p id=\"block-28b4dfe1-2b21-4468-a56a-7f8bfa1785bd\"><a href=\"https:\/\/adiseal.com\/es\/brown-sealant\/\">sellador marr\u00f3n<\/a><\/p>\n\n\n\n<p id=\"block-730edfe4-f765-4f95-b009-55340ed00b86\"><a href=\"https:\/\/adiseal.com\/es\/pvc-adhesive\/\">adhesivo de PVC<\/a><\/p>\n\n\n\n<p id=\"block-614f4369-3f17-408b-b4b5-939276698f27\"><a href=\"https:\/\/adiseal.com\/es\/wet-sealant\/\">sellador h\u00famedo<\/a><\/p>\n\n\n\n<p id=\"block-f708fc03-ba61-4fda-9334-9d917a8710b7\"><a href=\"https:\/\/adiseal.com\/es\/marble-adhesive\/\">Adhesivo para m\u00e1rmol<\/a><\/p>\n\n\n\n<p id=\"block-fc534e96-fe0f-4d0c-bad0-4d63af49032a\"><a href=\"https:\/\/adiseal.com\/es\/tar-and-glue-remover\/\">Eliminador de alquitr\u00e1n y cola<\/a><\/p>\n\n\n\n<p id=\"block-2473e143-f007-449e-b2a2-f24366036781\"><a href=\"https:\/\/adiseal.com\/es\/gap-filling-adhesive\/\">Adhesivo para rellenar huecos<\/a><\/p>\n\n\n\n<p id=\"block-5c236ec6-2751-4c81-8315-c325743e59bf\"><a href=\"https:\/\/adiseal.com\/es\/flexible-adhesive\/\">Adhesivo flexible<\/a><br><\/p>\n\n\n\n<p id=\"block-ed2ed9e5-828b-4705-b5f9-3720a7c7b2a4\"><a href=\"https:\/\/adiseal.com\/es\/wall-plugs-for-plasterboard\/\">Tacos para placas de yeso<\/a><\/p>\n\n\n\n<p id=\"block-27f0b2e5-652f-463c-984d-92d954f7b840\"><a href=\"https:\/\/adiseal.com\/es\/pipe-clips\/\">Clips universales para tuber\u00eda, cable o conducto de diferente tama\u00f1o<\/a><\/p>\n\n\n\n<p id=\"block-23682d3f-b376-4009-a859-1e28f7e5d95e\">\ufeff<\/p>\n\n\n\n<p id=\"block-6983df28-9286-414c-ac29-51af62bcd958\"><a href=\"https:\/\/adiseal.com\/es\/adhesive\/\">Gu\u00eda detallada sobre adhesivos<\/a><\/p>\n","protected":false},"excerpt":{"rendered":"<p>M\u00e1s informaci\u00f3n de Adiseal Ltd \ufeff Para obtener m\u00e1s detalles sobre el sellador y adhesivo de agarre m\u00e1s fuerte que bati\u00f3 r\u00e9cords, consulte la p\u00e1gina de Adiseal. \ufeff La mayor\u00eda de los productos Adiseal son multiprop\u00f3sito y superar\u00e1n a los productos dedicados de otros fabricantes. [&hellip;]<\/p>\n","protected":false},"author":1,"featured_media":0,"parent":0,"menu_order":0,"comment_status":"closed","ping_status":"closed","template":"","meta":{"footnotes":""},"class_list":["post-145","page","type-page","status-publish","hentry"],"translation":{"provider":"WPGlobus","version":"3.0.2","language":"es","enabled_languages":["en","es","fr"],"languages":{"en":{"title":true,"content":true,"excerpt":false},"es":{"title":true,"content":true,"excerpt":false},"fr":{"title":true,"content":true,"excerpt":false}}},"yoast_head":"<!-- This site is optimized with the Yoast SEO Premium plugin v27.2 (Yoast SEO v27.3) - https:\/\/yoast.com\/product\/yoast-seo-premium-wordpress\/ -->\n<title>Noticias, detalles, informaci\u00f3n y consejos de Adiseal Ltd<\/title>\n<meta name=\"description\" content=\"Detalles sobre los productos de construcci\u00f3n de alto rendimiento de Adiseal, incluido el adhesivo y sellador m\u00e1s fuerte que bati\u00f3 r\u00e9cords.\" \/>\n<meta name=\"robots\" content=\"index, follow, max-snippet:-1, max-image-preview:large, max-video-preview:-1\" \/>\n<link rel=\"canonical\" href=\"https:\/\/adiseal.com\/blog\/\" \/>\n<meta property=\"og:locale\" content=\"es_ES\" \/>\n<meta property=\"og:type\" content=\"article\" \/>\n<meta property=\"og:title\" content=\"Noticias, detalles, informaci\u00f3n y consejos de Adiseal Ltd\" \/>\n<meta property=\"og:description\" content=\"Detalles sobre los productos de construcci\u00f3n de alto rendimiento de Adiseal, incluido el adhesivo y sellador m\u00e1s fuerte que bati\u00f3 r\u00e9cords.\" \/>\n<meta property=\"og:url\" content=\"https:\/\/adiseal.com\/blog\/\" \/>\n<meta property=\"og:site_name\" content=\"Adiseal\" \/>\n<meta property=\"article:publisher\" content=\"https:\/\/www.facebook.com\/AdisealLtd\/\" \/>\n<meta property=\"article:modified_time\" content=\"2025-04-10T22:35:15+00:00\" \/>\n<meta property=\"og:image\" content=\"https:\/\/adiseal.com\/wp-content\/uploads\/2020\/09\/best_grab_adhesive_strongest.jpg\" \/>\n\t<meta property=\"og:image:width\" content=\"351\" \/>\n\t<meta property=\"og:image:height\" content=\"351\" \/>\n\t<meta property=\"og:image:type\" content=\"image\/jpeg\" \/>\n<meta name=\"twitter:card\" content=\"summary_large_image\" \/>\n<meta name=\"twitter:site\" content=\"@Adiseal\" \/>\n<meta name=\"twitter:label1\" content=\"Tiempo de lectura\" \/>\n\t<meta name=\"twitter:data1\" content=\"2 minutos\" \/>\n<script type=\"application\/ld+json\" class=\"yoast-schema-graph\">{\"@context\":\"https:\\\/\\\/schema.org\",\"@graph\":[{\"@type\":\"WebPage\",\"@id\":\"https:\\\/\\\/adiseal.com\\\/blog\\\/\",\"url\":\"https:\\\/\\\/adiseal.com\\\/blog\\\/\",\"name\":\"News, Details, Information & Tips From Adiseal Ltd\",\"isPartOf\":{\"@id\":\"https:\\\/\\\/adiseal.com\\\/#website\"},\"primaryImageOfPage\":{\"@id\":\"https:\\\/\\\/adiseal.com\\\/blog\\\/#primaryimage\"},\"image\":{\"@id\":\"https:\\\/\\\/adiseal.com\\\/blog\\\/#primaryimage\"},\"thumbnailUrl\":\"https:\\\/\\\/adiseal.com\\\/wp-content\\\/uploads\\\/2020\\\/09\\\/best_grab_adhesive_strongest.jpg\",\"datePublished\":\"2020-02-25T16:01:36+00:00\",\"dateModified\":\"2025-04-10T22:35:15+00:00\",\"description\":\"Details about high-performance construction products from Adiseal: Record breaking strongest adhesive sealant & best drill bits.\",\"breadcrumb\":{\"@id\":\"https:\\\/\\\/adiseal.com\\\/blog\\\/#breadcrumb\"},\"inLanguage\":\"es\",\"potentialAction\":[{\"@type\":\"ReadAction\",\"target\":[\"https:\\\/\\\/adiseal.com\\\/blog\\\/\"]}]},{\"@type\":\"ImageObject\",\"inLanguage\":\"es\",\"@id\":\"https:\\\/\\\/adiseal.com\\\/blog\\\/#primaryimage\",\"url\":\"https:\\\/\\\/adiseal.com\\\/wp-content\\\/uploads\\\/2020\\\/09\\\/best_grab_adhesive_strongest.jpg\",\"contentUrl\":\"https:\\\/\\\/adiseal.com\\\/wp-content\\\/uploads\\\/2020\\\/09\\\/best_grab_adhesive_strongest.jpg\"},{\"@type\":\"BreadcrumbList\",\"@id\":\"https:\\\/\\\/adiseal.com\\\/blog\\\/#breadcrumb\",\"itemListElement\":[{\"@type\":\"ListItem\",\"position\":1,\"name\":\"Home\",\"item\":\"https:\\\/\\\/adiseal.com\\\/\"},{\"@type\":\"ListItem\",\"position\":2,\"name\":\"Blog\"}]},{\"@type\":\"WebSite\",\"@id\":\"https:\\\/\\\/adiseal.com\\\/#website\",\"url\":\"https:\\\/\\\/adiseal.com\\\/\",\"name\":\"Adiseal\",\"description\":\"Professional construction products\",\"potentialAction\":[{\"@type\":\"SearchAction\",\"target\":{\"@type\":\"EntryPoint\",\"urlTemplate\":\"https:\\\/\\\/adiseal.com\\\/?s={search_term_string}\"},\"query-input\":{\"@type\":\"PropertyValueSpecification\",\"valueRequired\":true,\"valueName\":\"search_term_string\"}}],\"inLanguage\":\"es\"}]}<\/script>\n<!-- \/ Yoast SEO Premium plugin. -->","yoast_head_json":{"title":"Noticias, detalles, informaci\u00f3n y consejos de Adiseal Ltd","description":"Detalles sobre los productos de construcci\u00f3n de alto rendimiento de Adiseal, incluido el adhesivo y sellador m\u00e1s fuerte que bati\u00f3 r\u00e9cords.","robots":{"index":"index","follow":"follow","max-snippet":"max-snippet:-1","max-image-preview":"max-image-preview:large","max-video-preview":"max-video-preview:-1"},"canonical":"https:\/\/adiseal.com\/blog\/","og_locale":"es_ES","og_type":"article","og_title":"Noticias, detalles, informaci\u00f3n y consejos de Adiseal Ltd","og_description":"Detalles sobre los productos de construcci\u00f3n de alto rendimiento de Adiseal, incluido el adhesivo y sellador m\u00e1s fuerte que bati\u00f3 r\u00e9cords.","og_url":"https:\/\/adiseal.com\/blog\/","og_site_name":"Adiseal","article_publisher":"https:\/\/www.facebook.com\/AdisealLtd\/","article_modified_time":"2025-04-10T22:35:15+00:00","og_image":[{"width":351,"height":351,"url":"https:\/\/adiseal.com\/wp-content\/uploads\/2020\/09\/best_grab_adhesive_strongest.jpg","type":"image\/jpeg"}],"twitter_card":"summary_large_image","twitter_site":"@Adiseal","twitter_misc":{"Tiempo de lectura":"2 minutos"},"schema":{"@context":"https:\/\/schema.org","@graph":[{"@type":"WebPage","@id":"https:\/\/adiseal.com\/blog\/","url":"https:\/\/adiseal.com\/blog\/","name":"News, Details, Information & Tips From Adiseal Ltd","isPartOf":{"@id":"https:\/\/adiseal.com\/#website"},"primaryImageOfPage":{"@id":"https:\/\/adiseal.com\/blog\/#primaryimage"},"image":{"@id":"https:\/\/adiseal.com\/blog\/#primaryimage"},"thumbnailUrl":"https:\/\/adiseal.com\/wp-content\/uploads\/2020\/09\/best_grab_adhesive_strongest.jpg","datePublished":"2020-02-25T16:01:36+00:00","dateModified":"2025-04-10T22:35:15+00:00","description":"Details about high-performance construction products from Adiseal: Record breaking strongest adhesive sealant & best drill bits.","breadcrumb":{"@id":"https:\/\/adiseal.com\/blog\/#breadcrumb"},"inLanguage":"es","potentialAction":[{"@type":"ReadAction","target":["https:\/\/adiseal.com\/blog\/"]}]},{"@type":"ImageObject","inLanguage":"es","@id":"https:\/\/adiseal.com\/blog\/#primaryimage","url":"https:\/\/adiseal.com\/wp-content\/uploads\/2020\/09\/best_grab_adhesive_strongest.jpg","contentUrl":"https:\/\/adiseal.com\/wp-content\/uploads\/2020\/09\/best_grab_adhesive_strongest.jpg"},{"@type":"BreadcrumbList","@id":"https:\/\/adiseal.com\/blog\/#breadcrumb","itemListElement":[{"@type":"ListItem","position":1,"name":"Home","item":"https:\/\/adiseal.com\/"},{"@type":"ListItem","position":2,"name":"Blog"}]},{"@type":"WebSite","@id":"https:\/\/adiseal.com\/#website","url":"https:\/\/adiseal.com\/","name":"Adiseal","description":"Professional construction products","potentialAction":[{"@type":"SearchAction","target":{"@type":"EntryPoint","urlTemplate":"https:\/\/adiseal.com\/?s={search_term_string}"},"query-input":{"@type":"PropertyValueSpecification","valueRequired":true,"valueName":"search_term_string"}}],"inLanguage":"es"}]}},"_links":{"self":[{"href":"https:\/\/adiseal.com\/es\/wp-json\/wp\/v2\/pages\/145","targetHints":{"allow":["GET"]}}],"collection":[{"href":"https:\/\/adiseal.com\/es\/wp-json\/wp\/v2\/pages"}],"about":[{"href":"https:\/\/adiseal.com\/es\/wp-json\/wp\/v2\/types\/page"}],"author":[{"embeddable":true,"href":"https:\/\/adiseal.com\/es\/wp-json\/wp\/v2\/users\/1"}],"replies":[{"embeddable":true,"href":"https:\/\/adiseal.com\/es\/wp-json\/wp\/v2\/comments?post=145"}],"version-history":[{"count":97,"href":"https:\/\/adiseal.com\/es\/wp-json\/wp\/v2\/pages\/145\/revisions"}],"predecessor-version":[{"id":10025,"href":"https:\/\/adiseal.com\/es\/wp-json\/wp\/v2\/pages\/145\/revisions\/10025"}],"wp:attachment":[{"href":"https:\/\/adiseal.com\/es\/wp-json\/wp\/v2\/media?parent=145"}],"curies":[{"name":"wp","href":"https:\/\/api.w.org\/{rel}","templated":true}]}}